{"id":1150,"date":"2014-12-31T09:55:07","date_gmt":"2014-12-31T08:55:07","guid":{"rendered":"http:\/\/jacnux-server\/?page_id=1150"},"modified":"2025-10-13T13:46:56","modified_gmt":"2025-10-13T12:46:56","slug":"la-belote","status":"publish","type":"page","link":"https:\/\/www.rers-staubindemedoc.fr\/?page_id=1150","title":{"rendered":"Bijoux et Perles"},"content":{"rendered":"<p>ATELIER DIY BIJOUX est une animation cr\u00e9ative autour des perles, la cr\u00e9ation de bijoux dans la convivialit\u00e9 , la bonne humeur et le partage.<\/p>\n<p>L&rsquo;atelier BIJOUX : apprendre les bases de la bijouterie fantaisie. Vous \u00eates invit\u00e9s \u00e0 cr\u00e9er vos propre bijoux.<br \/>\nVous apprendrez \u00e0 utiliser :<\/p>\n<p>\t\u2022\t\tles 3 pinces de base de la bijouterie fantaisie pour certains projets ( boucles oreilles, bracelet et collier avec fermoir )<\/p>\n<p>\t\u2022\tapprentissage du macram\u00e9 simple ou avec insertion perles ( bracelets femme, homme, enfant )<\/p>\n<p>\t\u2022\tconfection de bracelets fil silicone, bijoux de t\u00e9l\u00e9phone, bijoux de sac.<\/p>\n<p>Vous pourrez ainsi confectionner un bijou unique \u00e0 votre image.<\/p>\n<p>Laissez-vous aller \u00e0 votre cr\u00e9ativit\u00e9 et \u00e0 votre imagination pour des bijoux fait main qui vous ressemble avec les couleurs que vous aimez.<\/p>\n<p>Cr\u00e9ez votre propre look avec vos nouveaux bijoux assortis \u00e0 vos tenues.<\/p>\n<p>Je me tiendrais \u00e0 vos c\u00f4t\u00e9s pour vous guider avec ma propre exp\u00e9rience autodidacte et pleine de bonne volont\u00e9.<\/p>\n<p>MATERIEL DE BASE<\/p>\n<p>\t\u2022\t3 PINCES bijouterie ( je mettrais mon mat\u00e9riel \u00e0 disposition pour commencer)<\/p>\n<p>LECLERC CULTURE st m\u00e9dard en jalles<\/p>\n<p>\t\u2022\tFIL SILICONE ( marque APLI 100 m \u2013 5,50 euros )<br \/>\n\t\u2022\tFIL POLYESTER 0.1 mmn-50 m ( marque Graine cr\u00e9ative NOIR ou BEIGE<br \/>\n\t\u2022\tPERLES COULEURS ET PERLES FINES ( marque RAYHER )<\/p>\n<p>ACTION ( suivant arrivages )<\/p>\n<p>\t\u2022\tPERLES HEISHI ( perles silicone boite assortie 1.80 euros )<br \/>\n\t\u2022\tPERLES FANTAISIES pour bracelet enfant entre 2 et 3 euros .<br \/>\n\t\u2022\tPERLES ROCAILLES coffret 30 et 40 couleurs 6 \u00e0 7 euros le coffret .<br \/>\n\t\u2022\tBRELOQUES PENDENTIFS<\/p>\n<p>ALIEXPRESS ( commande via internet)<br \/>\n\t\u2022\tPINCES<br \/>\n\t\u2022\tFIL POLYESTER COULEUR<br \/>\n\t\u2022\tBRELOQUES<br \/>\n\t\u2022\tPERLES ORIGINALES<br \/>\n\t\u2022\tACCESSOIRES FABRICATION ( anneaux, crochets B.O , fermoirs ETC&#8230;<\/p>\n<p>LA DROGUERIE \u2013 BORDEAUX<\/p>\n<p>\t\u2022\tPERLES ET BRELOQUES QUALITATIVES<\/p>\n<p>PROJET PARTICULIER \u2013 CONFECTION D&rsquo;OBJETS POUR ASSOCIATIONS D&rsquo;ENFANTS MALADES.<\/p>\n<p>J&rsquo;aimerai organiser , pour ce projet qui me tient \u00e0 c\u0153ur, 1 atelier une ou deux fois par an ,sur b\u00e9n\u00e9volat ,<br \/>\npour la confection de DOUDOUS et accessoires divers, afin d&rsquo;apporter une contribution \u00e0 une association qui participe chaque ann\u00e9e, en septembre ou octobre \u00e0 une manifestation au profit de diff\u00e9rentes associations pour les enfants malades .<\/p>\n<p>MANIFESTATION BOURG SUR GIRONDE LE 5 ET 6 SEPTEMBRE 2025<br \/>\n\t\u2022\tAssociation ALADIN CHU BORDEAUX<br \/>\n\t\u2022\tAssociation LES BLOUSES ROSES CHU BORDEAUX<br \/>\n\t\u2022\tLa LIGUE CONTRE LE CANCER GIRONDE.<br \/>\n\t\u2022\tLes P&rsquo;TITS DOUDOUS .<\/p>\n","protected":false},"excerpt":{"rendered":"<p>ATELIER DIY BIJOUX est une animation cr\u00e9ative autour des perles, la cr\u00e9ation de bijoux dans la convivialit\u00e9 , la bonne humeur et le partage. L&rsquo;atelier BIJOUX : apprendre les bases de la bijouterie fantaisie. Vous \u00eates invit\u00e9s \u00e0 cr\u00e9er vos propre bijoux. Vous apprendrez \u00e0 utiliser : \u2022 les 3 pinces de base de la [&hellip;]<\/p>\n","protected":false},"author":2,"featured_media":0,"parent":0,"menu_order":0,"comment_status":"open","ping_status":"open","template":"","meta":{"ngg_post_thumbnail":0,"footnotes":"","_links_to":"","_links_to_target":""},"class_list":["post-1150","page","type-page","status-publish","hentry"],"_links":{"self":[{"href":"https:\/\/www.rers-staubindemedoc.fr\/index.php?rest_route=\/wp\/v2\/pages\/1150","targetHints":{"allow":["GET"]}}],"collection":[{"href":"https:\/\/www.rers-staubindemedoc.fr\/index.php?rest_route=\/wp\/v2\/pages"}],"about":[{"href":"https:\/\/www.rers-staubindemedoc.fr\/index.php?rest_route=\/wp\/v2\/types\/page"}],"author":[{"embeddable":true,"href":"https:\/\/www.rers-staubindemedoc.fr\/index.php?rest_route=\/wp\/v2\/users\/2"}],"replies":[{"embeddable":true,"href":"https:\/\/www.rers-staubindemedoc.fr\/index.php?rest_route=%2Fwp%2Fv2%2Fcomments&post=1150"}],"version-history":[{"count":5,"href":"https:\/\/www.rers-staubindemedoc.fr\/index.php?rest_route=\/wp\/v2\/pages\/1150\/revisions"}],"predecessor-version":[{"id":6113,"href":"https:\/\/www.rers-staubindemedoc.fr\/index.php?rest_route=\/wp\/v2\/pages\/1150\/revisions\/6113"}],"wp:attachment":[{"href":"https:\/\/www.rers-staubindemedoc.fr\/index.php?rest_route=%2Fwp%2Fv2%2Fmedia&parent=1150"}],"curies":[{"name":"wp","href":"https:\/\/api.w.org\/{rel}","templated":true}]}}