{"id":193,"date":"2014-01-06T10:25:51","date_gmt":"2014-01-06T09:25:51","guid":{"rendered":"http:\/\/192.241.142.236\/?page_id=193"},"modified":"2022-11-14T11:52:26","modified_gmt":"2022-11-14T10:52:26","slug":"la-couture","status":"publish","type":"page","link":"https:\/\/www.rers-staubindemedoc.fr\/?page_id=193","title":{"rendered":"Atelier Couture"},"content":{"rendered":"<div>&nbsp;<\/div>\n<div>&nbsp;<\/div>\n<div>\n<p align=\"justify\"><span style=\"color: #000000;\"><span style=\"font-family: Arial;\"><span style=\"font-size: medium;\">Utilisation de machine \u00e0 coudre,&nbsp; utilisation et compr\u00e9hension d&rsquo;un patron, relev\u00e9 de patron, choix de tissus et m\u00e9trage en fonction du mod\u00e8le, assemblage,<\/span><\/span><\/span><\/p>\n<p align=\"justify\"><span style=\"color: #000000;\"><span style=\"font-family: Arial;\"><span style=\"font-size: medium;\">Techniques diverses: pose fermetures, boutonni\u00e8res, passepoils, r\u00e9parations.<\/span><\/span><\/span><\/p>\n<p align=\"justify\"><em>Cet atelier est anim\u00e9 par Muriel Lava. Il aura lieu une fois par mois, le mercredi de <strong>17h \u00e0 19h <\/strong>salle Diaz .<br \/>\n<\/em><\/p>\n<\/div>\n","protected":false},"excerpt":{"rendered":"<p>&nbsp; &nbsp; Utilisation de machine \u00e0 coudre,&nbsp; utilisation et compr\u00e9hension d&rsquo;un patron, relev\u00e9 de patron, choix de tissus et m\u00e9trage en fonction du mod\u00e8le, assemblage, Techniques diverses: pose fermetures, boutonni\u00e8res, passepoils, r\u00e9parations. Cet atelier est anim\u00e9 par Muriel Lava. Il aura lieu une fois par mois, le mercredi de 17h \u00e0 19h salle Diaz .<\/p>\n","protected":false},"author":2,"featured_media":0,"parent":0,"menu_order":0,"comment_status":"open","ping_status":"open","template":"","meta":{"ngg_post_thumbnail":0,"footnotes":"","_links_to":"","_links_to_target":""},"class_list":["post-193","page","type-page","status-publish","hentry"],"_links":{"self":[{"href":"https:\/\/www.rers-staubindemedoc.fr\/index.php?rest_route=\/wp\/v2\/pages\/193","targetHints":{"allow":["GET"]}}],"collection":[{"href":"https:\/\/www.rers-staubindemedoc.fr\/index.php?rest_route=\/wp\/v2\/pages"}],"about":[{"href":"https:\/\/www.rers-staubindemedoc.fr\/index.php?rest_route=\/wp\/v2\/types\/page"}],"author":[{"embeddable":true,"href":"https:\/\/www.rers-staubindemedoc.fr\/index.php?rest_route=\/wp\/v2\/users\/2"}],"replies":[{"embeddable":true,"href":"https:\/\/www.rers-staubindemedoc.fr\/index.php?rest_route=%2Fwp%2Fv2%2Fcomments&post=193"}],"version-history":[{"count":7,"href":"https:\/\/www.rers-staubindemedoc.fr\/index.php?rest_route=\/wp\/v2\/pages\/193\/revisions"}],"predecessor-version":[{"id":5068,"href":"https:\/\/www.rers-staubindemedoc.fr\/index.php?rest_route=\/wp\/v2\/pages\/193\/revisions\/5068"}],"wp:attachment":[{"href":"https:\/\/www.rers-staubindemedoc.fr\/index.php?rest_route=%2Fwp%2Fv2%2Fmedia&parent=193"}],"curies":[{"name":"wp","href":"https:\/\/api.w.org\/{rel}","templated":true}]}}