{"id":199,"date":"2013-12-18T18:16:55","date_gmt":"2013-12-18T17:16:55","guid":{"rendered":"http:\/\/192.241.142.236\/?page_id=199"},"modified":"2014-01-19T21:40:20","modified_gmt":"2014-01-19T20:40:20","slug":"le-scrapbooking","status":"publish","type":"page","link":"https:\/\/www.rers-staubindemedoc.fr\/?page_id=199","title":{"rendered":"Le ScrapBooking"},"content":{"rendered":"<style type=\"text\/css\"><!--\n@page { margin: 2cm }\n\t\tP { margin-bottom: 0.21cm }\n--><\/style>\n<p style=\"font-family: Arial,Helvetica,sans-serif; font-size: 14px;\" align=\"JUSTIFY\"><span style=\"font-family: Arial; font-size: medium;\"><span style=\"text-decoration: underline;\"><b>Qu&rsquo;est-ce que le scrapbooking ?<\/b><\/span><\/span><\/p>\n<p style=\"font-family: Arial,Helvetica,sans-serif; font-size: 14px;\" align=\"JUSTIFY\"><span style=\"font-family: Arial; font-size: medium;\">Le scrapbooking terme anglais de\u00a0\u00ab\u00a0scrap\u00a0\u00bb (morceau, bout, reste) et \u00ab\u00a0book\u00a0\u00bb (livre).<\/span><\/p>\n<p style=\"font-family: Arial,Helvetica,sans-serif; font-size: 14px;\" align=\"JUSTIFY\"><span style=\"font-family: Arial; font-size: medium;\">Il s&rsquo;agit d&rsquo;une technique cr\u00e9ative compl\u00e8te, tr\u00e8s personnelle. Le scrapbooking, est une forme de loisir cr\u00e9atif consistant \u00e0 <b>introduire des photographies dans un d\u00e9cor<\/b> en rapport avec le th\u00e8me abord\u00e9, dans le but de les mettre en valeur par une <b>pr\u00e9sentation plus esth\u00e9tique<\/b> qu&rsquo;un simple album photo. Pour cela, de nombreuses techniques de scrapbooking existent. Les pratiquants et adeptes de cette pratique s&rsquo;appellent des \u00ab\u00a0scrapeurs\u00a0\u00bb et \u00ab\u00a0scrapeuses\u00a0\u00bb.<\/span><\/p>\n<p style=\"font-family: Arial,Helvetica,sans-serif; font-size: 14px;\" align=\"JUSTIFY\"><span style=\"font-family: Arial; font-size: medium;\">Le format habituel d&rsquo;une page de scrapbooking est de 30 x 30 cm. Toutefois, tous les formats de page et d&rsquo;album sont autoris\u00e9s au gr\u00e9 de l&rsquo;imagination et du mat\u00e9riel \u00e0 la disposition de chacun. Une page comporte g\u00e9n\u00e9ralement un titre, un journaline, la date et le nom des personnes pr\u00e9sentes sur les photos.<\/span><\/p>\n<p style=\"font-family: Arial,Helvetica,sans-serif; font-size: 14px;\" align=\"JUSTIFY\"><span style=\"font-family: Arial; font-size: medium;\">Le scrapbooking est \u00e0 la fois un loisir cr\u00e9atif, une forme d&rsquo;art d\u00e9coratif, et l&rsquo;occasion de coucher sur le papier, au travers des photos et des commentaires, l&rsquo;histoire d&rsquo;une famille. C&rsquo;est une fa\u00e7on comme une autre de pratiquer le bricolage de mani\u00e8re joviale et \u00e9panouissante.<\/span><\/p>\n<p style=\"font-family: Arial,Helvetica,sans-serif; font-size: 14px;\" align=\"JUSTIFY\"><span style=\"font-family: Arial; font-size: medium;\">D\u2019autre part la cr\u00e9ation\u00a0de cartes utilise les m\u00eames qualit\u00e9s, sans obligation de mettre des photos.<\/span><\/p>\n<p align=\"JUSTIFY\">\n","protected":false},"excerpt":{"rendered":"<p>Qu&rsquo;est-ce que le scrapbooking ? Le scrapbooking terme anglais de\u00a0\u00ab\u00a0scrap\u00a0\u00bb (morceau, bout, reste) et \u00ab\u00a0book\u00a0\u00bb (livre). Il s&rsquo;agit d&rsquo;une technique cr\u00e9ative compl\u00e8te, tr\u00e8s personnelle. Le scrapbooking, est une forme de loisir cr\u00e9atif consistant \u00e0 introduire des photographies dans un d\u00e9cor en rapport avec le th\u00e8me abord\u00e9, dans le but de les mettre en valeur par [&hellip;]<\/p>\n","protected":false},"author":2,"featured_media":0,"parent":0,"menu_order":0,"comment_status":"open","ping_status":"open","template":"","meta":{"ngg_post_thumbnail":0,"footnotes":"","_links_to":"","_links_to_target":""},"class_list":["post-199","page","type-page","status-publish","hentry"],"_links":{"self":[{"href":"https:\/\/www.rers-staubindemedoc.fr\/index.php?rest_route=\/wp\/v2\/pages\/199","targetHints":{"allow":["GET"]}}],"collection":[{"href":"https:\/\/www.rers-staubindemedoc.fr\/index.php?rest_route=\/wp\/v2\/pages"}],"about":[{"href":"https:\/\/www.rers-staubindemedoc.fr\/index.php?rest_route=\/wp\/v2\/types\/page"}],"author":[{"embeddable":true,"href":"https:\/\/www.rers-staubindemedoc.fr\/index.php?rest_route=\/wp\/v2\/users\/2"}],"replies":[{"embeddable":true,"href":"https:\/\/www.rers-staubindemedoc.fr\/index.php?rest_route=%2Fwp%2Fv2%2Fcomments&post=199"}],"version-history":[{"count":6,"href":"https:\/\/www.rers-staubindemedoc.fr\/index.php?rest_route=\/wp\/v2\/pages\/199\/revisions"}],"predecessor-version":[{"id":443,"href":"https:\/\/www.rers-staubindemedoc.fr\/index.php?rest_route=\/wp\/v2\/pages\/199\/revisions\/443"}],"wp:attachment":[{"href":"https:\/\/www.rers-staubindemedoc.fr\/index.php?rest_route=%2Fwp%2Fv2%2Fmedia&parent=199"}],"curies":[{"name":"wp","href":"https:\/\/api.w.org\/{rel}","templated":true}]}}