{"id":2,"date":"2013-12-01T20:51:54","date_gmt":"2013-12-01T20:51:54","guid":{"rendered":"http:\/\/192.241.142.236\/?page_id=2"},"modified":"2025-09-12T21:04:41","modified_gmt":"2025-09-12T20:04:41","slug":"sample-page","status":"publish","type":"page","link":"https:\/\/www.rers-staubindemedoc.fr\/?page_id=2","title":{"rendered":"Contact, le mot du pr\u00e9sident."},"content":{"rendered":"<table border=\"1\" align=\"left\">\n<tbody>\n<tr style=\"background-color: #f5deb3;\">\n<td>\n<p align=\"JUSTIFY\"><span style=\"font-size: medium;\">\u201c&nbsp;<i>L&rsquo;un des objectifs essentiels des R\u00e9seaux est que chacun prenne conscience qu&rsquo;il a des savoirs, bien que la soci\u00e9t\u00e9 ne sache pastoujours les reconna\u00eetre et les prendre en compte&nbsp;<\/i>\u201d<\/span><\/p>\n<p align=\"JUSTIFY\"><span style=\"font-size: medium;\">(H\u00e9ber-Suffrin, 1993).<\/span><\/p>\n<\/td>\n<\/tr>\n<\/tbody>\n<\/table>\n<p align=\"CENTER\"><span style=\"font-family: Arial, sans-serif;\"><span style=\"font-size: large;\"><b>Pour apprendre et transmettre \u2026 Echangeons nos savoirs&nbsp;!<\/b><\/span><\/span><\/p>\n<p align=\"JUSTIFY\"><span style=\"font-family: Arial, sans-serif;\"><span style=\"font-size: large;\">En 1971, Claire et Marc H\u00e9ber-Suffrin vivent \u00e0 Orly o\u00f9 elle est enseignante. Soucieuse de la r\u00e9ussite de ses \u00e9l\u00e8ves, elle met en place le premier \u00e9change de savoirs au sein de sa classe. <\/span><\/span><\/p>\n<p align=\"JUSTIFY\"><span style=\"font-family: Arial, sans-serif;\"><span style=\"font-size: large;\">Aujourd\u2019hui, Claire et Marc parcourent le monde pour diffuser leur id\u00e9e.<\/span><\/span><\/p>\n<p align=\"JUSTIFY\"><strong><span style=\"font-family: Arial, sans-serif;\"><span style=\"font-size: large;\">Quelle est cette id\u00e9e, \u00e0 l\u2019heure de l\u2019\u00e9conomie collaborative&nbsp;? <\/span><\/span><\/strong><\/p>\n<p align=\"JUSTIFY\"><strong><span style=\"font-family: Arial, sans-serif;\"><span style=\"font-size: large;\">Nous poss\u00e9dons tous des savoirs (appris lors de nos \u00e9tudes ou par le biais de l\u2019exp\u00e9rience) \u00e0 transmettre, dans le cadre d\u2019un \u00e9change d\u00e9mon\u00e9tis\u00e9.<\/span><\/span><\/strong><\/p>\n<p align=\"JUSTIFY\"><strong><span style=\"font-family: Arial, sans-serif;\"><span style=\"font-size: large;\">Avec une valeur fondamentale, la RECIPROCITE. <\/span><\/span><\/strong><span style=\"font-family: Arial, sans-serif;\"><span style=\"font-size: large;\"> Car en \u00e9tant apprenant puis transmetteur, chacun r\u00e9interroge sa fa\u00e7on de vivre et apprend \u00e0 apprendre. <\/span><\/span><\/p>\n<p align=\"JUSTIFY\"><strong><span style=\"font-family: Arial, sans-serif;\"><span style=\"font-size: large;\">Pour expliquer le fonctionnement<\/span><\/span><\/strong><strong><span style=\"font-family: Arial, sans-serif;\"><span style=\"font-size: large;\"> de notre R\u00e9seau, reprenons les propos de Claire tenus lors d\u2019une interview r\u00e9cente : \u00ab&nbsp;<\/span><\/span><\/strong><span style=\"font-family: 'Courier New', monospace;\"><span style=\"font-size: large;\">Chaque personne int\u00e9ress\u00e9e adh\u00e8re au r\u00e9seau et formule d\u00e8s lors une offre et une demande de savoirs. Elles sont rendues visibles sur les supports utilis\u00e9es par le RERS (affichages, journal du r\u00e9seau, pr\u00e9sentation lors de rencontres, etc.). Lorsque des offres et demandes semblent correspondre, offreurs et demandeurs sont mis en lien avec la pr\u00e9sence d&rsquo;un tiers qui va faciliter cette premi\u00e8re rencontre. Pendant la mise en relation, les offreurs commencent par \u00e9couter les demandeurs formuler leurs attentes en termes de contenu ; puis les demandeurs, \u00e0 leur tour, \u00e9coutent les offreurs pr\u00e9senter ce qu&rsquo;ils peuvent transmettre. Ils r\u00e9ajustent alors, si besoin, leurs offres et demandes (ils peuvent aussi constater qu&rsquo;elles ne se correspondent pas et en rester l\u00e0). Puis ils discutent des m\u00e9thodes, des outils, et de toutes les modalit\u00e9s des apprentissages : lieu, jour, heure, fr\u00e9quence, moments pour faire le point, etc. Lorsque les \u00e9changes ont eu lieu, la d\u00e9marche est \u00e9valu\u00e9e lors de rencontres avec d\u2019autres membres afin que les participants puissent r\u00e9fl\u00e9chir, avec des participants d\u2019\u2019autres \u00e9changes, aux m\u00e9thodes, aux difficult\u00e9s et facilitations, etc. En g\u00e9n\u00e9ral, les RERS proposent \u00e9galement des temps conviviaux o\u00f9 les participants peuvent faire connaissance, pr\u00e9parer un \u00e9v\u00e9nement festif, une assembl\u00e9e g\u00e9n\u00e9rale, des petits d\u00e9jeuner pour faire le point, etc. Enfin, les RERS sont souvent partenaires d\u2019autres associations. Et ils se relient entre eux par des inter-r\u00e9seaux<\/span><\/span><span style=\"font-family: Arial, sans-serif;\"><span style=\"font-size: large;\">.\u00bb(Claire H.S)<\/span><\/span><\/p>\n<p align=\"JUSTIFY\"><span style=\"font-family: Arial, sans-serif;\"><span style=\"font-size: large;\">Pour apprendre ou retrouver l\u2019envie d\u2019apprendre, apprendre aux autres, cr\u00e9er du lien, faciliter les rencontres, n\u2019h\u00e9sitez pas \u00e0 venir nous rencontrer lors de nos permanences, le mardi \u00e0 18 heures (sauf vacances scolaires), salle Diaz \u00e0 St Aubin de M\u00e9doc.<\/span><\/span><\/p>\n<p align=\"JUSTIFY\"><span style=\"font-family: Arial, sans-serif;\"><span style=\"font-size: large;\">Mail&nbsp;: <a href=\"_wp_link_placeholder\" data-wplink-edit=\"true\">rers-saintaubindemedoc@protonmail.com<\/a><\/span><\/span><\/p>\n<p align=\"CENTER\"><span style=\"font-family: 'Script MT Bold', cursive;\"><span style=\"font-size: large;\">\u00ab On a tous quelque chose \u00e0 apprendre, on a tous quelque chose \u00e0 donner. \u00bb<\/span><\/span><\/p>\n\n","protected":false},"excerpt":{"rendered":"<p>\u201c&nbsp;L&rsquo;un des objectifs essentiels des R\u00e9seaux est que chacun prenne conscience qu&rsquo;il a des savoirs, bien que la soci\u00e9t\u00e9 ne sache pastoujours les reconna\u00eetre et les prendre en compte&nbsp;\u201d (H\u00e9ber-Suffrin, 1993). Pour apprendre et transmettre \u2026 Echangeons nos savoirs&nbsp;! En 1971, Claire et Marc H\u00e9ber-Suffrin vivent \u00e0 Orly o\u00f9 elle est enseignante. Soucieuse de la [&hellip;]<\/p>\n","protected":false},"author":2,"featured_media":0,"parent":0,"menu_order":0,"comment_status":"open","ping_status":"open","template":"","meta":{"ngg_post_thumbnail":0,"footnotes":"","_links_to":"","_links_to_target":""},"class_list":["post-2","page","type-page","status-publish","hentry"],"_links":{"self":[{"href":"https:\/\/www.rers-staubindemedoc.fr\/index.php?rest_route=\/wp\/v2\/pages\/2","targetHints":{"allow":["GET"]}}],"collection":[{"href":"https:\/\/www.rers-staubindemedoc.fr\/index.php?rest_route=\/wp\/v2\/pages"}],"about":[{"href":"https:\/\/www.rers-staubindemedoc.fr\/index.php?rest_route=\/wp\/v2\/types\/page"}],"author":[{"embeddable":true,"href":"https:\/\/www.rers-staubindemedoc.fr\/index.php?rest_route=\/wp\/v2\/users\/2"}],"replies":[{"embeddable":true,"href":"https:\/\/www.rers-staubindemedoc.fr\/index.php?rest_route=%2Fwp%2Fv2%2Fcomments&post=2"}],"version-history":[{"count":8,"href":"https:\/\/www.rers-staubindemedoc.fr\/index.php?rest_route=\/wp\/v2\/pages\/2\/revisions"}],"predecessor-version":[{"id":6065,"href":"https:\/\/www.rers-staubindemedoc.fr\/index.php?rest_route=\/wp\/v2\/pages\/2\/revisions\/6065"}],"wp:attachment":[{"href":"https:\/\/www.rers-staubindemedoc.fr\/index.php?rest_route=%2Fwp%2Fv2%2Fmedia&parent=2"}],"curies":[{"name":"wp","href":"https:\/\/api.w.org\/{rel}","templated":true}]}}