{"id":202,"date":"2013-12-18T18:17:14","date_gmt":"2013-12-18T17:17:14","guid":{"rendered":"http:\/\/192.241.142.236\/?page_id=202"},"modified":"2025-10-13T13:48:05","modified_gmt":"2025-10-13T12:48:05","slug":"le-yoga","status":"publish","type":"page","link":"https:\/\/www.rers-staubindemedoc.fr\/?page_id=202","title":{"rendered":"Yoga"},"content":{"rendered":"<p>UNE NOUVELLE ACTIVITE AU RESEAU<br \/>\nCOUP DE PROJECTEUR SUR UNE JEUNE BENEVOLE MATHILDE POITEVIN<\/p>\n<p>Une jeune b\u00e9n\u00e9vole anime, avec brio et dynamisme, des s\u00e9ances de yoga b\u00e9n\u00e9volement au sein du R\u00e9seau de Saint-Aubin de M\u00e9doc, au rythme de la douceur, de la s\u00e9r\u00e9nit\u00e9, de la d\u00e9tente et de la bonne humeur !<br \/>\nAu-del\u00e0 de l\u2019aspect physique, ses s\u00e9ances sont de v\u00e9ritables parenth\u00e8ses de bien-\u00eatre. Elles permettent aux participants de se reconnecter \u00e0 eux-m\u00eames, de gagner en confiance et de<br \/>\nretrouver un \u00e9quilibre souvent malmen\u00e9 par la vie quotidienne. Son engagement ne passe pas inaper\u00e7u. Les retours du groupe de 10 personnes du R\u00e9seau sont unanimes : Mathilde est bien plus qu\u2019un professeur, elle est une pr\u00e9sence lumineuse, un soutien, une source d\u2019inspiration.<br \/>\nMathilde POITEVIN, jeune chef d\u2019entreprise Saint-Aubinoise, dans le domaine du bien-\u00eatre, vous apporte avec bienveillance autour de la mobilit\u00e9 et de la compr\u00e9hension du corps, des conseils d\u2019accompagnement individuel ou en groupe.<br \/>\nA titre personnel, si vous \u00eates int\u00e9ress\u00e9s par des cours individuels ou collectifs, vous pouvez la contacter https:\/\/www.mathilde-chakra-m.com\/<\/p>\n","protected":false},"excerpt":{"rendered":"<p>UNE NOUVELLE ACTIVITE AU RESEAU COUP DE PROJECTEUR SUR UNE JEUNE BENEVOLE MATHILDE POITEVIN Une jeune b\u00e9n\u00e9vole anime, avec brio et dynamisme, des s\u00e9ances de yoga b\u00e9n\u00e9volement au sein du R\u00e9seau de Saint-Aubin de M\u00e9doc, au rythme de la douceur, de la s\u00e9r\u00e9nit\u00e9, de la d\u00e9tente et de la bonne humeur ! Au-del\u00e0 de l\u2019aspect [&hellip;]<\/p>\n","protected":false},"author":2,"featured_media":0,"parent":0,"menu_order":0,"comment_status":"open","ping_status":"open","template":"","meta":{"ngg_post_thumbnail":0,"footnotes":"","_links_to":"","_links_to_target":""},"class_list":["post-202","page","type-page","status-publish","hentry"],"_links":{"self":[{"href":"https:\/\/www.rers-staubindemedoc.fr\/index.php?rest_route=\/wp\/v2\/pages\/202","targetHints":{"allow":["GET"]}}],"collection":[{"href":"https:\/\/www.rers-staubindemedoc.fr\/index.php?rest_route=\/wp\/v2\/pages"}],"about":[{"href":"https:\/\/www.rers-staubindemedoc.fr\/index.php?rest_route=\/wp\/v2\/types\/page"}],"author":[{"embeddable":true,"href":"https:\/\/www.rers-staubindemedoc.fr\/index.php?rest_route=\/wp\/v2\/users\/2"}],"replies":[{"embeddable":true,"href":"https:\/\/www.rers-staubindemedoc.fr\/index.php?rest_route=%2Fwp%2Fv2%2Fcomments&post=202"}],"version-history":[{"count":4,"href":"https:\/\/www.rers-staubindemedoc.fr\/index.php?rest_route=\/wp\/v2\/pages\/202\/revisions"}],"predecessor-version":[{"id":6114,"href":"https:\/\/www.rers-staubindemedoc.fr\/index.php?rest_route=\/wp\/v2\/pages\/202\/revisions\/6114"}],"wp:attachment":[{"href":"https:\/\/www.rers-staubindemedoc.fr\/index.php?rest_route=%2Fwp%2Fv2%2Fmedia&parent=202"}],"curies":[{"name":"wp","href":"https:\/\/api.w.org\/{rel}","templated":true}]}}