{"id":208,"date":"2013-12-18T18:15:56","date_gmt":"2013-12-18T17:15:56","guid":{"rendered":"http:\/\/192.241.142.236\/?page_id=208"},"modified":"2020-01-24T16:36:00","modified_gmt":"2020-01-24T15:36:00","slug":"les-mots-ont-la-parole","status":"publish","type":"page","link":"https:\/\/www.rers-staubindemedoc.fr\/?page_id=208","title":{"rendered":"LES MOTS ONT LA PAROLE"},"content":{"rendered":"<p><em>Encore des mots, toujours des mots et \u00e7a continue encore et encore\u2026<\/em><br \/>\n<em> l\u2019imagination foisonne \u00e0 l\u2019atelier \u00ab\u00a0les mots ont la parole\u201d<\/em><br \/>\n<em> Pour cette 12\u00e8me saison, nous avons d\u00e9cid\u00e9 unanimement de po\u00e9tiser quelques \u0153uvres de l\u2019atelier floral et de fureter \u00e0 travers des \u0153uvres illustres pour leur donner une suite et une chute contemporaines.<\/em><br \/>\n<em> Vous \u00eates les bienvenus<\/em><br \/>\n<em> Alors affuter vos neurones !<\/em><br \/>\n<em> Anita et Cie.<\/em><\/p>\n<p>&nbsp;<\/p>\n<p>Vous trouverez les textes ici des diff\u00e9rentes saisons :<\/p>\n<p style=\"text-align: center;\"><a href=\"https:\/\/rers-staubin-cloud.fr\/s\/2VNUI4GbkptxVt9\"><span style=\"color: #0000ff;\"><span style=\"color: #0000ff;\">2009<\/span><\/span><\/a><\/p>\n<p style=\"text-align: center;\"><a href=\"https:\/\/rers-staubin-cloud.fr\/s\/rxcbMAxkku6CRaM\"><span style=\"color: #0000ff;\"><span style=\"color: #0000ff;\">2010<\/span><\/span><\/a><\/p>\n<p style=\"text-align: center;\"><a href=\"https:\/\/rers-staubin-cloud.fr\/s\/WASAZNsiVlUcIsh\"><span style=\"color: #0000ff;\"><span style=\"color: #0000ff;\">2011<\/span><\/span><\/a><\/p>\n<p style=\"text-align: center;\"><a href=\"https:\/\/rers-staubin-cloud.fr\/s\/NK9AGKVj1w2iQCz\"><span style=\"color: #0000ff;\"><span style=\"color: #0000ff;\">2012<\/span><\/span><\/a><\/p>\n<p style=\"text-align: center;\"><a href=\"https:\/\/rers-staubin-cloud.fr\/s\/f7D7h6d8sl0mT7Q\"><span style=\"color: #0000ff;\"><span style=\"color: #0000ff;\">2013<\/span><\/span><\/a><\/p>\n<p style=\"text-align: center;\"><a href=\"https:\/\/rers-staubin-cloud.fr\/s\/5pmtr2XtOQ7qdpw\"><span style=\"color: #0000ff;\"><span style=\"color: #0000ff;\">2014<\/span><\/span><\/a><\/p>\n<p style=\"text-align: center;\"><a href=\"https:\/\/rers-staubin-cloud.fr\/s\/fas7amtMFLAV31g\"><span style=\"color: #0000ff;\"><span style=\"color: #0000ff;\">2015<\/span><\/span><\/a><\/p>\n<p style=\"text-align: center;\"><span style=\"color: #0000ff;\"><a style=\"color: #0000ff;\" href=\"https:\/\/rers-staubin-cloud.fr\/s\/QK02PMTiSxptkUf\">2016<\/a><\/span><\/p>\n<p style=\"text-align: center;\"><a href=\"https:\/\/rers-staubin-cloud.fr\/s\/Tsem8zlw53DmdsO\"><span style=\"color: #0000ff;\">2017<\/span><\/a><\/p>\n<p style=\"text-align: center;\"><span style=\"color: #0000ff;\"><a style=\"color: #0000ff;\" href=\"https:\/\/rers-staubin-cloud.fr\/s\/8EalNO6U4aVrx3M\">2018<\/a><\/span><\/p>\n<p style=\"text-align: center;\"><span style=\"color: #0000ff;\"><a style=\"color: #0000ff;\" href=\"http:\/\/rers-staubindemedoc.fr\/?attachment_id=3498\" rel=\"attachment wp-att-3498\">D\u00e9fi 2018 des trois ateliers<\/a><\/span><\/p>\n<p style=\"text-align: center;\"><span style=\"color: #0000ff;\"><a style=\"color: #0000ff;\" href=\"https:\/\/rers-staubin-cloud.fr\/s\/ZjremDb1jUiKY41\">2019<\/a><\/span><\/p>\n<p style=\"text-align: center;\"><span style=\"color: #0000ff;\"><a style=\"color: #0000ff;\" href=\"https:\/\/rers-staubin-cloud.fr\/s\/o0gqc0NdWUX4EJw\">2020<\/a><\/span><\/p>\n","protected":false},"excerpt":{"rendered":"<p>Encore des mots, toujours des mots et \u00e7a continue encore et encore\u2026 l\u2019imagination foisonne \u00e0 l\u2019atelier \u00ab\u00a0les mots ont la parole\u201d Pour cette 12\u00e8me saison, nous avons d\u00e9cid\u00e9 unanimement de po\u00e9tiser quelques \u0153uvres de l\u2019atelier floral et de fureter \u00e0 travers des \u0153uvres illustres pour leur donner une suite et une chute contemporaines. Vous \u00eates [&hellip;]<\/p>\n","protected":false},"author":2,"featured_media":0,"parent":0,"menu_order":0,"comment_status":"open","ping_status":"open","template":"","meta":{"ngg_post_thumbnail":0,"footnotes":"","_links_to":"","_links_to_target":""},"class_list":["post-208","page","type-page","status-publish","hentry"],"_links":{"self":[{"href":"https:\/\/www.rers-staubindemedoc.fr\/index.php?rest_route=\/wp\/v2\/pages\/208","targetHints":{"allow":["GET"]}}],"collection":[{"href":"https:\/\/www.rers-staubindemedoc.fr\/index.php?rest_route=\/wp\/v2\/pages"}],"about":[{"href":"https:\/\/www.rers-staubindemedoc.fr\/index.php?rest_route=\/wp\/v2\/types\/page"}],"author":[{"embeddable":true,"href":"https:\/\/www.rers-staubindemedoc.fr\/index.php?rest_route=\/wp\/v2\/users\/2"}],"replies":[{"embeddable":true,"href":"https:\/\/www.rers-staubindemedoc.fr\/index.php?rest_route=%2Fwp%2Fv2%2Fcomments&post=208"}],"version-history":[{"count":24,"href":"https:\/\/www.rers-staubindemedoc.fr\/index.php?rest_route=\/wp\/v2\/pages\/208\/revisions"}],"predecessor-version":[{"id":3888,"href":"https:\/\/www.rers-staubindemedoc.fr\/index.php?rest_route=\/wp\/v2\/pages\/208\/revisions\/3888"}],"wp:attachment":[{"href":"https:\/\/www.rers-staubindemedoc.fr\/index.php?rest_route=%2Fwp%2Fv2%2Fmedia&parent=208"}],"curies":[{"name":"wp","href":"https:\/\/api.w.org\/{rel}","templated":true}]}}