{"id":280,"date":"2013-12-18T21:24:12","date_gmt":"2013-12-18T20:24:12","guid":{"rendered":"http:\/\/192.241.142.236\/?page_id=280"},"modified":"2014-01-13T11:02:34","modified_gmt":"2014-01-13T10:02:34","slug":"aide","status":"publish","type":"page","link":"https:\/\/www.rers-staubindemedoc.fr\/?page_id=280","title":{"rendered":"Aide"},"content":{"rendered":"<p>&nbsp;<\/p>\n<ul>\n<li style=\"font-family: Arial, Helvetica, sans-serif;\"><span style=\"font-size: medium;\"><a href=\"http:\/\/rers-staubindemedoc.fr\/?page_id=324\">Comment \u00e9crire un commentaire ?<\/a><\/span><\/li>\n<li style=\"font-family: Arial, Helvetica, sans-serif;\"><span style=\"font-size: medium;\"><a href=\"http:\/\/rers-staubindemedoc.fr\/?page_id=335 \">Comment \u00eatre enregistr\u00e9 en tant qu&rsquo;utilisateur ?<\/a><\/span><\/li>\n<li style=\"font-family: Arial, Helvetica, sans-serif;\"><span style=\"font-size: medium;\"><a href=\"http:\/\/rers-staubindemedoc.fr\/?page_id=389 \">Comment envoyer une photo ?<\/a><\/span><\/li>\n<li style=\"font-family: Arial, Helvetica, sans-serif;\"><span style=\"font-size: medium;\"><a href=\"http:\/\/rers-staubindemedoc.fr\/?page_id=337 \">Comment \u00e9crire un article ?<\/a><\/span><\/li>\n<li style=\"font-family: Arial, Helvetica, sans-serif;\"><span style=\"font-size: medium;\"><a href=\"http:\/\/rers-staubindemedoc.fr\/?page_id=345 \">Comment cr\u00e9er une page ?<\/a><\/span><\/li>\n<li style=\"font-family: Arial, Helvetica, sans-serif;\"><span style=\"font-size: medium;\"><a href=\"http:\/\/rers-staubindemedoc.fr\/?page_id=347 \">Comment cr\u00e9er une galerie ?<\/a><\/span><\/li>\n<\/ul>\n","protected":false},"excerpt":{"rendered":"<p>&nbsp; Comment \u00e9crire un commentaire ? Comment \u00eatre enregistr\u00e9 en tant qu&rsquo;utilisateur ? Comment envoyer une photo ? Comment \u00e9crire un article ? Comment cr\u00e9er une page ? Comment cr\u00e9er une galerie ?<\/p>\n","protected":false},"author":2,"featured_media":0,"parent":0,"menu_order":0,"comment_status":"open","ping_status":"open","template":"","meta":{"ngg_post_thumbnail":0,"footnotes":"","_links_to":"","_links_to_target":""},"class_list":["post-280","page","type-page","status-publish","hentry"],"_links":{"self":[{"href":"https:\/\/www.rers-staubindemedoc.fr\/index.php?rest_route=\/wp\/v2\/pages\/280","targetHints":{"allow":["GET"]}}],"collection":[{"href":"https:\/\/www.rers-staubindemedoc.fr\/index.php?rest_route=\/wp\/v2\/pages"}],"about":[{"href":"https:\/\/www.rers-staubindemedoc.fr\/index.php?rest_route=\/wp\/v2\/types\/page"}],"author":[{"embeddable":true,"href":"https:\/\/www.rers-staubindemedoc.fr\/index.php?rest_route=\/wp\/v2\/users\/2"}],"replies":[{"embeddable":true,"href":"https:\/\/www.rers-staubindemedoc.fr\/index.php?rest_route=%2Fwp%2Fv2%2Fcomments&post=280"}],"version-history":[{"count":13,"href":"https:\/\/www.rers-staubindemedoc.fr\/index.php?rest_route=\/wp\/v2\/pages\/280\/revisions"}],"predecessor-version":[{"id":429,"href":"https:\/\/www.rers-staubindemedoc.fr\/index.php?rest_route=\/wp\/v2\/pages\/280\/revisions\/429"}],"wp:attachment":[{"href":"https:\/\/www.rers-staubindemedoc.fr\/index.php?rest_route=%2Fwp%2Fv2%2Fmedia&parent=280"}],"curies":[{"name":"wp","href":"https:\/\/api.w.org\/{rel}","templated":true}]}}