{"id":2855,"date":"2018-01-08T11:13:49","date_gmt":"2018-01-08T10:13:49","guid":{"rendered":"http:\/\/jacnux-server\/?page_id=2855"},"modified":"2018-01-08T16:16:04","modified_gmt":"2018-01-08T15:16:04","slug":"recettes-a-partager","status":"publish","type":"page","link":"https:\/\/www.rers-staubindemedoc.fr\/?page_id=2855","title":{"rendered":"Recettes \u00e0 partager &#8230;"},"content":{"rendered":"<p>.<\/p>\n<ul>\n<li><span style=\"color: #0000ff;\">&nbsp;<a style=\"color: #0000ff;\" href=\"http:\/\/rers-staubindemedoc.fr\/?p=2285\">R\u00f4ti farci aux fruits secs<\/a><\/span><\/li>\n<li><span style=\"color: #0000ff;\">&nbsp;<a style=\"color: #0000ff;\" href=\"http:\/\/rers-staubindemedoc.fr\/?p=2159\">Broy\u00e9 Poitevin<\/a><\/span><\/li>\n<li>&nbsp;<a href=\"http:\/\/rers-staubindemedoc.fr\/?p=2008\"><span style=\"color: #0000ff;\">Amareti<\/span><\/a><\/li>\n<li>&nbsp;<span style=\"color: #0000ff;\"><a style=\"color: #0000ff;\" href=\"http:\/\/rers-staubindemedoc.fr\/?p=1922\">G\u00e2teau au chocolat<\/a><\/span><\/li>\n<\/ul>\n<p><em>Si vous souhaitez partager une de vos recettes, envoyez-la \u00e0 Jac qui la publiera sur le blog.<\/em><\/p>\n","protected":false},"excerpt":{"rendered":"<p>. &nbsp;R\u00f4ti farci aux fruits secs &nbsp;Broy\u00e9 Poitevin &nbsp;Amareti &nbsp;G\u00e2teau au chocolat Si vous souhaitez partager une de vos recettes, envoyez-la \u00e0 Jac qui la publiera sur le blog.<\/p>\n","protected":false},"author":2,"featured_media":0,"parent":0,"menu_order":0,"comment_status":"closed","ping_status":"closed","template":"","meta":{"ngg_post_thumbnail":0,"footnotes":"","_links_to":"","_links_to_target":""},"class_list":["post-2855","page","type-page","status-publish","hentry"],"_links":{"self":[{"href":"https:\/\/www.rers-staubindemedoc.fr\/index.php?rest_route=\/wp\/v2\/pages\/2855","targetHints":{"allow":["GET"]}}],"collection":[{"href":"https:\/\/www.rers-staubindemedoc.fr\/index.php?rest_route=\/wp\/v2\/pages"}],"about":[{"href":"https:\/\/www.rers-staubindemedoc.fr\/index.php?rest_route=\/wp\/v2\/types\/page"}],"author":[{"embeddable":true,"href":"https:\/\/www.rers-staubindemedoc.fr\/index.php?rest_route=\/wp\/v2\/users\/2"}],"replies":[{"embeddable":true,"href":"https:\/\/www.rers-staubindemedoc.fr\/index.php?rest_route=%2Fwp%2Fv2%2Fcomments&post=2855"}],"version-history":[{"count":6,"href":"https:\/\/www.rers-staubindemedoc.fr\/index.php?rest_route=\/wp\/v2\/pages\/2855\/revisions"}],"predecessor-version":[{"id":2925,"href":"https:\/\/www.rers-staubindemedoc.fr\/index.php?rest_route=\/wp\/v2\/pages\/2855\/revisions\/2925"}],"wp:attachment":[{"href":"https:\/\/www.rers-staubindemedoc.fr\/index.php?rest_route=%2Fwp%2Fv2%2Fmedia&parent=2855"}],"curies":[{"name":"wp","href":"https:\/\/api.w.org\/{rel}","templated":true}]}}