{"id":2891,"date":"2018-01-08T13:29:30","date_gmt":"2018-01-08T12:29:30","guid":{"rendered":"http:\/\/jacnux-server\/?page_id=2891"},"modified":"2022-11-14T13:22:26","modified_gmt":"2022-11-14T12:22:26","slug":"jeux-de-droles","status":"publish","type":"page","link":"https:\/\/www.rers-staubindemedoc.fr\/?page_id=2891","title":{"rendered":"Jeux de Dr\u00f4les"},"content":{"rendered":"<p align=\"center\"><span style=\"color: #9437ff;\"><span style=\"font-family: Arial;\"><span style=\"font-size: large;\"><b>un Atelier bas\u00e9 sur le jeu et le rire !<\/b><\/span><\/span><\/span><\/p>\n<p align=\"justify\"><span style=\"color: #011993;\"><span style=\"font-family: Arial;\"><span style=\"font-size: large;\">Jouer permet de s\u2019oublier et se d\u00e9passer, d\u2019\u00eatre plus cr\u00e9atif, plus heureux et plus performant, mais emp\u00eache aussi\u2026 de vieillir !&nbsp;<\/span><\/span><\/span><\/p>\n<p align=\"justify\"><span style=\"color: #011993;\"><span style=\"font-family: Arial;\"><span style=\"font-size: large;\">Ceux qui restent jeunes sont ceux qui gardent l\u2019aptitude \u00e0 jouer. D\u00e8s que l\u2019on cesse d\u2019avoir du plaisir \u00e0 jouer, on vieillit\u2026.<\/span><\/span><\/span><\/p>\n<p align=\"justify\"><span style=\"color: #0433ff;\"><span style=\"font-family: Arial;\"><span style=\"font-size: large;\">Les jeux bas\u00e9s sur le d\u00e9guisement et l\u2019interpr\u00e9tation seront nos pr\u00e9f\u00e9r\u00e9s ici : mimes,&nbsp; jeux de r\u00f4le grandeur nature ou sur plateau, th\u00e9\u00e2tre, devinettes etc \u2026 permettent paradoxalement, de se d\u00e9pouiller temporairement de sa personnalit\u00e9 pour en adopter une autre et ainsi de lib\u00e9rer sa v\u00e9ritable personnalit\u00e9.<\/span><\/span><\/span><\/p>\n<p align=\"justify\"><span style=\"color: #9437ff;\"><span style=\"font-family: Arial;\"><span style=\"font-size: large;\">Tout ces jeux seront \u00e9videmment ponctu\u00e9s de rire qui, d\u2019un point de vue bio-chimique et neurophysique, repr\u00e9sente un antidouleur d\u00e9pourvu d&rsquo;effets secondaires !<\/span><\/span><\/span><\/p>\n<p align=\"justify\"><span style=\"color: #9437ff;\"><span style=\"font-family: Arial;\"><span style=\"font-size: large;\">En effet, il permet une d\u00e9tente musculaire, une bonne oxyg\u00e9nation et favorise la digestion, car il stimule les organes responsables de celle-ci. De plus, quand nous rions, le cerveau s\u00e9cr\u00e8te des endorphines, les fameuses hormones du\u00a0\u00bb plaisir \u00ab\u00a0, et les neuro-transmetteurs sont mobilis\u00e9s.<\/span><\/span><\/span><\/p>\n<p align=\"justify\"><span style=\"color: #941751;\"><span style=\"font-family: Arial;\"><span style=\"font-size: large;\">Rire devient ainsi une \u00a0\u00bb activit\u00e9 sportive \u00a0\u00bb dont les effets sont b\u00e9n\u00e9fiques tant sur le plan physique que psychique !<\/span><\/span><\/span><\/p>\n<p align=\"justify\"><span style=\"color: #ff2600;\"><span style=\"font-family: Arial;\"><span style=\"font-size: large;\">En r\u00e9sum\u00e9 si vous ne voulez pas vieillir, d\u00e9couvrir votre v\u00e9ritable personnalit\u00e9, vous d\u00e9tendre, vous faire plaisir rejoignez nous !<\/span><\/span><\/span><\/p>\n\n","protected":false},"excerpt":{"rendered":"<p>un Atelier bas\u00e9 sur le jeu et le rire ! Jouer permet de s\u2019oublier et se d\u00e9passer, d\u2019\u00eatre plus cr\u00e9atif, plus heureux et plus performant, mais emp\u00eache aussi\u2026 de vieillir !&nbsp; Ceux qui restent jeunes sont ceux qui gardent l\u2019aptitude \u00e0 jouer. D\u00e8s que l\u2019on cesse d\u2019avoir du plaisir \u00e0 jouer, on vieillit\u2026. Les jeux [&hellip;]<\/p>\n","protected":false},"author":2,"featured_media":0,"parent":0,"menu_order":0,"comment_status":"closed","ping_status":"closed","template":"","meta":{"ngg_post_thumbnail":0,"footnotes":"","_links_to":"","_links_to_target":""},"class_list":["post-2891","page","type-page","status-publish","hentry"],"_links":{"self":[{"href":"https:\/\/www.rers-staubindemedoc.fr\/index.php?rest_route=\/wp\/v2\/pages\/2891","targetHints":{"allow":["GET"]}}],"collection":[{"href":"https:\/\/www.rers-staubindemedoc.fr\/index.php?rest_route=\/wp\/v2\/pages"}],"about":[{"href":"https:\/\/www.rers-staubindemedoc.fr\/index.php?rest_route=\/wp\/v2\/types\/page"}],"author":[{"embeddable":true,"href":"https:\/\/www.rers-staubindemedoc.fr\/index.php?rest_route=\/wp\/v2\/users\/2"}],"replies":[{"embeddable":true,"href":"https:\/\/www.rers-staubindemedoc.fr\/index.php?rest_route=%2Fwp%2Fv2%2Fcomments&post=2891"}],"version-history":[{"count":3,"href":"https:\/\/www.rers-staubindemedoc.fr\/index.php?rest_route=\/wp\/v2\/pages\/2891\/revisions"}],"predecessor-version":[{"id":5096,"href":"https:\/\/www.rers-staubindemedoc.fr\/index.php?rest_route=\/wp\/v2\/pages\/2891\/revisions\/5096"}],"wp:attachment":[{"href":"https:\/\/www.rers-staubindemedoc.fr\/index.php?rest_route=%2Fwp%2Fv2%2Fmedia&parent=2891"}],"curies":[{"name":"wp","href":"https:\/\/api.w.org\/{rel}","templated":true}]}}