{"id":324,"date":"2014-01-10T22:25:26","date_gmt":"2014-01-10T21:25:26","guid":{"rendered":"http:\/\/jacnux-server\/?page_id=324"},"modified":"2014-01-11T20:58:11","modified_gmt":"2014-01-11T19:58:11","slug":"ecrire-un-commentaire","status":"publish","type":"page","link":"https:\/\/www.rers-staubindemedoc.fr\/?page_id=324","title":{"rendered":"Ecrire un commentaire &#8230;"},"content":{"rendered":"<table border=\"2\" align=\"left\">\n<caption>\u00a0<\/caption>\n<caption>\u00a0<\/caption>\n<tbody>\n<tr>\n<td><strong>Qu<\/strong>i ?<\/td>\n<td>Toute personne qui \u00a0visite le blog peut r\u00e9diger un commentaire. Il n&rsquo;est pas n\u00e9cessaire d&rsquo;\u00eatre enregistr\u00e9.<\/td>\n<\/tr>\n<tr>\n<td><strong>Comment<\/strong> ?<\/td>\n<td>Un commentaire est possible lorsqu&rsquo;une balise (rond noir avec le signe plus) est visible.Si vous cliquez sur cette balise une fen\u00eatre appara\u00eet :&nbsp;<\/p>\n<h3 id=\"reply-title\">Laisser un commentaire<small><\/small><\/h3>\n<form id=\"commentform\" action=\"http:\/\/rers-staubindemedoc.fr\/wp-comments-post.php\" method=\"post\">Connect\u00e9 en tant que\u00a0<a href=\"http:\/\/rers-staubindemedoc.fr\/wp-admin\/profile.php\">admin-rers<\/a>.\u00a0<a title=\"Se d\u00e9connecter de ce compte\" href=\"http:\/\/rers-staubindemedoc.fr\/wp-login.php?action=logout&amp;redirect_to=http%3A%2F%2Frers-staubindemedoc.fr%2F%3Fpage_id%3D2&amp;_wpnonce=412b8664fd\">Se d\u00e9connecter\u00a0?<\/a><\/p>\n<p><label for=\"comment\">COMMENTAIRE<\/label>\u00a0<textarea id=\"comment\" cols=\"45\" name=\"comment\" rows=\"8\"><\/textarea><\/p>\n<\/form>\n<\/td>\n<\/tr>\n<tr>\n<td>Quand le commentaire est visible ?<\/td>\n<td>\u00a0Votre commentaire sera <strong>visible<\/strong> sur le site apr\u00e8s <strong>validation<\/strong> du et des a<strong>dministrateur<\/strong>s du site. Ceci afin d&rsquo;\u00e9viter des messages malveillants, souvenez que sur la toile &#8230;&#8230;<\/td>\n<\/tr>\n<\/tbody>\n<\/table>\n","protected":false},"excerpt":{"rendered":"<p>\u00a0 \u00a0 Qui ? Toute personne qui \u00a0visite le blog peut r\u00e9diger un commentaire. Il n&rsquo;est pas n\u00e9cessaire d&rsquo;\u00eatre enregistr\u00e9. Comment ? Un commentaire est possible lorsqu&rsquo;une balise (rond noir avec le signe plus) est visible.Si vous cliquez sur cette balise une fen\u00eatre appara\u00eet :&nbsp; Laisser un commentaire Connect\u00e9 en tant que\u00a0admin-rers.\u00a0Se d\u00e9connecter\u00a0? COMMENTAIRE\u00a0 Quand [&hellip;]<\/p>\n","protected":false},"author":2,"featured_media":0,"parent":0,"menu_order":0,"comment_status":"open","ping_status":"open","template":"","meta":{"ngg_post_thumbnail":0,"footnotes":"","_links_to":"","_links_to_target":""},"class_list":["post-324","page","type-page","status-publish","hentry"],"_links":{"self":[{"href":"https:\/\/www.rers-staubindemedoc.fr\/index.php?rest_route=\/wp\/v2\/pages\/324","targetHints":{"allow":["GET"]}}],"collection":[{"href":"https:\/\/www.rers-staubindemedoc.fr\/index.php?rest_route=\/wp\/v2\/pages"}],"about":[{"href":"https:\/\/www.rers-staubindemedoc.fr\/index.php?rest_route=\/wp\/v2\/types\/page"}],"author":[{"embeddable":true,"href":"https:\/\/www.rers-staubindemedoc.fr\/index.php?rest_route=\/wp\/v2\/users\/2"}],"replies":[{"embeddable":true,"href":"https:\/\/www.rers-staubindemedoc.fr\/index.php?rest_route=%2Fwp%2Fv2%2Fcomments&post=324"}],"version-history":[{"count":14,"href":"https:\/\/www.rers-staubindemedoc.fr\/index.php?rest_route=\/wp\/v2\/pages\/324\/revisions"}],"predecessor-version":[{"id":406,"href":"https:\/\/www.rers-staubindemedoc.fr\/index.php?rest_route=\/wp\/v2\/pages\/324\/revisions\/406"}],"wp:attachment":[{"href":"https:\/\/www.rers-staubindemedoc.fr\/index.php?rest_route=%2Fwp%2Fv2%2Fmedia&parent=324"}],"curies":[{"name":"wp","href":"https:\/\/api.w.org\/{rel}","templated":true}]}}