{"id":335,"date":"2014-01-10T22:39:18","date_gmt":"2014-01-10T21:39:18","guid":{"rendered":"http:\/\/jacnux-server\/?page_id=335"},"modified":"2014-01-11T22:38:17","modified_gmt":"2014-01-11T21:38:17","slug":"comment-se-faire-enregistrer-en-tant-quutilisateur","status":"publish","type":"page","link":"https:\/\/www.rers-staubindemedoc.fr\/?page_id=335","title":{"rendered":"Comment se faire enregistrer en tant qu&rsquo;utilisateur &#8230;"},"content":{"rendered":"<table border=\"2\">\n<tbody>\n<tr>\n<td><span style=\"font-size: small;\">Qui?<\/span><\/td>\n<td style=\"font-family: Arial, Helvetica, sans-serif;\"><span style=\"font-size: small;\">Tout membre du Rers de St Aubin peut demander \u00e0 \u00eatre enregistr\u00e9 en tant qu&rsquo;utilisateur.\u00a0<\/span><\/td>\n<\/tr>\n<tr style=\"font-family: Arial, Helvetica, sans-serif;\">\n<td style=\"font-family: Arial, Helvetica, sans-serif;\"><span style=\"font-size: small;\">Comment?<\/span><\/td>\n<td style=\"font-family: Arial, Helvetica, sans-serif;\"><span style=\"font-size: small;\">\u00a0Il s&rsquo;agit d&rsquo;en faire la demande aupr\u00e8s du pr\u00e9sident . On attribue un identifiant, un mot de passe et un r\u00f4le \u00e0 chaque utilisateur.\u00a0Suivant le r\u00f4le attribu\u00e9, les possibilit\u00e9s de l&rsquo;utilisateur iront de la simple \u00e9criture de nouvelles , puis de pages et de photos et enfin de galeries(Abonn\u00e9,Editeur,Contributeur &#8230;)<\/span><\/td>\n<\/tr>\n<tr style=\"font-family: Arial, Helvetica, sans-serif;\">\n<td style=\"font-family: Arial, Helvetica, sans-serif;\"><span style=\"font-size: small;\">Quand l&rsquo;utilisateur sera enregistr\u00e9?<\/span><\/td>\n<td style=\"font-family: Arial, Helvetica, sans-serif;\"><span style=\"font-size: small;\">Si la d\u00e9cision est favorable l&rsquo;utilisateur sera enregistr\u00e9 et ses identifiants de connexion lui seront communiqu\u00e9s par mail. On attribuera le r\u00f4le d&rsquo;<strong>Editeur<\/strong> aux offreurs pour leur permettre de publier et faire l&rsquo;espace qui leur est r\u00e9serv\u00e9 dans ce blog.<\/span><\/td>\n<\/tr>\n<\/tbody>\n<\/table>\n","protected":false},"excerpt":{"rendered":"<p>Qui? Tout membre du Rers de St Aubin peut demander \u00e0 \u00eatre enregistr\u00e9 en tant qu&rsquo;utilisateur.\u00a0 Comment? \u00a0Il s&rsquo;agit d&rsquo;en faire la demande aupr\u00e8s du pr\u00e9sident . On attribue un identifiant, un mot de passe et un r\u00f4le \u00e0 chaque utilisateur.\u00a0Suivant le r\u00f4le attribu\u00e9, les possibilit\u00e9s de l&rsquo;utilisateur iront de la simple \u00e9criture de nouvelles [&hellip;]<\/p>\n","protected":false},"author":2,"featured_media":0,"parent":0,"menu_order":0,"comment_status":"open","ping_status":"open","template":"","meta":{"ngg_post_thumbnail":0,"footnotes":"","_links_to":"","_links_to_target":""},"class_list":["post-335","page","type-page","status-publish","hentry"],"_links":{"self":[{"href":"https:\/\/www.rers-staubindemedoc.fr\/index.php?rest_route=\/wp\/v2\/pages\/335","targetHints":{"allow":["GET"]}}],"collection":[{"href":"https:\/\/www.rers-staubindemedoc.fr\/index.php?rest_route=\/wp\/v2\/pages"}],"about":[{"href":"https:\/\/www.rers-staubindemedoc.fr\/index.php?rest_route=\/wp\/v2\/types\/page"}],"author":[{"embeddable":true,"href":"https:\/\/www.rers-staubindemedoc.fr\/index.php?rest_route=\/wp\/v2\/users\/2"}],"replies":[{"embeddable":true,"href":"https:\/\/www.rers-staubindemedoc.fr\/index.php?rest_route=%2Fwp%2Fv2%2Fcomments&post=335"}],"version-history":[{"count":6,"href":"https:\/\/www.rers-staubindemedoc.fr\/index.php?rest_route=\/wp\/v2\/pages\/335\/revisions"}],"predecessor-version":[{"id":412,"href":"https:\/\/www.rers-staubindemedoc.fr\/index.php?rest_route=\/wp\/v2\/pages\/335\/revisions\/412"}],"wp:attachment":[{"href":"https:\/\/www.rers-staubindemedoc.fr\/index.php?rest_route=%2Fwp%2Fv2%2Fmedia&parent=335"}],"curies":[{"name":"wp","href":"https:\/\/api.w.org\/{rel}","templated":true}]}}