{"id":337,"date":"2014-01-10T22:41:08","date_gmt":"2014-01-10T21:41:08","guid":{"rendered":"http:\/\/jacnux-server\/?page_id=337"},"modified":"2014-01-13T10:25:58","modified_gmt":"2014-01-13T09:25:58","slug":"ecrire-un-article","status":"publish","type":"page","link":"https:\/\/www.rers-staubindemedoc.fr\/?page_id=337","title":{"rendered":"Ecrire un article &#8230;."},"content":{"rendered":"<table border=\"2\">\n<tbody>\n<tr>\n<td><span style=\"font-size: medium;\">Qui?<\/span><\/td>\n<td><span style=\"font-size: medium;\">Pour \u00e9crire un article il faut \u00eatre enregistr\u00e9 comme<strong>\u00a0utilisateur<\/strong>\u00a0du blog.<\/span><\/td>\n<\/tr>\n<tr>\n<td><span style=\"font-size: medium;\">Comment?<\/span><\/td>\n<td><span style=\"font-size: medium;\">\u00a0<\/span><\/td>\n<\/tr>\n<tr>\n<td><span style=\"font-size: medium;\">L&rsquo;article est visible quand ?<\/span><\/td>\n<td><span style=\"font-size: medium;\">\u00a0<\/span><\/td>\n<\/tr>\n<\/tbody>\n<\/table>\n","protected":false},"excerpt":{"rendered":"<p>Qui? Pour \u00e9crire un article il faut \u00eatre enregistr\u00e9 comme\u00a0utilisateur\u00a0du blog. Comment? \u00a0 L&rsquo;article est visible quand ? \u00a0<\/p>\n","protected":false},"author":2,"featured_media":0,"parent":0,"menu_order":0,"comment_status":"open","ping_status":"open","template":"","meta":{"ngg_post_thumbnail":0,"footnotes":"","_links_to":"","_links_to_target":""},"class_list":["post-337","page","type-page","status-publish","hentry"],"_links":{"self":[{"href":"https:\/\/www.rers-staubindemedoc.fr\/index.php?rest_route=\/wp\/v2\/pages\/337","targetHints":{"allow":["GET"]}}],"collection":[{"href":"https:\/\/www.rers-staubindemedoc.fr\/index.php?rest_route=\/wp\/v2\/pages"}],"about":[{"href":"https:\/\/www.rers-staubindemedoc.fr\/index.php?rest_route=\/wp\/v2\/types\/page"}],"author":[{"embeddable":true,"href":"https:\/\/www.rers-staubindemedoc.fr\/index.php?rest_route=\/wp\/v2\/users\/2"}],"replies":[{"embeddable":true,"href":"https:\/\/www.rers-staubindemedoc.fr\/index.php?rest_route=%2Fwp%2Fv2%2Fcomments&post=337"}],"version-history":[{"count":5,"href":"https:\/\/www.rers-staubindemedoc.fr\/index.php?rest_route=\/wp\/v2\/pages\/337\/revisions"}],"predecessor-version":[{"id":424,"href":"https:\/\/www.rers-staubindemedoc.fr\/index.php?rest_route=\/wp\/v2\/pages\/337\/revisions\/424"}],"wp:attachment":[{"href":"https:\/\/www.rers-staubindemedoc.fr\/index.php?rest_route=%2Fwp%2Fv2%2Fmedia&parent=337"}],"curies":[{"name":"wp","href":"https:\/\/api.w.org\/{rel}","templated":true}]}}