{"id":347,"date":"2014-01-10T22:42:46","date_gmt":"2014-01-10T21:42:46","guid":{"rendered":"http:\/\/jacnux-server\/?page_id=347"},"modified":"2014-01-11T22:40:41","modified_gmt":"2014-01-11T21:40:41","slug":"comment-creer-une-galerie","status":"publish","type":"page","link":"https:\/\/www.rers-staubindemedoc.fr\/?page_id=347","title":{"rendered":"Comment cr\u00e9er une galerie ?"},"content":{"rendered":"<table border=\"2\">\n<tbody>\n<tr>\n<td><span style=\"font-size: small;\">Qui?<\/span><\/td>\n<td><span style=\"font-size: small;\">Pour cr\u00e9er une galerie il faut \u00eatre enregistr\u00e9 comme<strong>\u00a0utilisateur<\/strong>\u00a0du blog.<\/span><\/td>\n<\/tr>\n<tr>\n<td><span style=\"font-size: small;\">Comment?<\/span><\/td>\n<td><span style=\"font-size: small;\">\u00a0<\/span><\/td>\n<\/tr>\n<tr>\n<td><span style=\"font-size: small;\">L&rsquo;article est visible quand ?<\/span><\/td>\n<td><span style=\"font-size: small;\">\u00a0<\/span><\/td>\n<\/tr>\n<\/tbody>\n<\/table>\n","protected":false},"excerpt":{"rendered":"<p>Qui? Pour cr\u00e9er une galerie il faut \u00eatre enregistr\u00e9 comme\u00a0utilisateur\u00a0du blog. Comment? \u00a0 L&rsquo;article est visible quand ? \u00a0<\/p>\n","protected":false},"author":2,"featured_media":0,"parent":0,"menu_order":0,"comment_status":"open","ping_status":"open","template":"","meta":{"ngg_post_thumbnail":0,"footnotes":"","_links_to":"","_links_to_target":""},"class_list":["post-347","page","type-page","status-publish","hentry"],"_links":{"self":[{"href":"https:\/\/www.rers-staubindemedoc.fr\/index.php?rest_route=\/wp\/v2\/pages\/347","targetHints":{"allow":["GET"]}}],"collection":[{"href":"https:\/\/www.rers-staubindemedoc.fr\/index.php?rest_route=\/wp\/v2\/pages"}],"about":[{"href":"https:\/\/www.rers-staubindemedoc.fr\/index.php?rest_route=\/wp\/v2\/types\/page"}],"author":[{"embeddable":true,"href":"https:\/\/www.rers-staubindemedoc.fr\/index.php?rest_route=\/wp\/v2\/users\/2"}],"replies":[{"embeddable":true,"href":"https:\/\/www.rers-staubindemedoc.fr\/index.php?rest_route=%2Fwp%2Fv2%2Fcomments&post=347"}],"version-history":[{"count":2,"href":"https:\/\/www.rers-staubindemedoc.fr\/index.php?rest_route=\/wp\/v2\/pages\/347\/revisions"}],"predecessor-version":[{"id":414,"href":"https:\/\/www.rers-staubindemedoc.fr\/index.php?rest_route=\/wp\/v2\/pages\/347\/revisions\/414"}],"wp:attachment":[{"href":"https:\/\/www.rers-staubindemedoc.fr\/index.php?rest_route=%2Fwp%2Fv2%2Fmedia&parent=347"}],"curies":[{"name":"wp","href":"https:\/\/api.w.org\/{rel}","templated":true}]}}