{"id":3977,"date":"2020-04-20T13:14:17","date_gmt":"2020-04-20T12:14:17","guid":{"rendered":"http:\/\/jacnux-server\/?page_id=3977"},"modified":"2020-04-20T13:21:56","modified_gmt":"2020-04-20T12:21:56","slug":"inventer-une-histoire-avec-anita","status":"publish","type":"page","link":"https:\/\/www.rers-staubindemedoc.fr\/?page_id=3977","title":{"rendered":"Inventer une histoire avec Anita &#8230;"},"content":{"rendered":"<p>Inventer l\u2019histoire en comblant les vides<\/p>\n<p>Le \u2014\u2014\u2014\u2014\u2014\u2014\u2014\u2014\u2014\u2014\u2014 est \u2014\u2014\u2014\u2014\u2014\u2014\u2014\u2014 englouti \u2014\u2014\u2014\u2014\u2014\u2014 les \u2014\u2014\u2014\u2014\u2014\u2014&nbsp; \u2014\u2014\u2014\u2014\u2014\u2014\u2014\u2014 et pourtant \u2014\u2014\u2014\u2014\u2014\u2014\u2014 \u2014\u2014\u2014\u2014\u2014\u2014 \u2014\u2014\u2014\u2014\u2014\u2014 \u2014\u2014\u2014\u2014\u2014<\/p>\n<p>chantent toujours \u00e0 \u2014\u2014\u2014\u2014\u2014 \u2014\u2014\u2014\u2014\u2014 et&nbsp; \u2014\u2014\u2014\u2014 \u2014\u2014\u2014\u2014\u2014 dans \u2014\u2014\u2014\u2014&nbsp; \u2014\u2014\u2014\u2014\u2014\u2014 \u2014\u2014\u2014\u2014\u2014\u2014 \u2014\u2014\u2014\u2014\u2014\u2014 \u2014\u2014\u2014\u2014\u2014 \u2014\u2014\u2014\u2014\u2014 \u2014\u2014\u2014\u2014\u2014 \u2014\u2014\u2014\u2014\u2014 . Mais<\/p>\n<p>c\u2019est incroyable \u2014\u2014\u2014\u2014\u2014, les \u2014\u2014\u2014\u2014\u2014\u2014 \u2014\u2014\u2014\u2014\u2014\u2014 bleues \u2014\u2014\u2014\u2014\u2014\u2014 \u2014\u2014\u2014\u2014\u2014 \u2014\u2014\u2014\u2014 encore.<\/p>\n<p>il n\u2019y a de bonnes ou mauvaises r\u00e9ponses car tout est invent\u00e9 m\u00eame les vides !!!!<br \/>\nmais ce serait bien que cela signifie quelque chose tout de m\u00eame<br \/>\nla longueur des traits ne donne pas la taille du mot.<br \/>\nchacun renvoie son texte sign\u00e9 s\u2019il le d\u00e9sire pour partager<br \/>\nsi d\u2019autres veulent lancer une autre histoire \u00e0 combler , allez-y<\/p>\n<p>laissez parler votre imagination<\/p>\n<div class=\"yj6qo\">&nbsp;<\/div>\n<div class=\"adL\">&nbsp;<\/div>\n","protected":false},"excerpt":{"rendered":"<p>Inventer l\u2019histoire en comblant les vides Le \u2014\u2014\u2014\u2014\u2014\u2014\u2014\u2014\u2014\u2014\u2014 est \u2014\u2014\u2014\u2014\u2014\u2014\u2014\u2014 englouti \u2014\u2014\u2014\u2014\u2014\u2014 les \u2014\u2014\u2014\u2014\u2014\u2014&nbsp; \u2014\u2014\u2014\u2014\u2014\u2014\u2014\u2014 et pourtant \u2014\u2014\u2014\u2014\u2014\u2014\u2014 \u2014\u2014\u2014\u2014\u2014\u2014 \u2014\u2014\u2014\u2014\u2014\u2014 \u2014\u2014\u2014\u2014\u2014 chantent toujours \u00e0 \u2014\u2014\u2014\u2014\u2014 \u2014\u2014\u2014\u2014\u2014 et&nbsp; \u2014\u2014\u2014\u2014 \u2014\u2014\u2014\u2014\u2014 dans \u2014\u2014\u2014\u2014&nbsp; \u2014\u2014\u2014\u2014\u2014\u2014 \u2014\u2014\u2014\u2014\u2014\u2014 \u2014\u2014\u2014\u2014\u2014\u2014 \u2014\u2014\u2014\u2014\u2014 \u2014\u2014\u2014\u2014\u2014 \u2014\u2014\u2014\u2014\u2014 \u2014\u2014\u2014\u2014\u2014 . Mais c\u2019est incroyable \u2014\u2014\u2014\u2014\u2014, les \u2014\u2014\u2014\u2014\u2014\u2014 \u2014\u2014\u2014\u2014\u2014\u2014 bleues \u2014\u2014\u2014\u2014\u2014\u2014 \u2014\u2014\u2014\u2014\u2014 \u2014\u2014\u2014\u2014 encore. il n\u2019y a de [&hellip;]<\/p>\n","protected":false},"author":2,"featured_media":0,"parent":0,"menu_order":0,"comment_status":"open","ping_status":"closed","template":"","meta":{"ngg_post_thumbnail":0,"footnotes":"","_links_to":"","_links_to_target":""},"class_list":["post-3977","page","type-page","status-publish","hentry"],"_links":{"self":[{"href":"https:\/\/www.rers-staubindemedoc.fr\/index.php?rest_route=\/wp\/v2\/pages\/3977","targetHints":{"allow":["GET"]}}],"collection":[{"href":"https:\/\/www.rers-staubindemedoc.fr\/index.php?rest_route=\/wp\/v2\/pages"}],"about":[{"href":"https:\/\/www.rers-staubindemedoc.fr\/index.php?rest_route=\/wp\/v2\/types\/page"}],"author":[{"embeddable":true,"href":"https:\/\/www.rers-staubindemedoc.fr\/index.php?rest_route=\/wp\/v2\/users\/2"}],"replies":[{"embeddable":true,"href":"https:\/\/www.rers-staubindemedoc.fr\/index.php?rest_route=%2Fwp%2Fv2%2Fcomments&post=3977"}],"version-history":[{"count":2,"href":"https:\/\/www.rers-staubindemedoc.fr\/index.php?rest_route=\/wp\/v2\/pages\/3977\/revisions"}],"predecessor-version":[{"id":3979,"href":"https:\/\/www.rers-staubindemedoc.fr\/index.php?rest_route=\/wp\/v2\/pages\/3977\/revisions\/3979"}],"wp:attachment":[{"href":"https:\/\/www.rers-staubindemedoc.fr\/index.php?rest_route=%2Fwp%2Fv2%2Fmedia&parent=3977"}],"curies":[{"name":"wp","href":"https:\/\/api.w.org\/{rel}","templated":true}]}}