{"id":4000,"date":"2020-04-21T09:25:43","date_gmt":"2020-04-21T08:25:43","guid":{"rendered":"http:\/\/jacnux-server\/?page_id=4000"},"modified":"2020-04-21T09:31:55","modified_gmt":"2020-04-21T08:31:55","slug":"francoise-c-vous-propose-un-defi","status":"publish","type":"page","link":"https:\/\/www.rers-staubindemedoc.fr\/?page_id=4000","title":{"rendered":"Fran\u00e7oise C. vous propose un d\u00e9fi &#8230;"},"content":{"rendered":"<p style=\"padding-left: 30px;\">Fin mars, une de mes ni\u00e8ces nous a propos\u00e9 un d\u00e9fi pour nous occuper : \u00e9crire un po\u00e8me sur le confinement. Je me suis prise au jeu et en toute modestie voici ma version.<\/p>\n<p style=\"padding-left: 120px;\"><em>Une lueur d\u2019espoir.<\/em><\/p>\n<p style=\"padding-left: 120px;\"><em>Au d\u00e9but ,c\u2019\u00e9tait une simple grippette.<\/em><br \/>\n<em> Aujourd\u2019hui ,c\u2019est une \u00e9norme temp\u00eate<\/em><br \/>\n<em> Qui s\u2019abat sur toute la plan\u00e8te<\/em><br \/>\n<em> Sans tambour ni trompette.<\/em><\/p>\n<p style=\"padding-left: 120px;\"><em>Aujourd\u2019hui ,nous sommes confin\u00e9s.<\/em><br \/>\n<em> Demain, \u00e7a va continuer,<\/em><br \/>\n<em> Nous devons rester enferm\u00e9s<\/em><br \/>\n<em> Et quand serons nous lib\u00e9r\u00e9s ?<\/em><\/p>\n<p style=\"padding-left: 120px;\"><em>Mais les soignants sont l\u00e0,<\/em><br \/>\n<em> Pour nous aider \u00e0 sortir de l\u00e0<\/em><br \/>\n<em> Nous les applaudissons \u00e0 tout va.<\/em><\/p>\n<p style=\"padding-left: 120px;\"><em>Et les chercheurs vont nous sauver<\/em><br \/>\n<em> En trouvant le traitement appropri\u00e9<\/em><br \/>\n<em> Et nous pourrons \u00e0 nouveau nous embrasser<\/em>.<\/p>\n<p>Si vous voulez \u00e0 vos plumes !!!!<\/p>\n","protected":false},"excerpt":{"rendered":"<p>Fin mars, une de mes ni\u00e8ces nous a propos\u00e9 un d\u00e9fi pour nous occuper : \u00e9crire un po\u00e8me sur le confinement. Je me suis prise au jeu et en toute modestie voici ma version. Une lueur d\u2019espoir. Au d\u00e9but ,c\u2019\u00e9tait une simple grippette. Aujourd\u2019hui ,c\u2019est une \u00e9norme temp\u00eate Qui s\u2019abat sur toute la plan\u00e8te Sans [&hellip;]<\/p>\n","protected":false},"author":2,"featured_media":0,"parent":0,"menu_order":0,"comment_status":"open","ping_status":"closed","template":"","meta":{"ngg_post_thumbnail":0,"footnotes":"","_links_to":"","_links_to_target":""},"class_list":["post-4000","page","type-page","status-publish","hentry"],"_links":{"self":[{"href":"https:\/\/www.rers-staubindemedoc.fr\/index.php?rest_route=\/wp\/v2\/pages\/4000","targetHints":{"allow":["GET"]}}],"collection":[{"href":"https:\/\/www.rers-staubindemedoc.fr\/index.php?rest_route=\/wp\/v2\/pages"}],"about":[{"href":"https:\/\/www.rers-staubindemedoc.fr\/index.php?rest_route=\/wp\/v2\/types\/page"}],"author":[{"embeddable":true,"href":"https:\/\/www.rers-staubindemedoc.fr\/index.php?rest_route=\/wp\/v2\/users\/2"}],"replies":[{"embeddable":true,"href":"https:\/\/www.rers-staubindemedoc.fr\/index.php?rest_route=%2Fwp%2Fv2%2Fcomments&post=4000"}],"version-history":[{"count":6,"href":"https:\/\/www.rers-staubindemedoc.fr\/index.php?rest_route=\/wp\/v2\/pages\/4000\/revisions"}],"predecessor-version":[{"id":4013,"href":"https:\/\/www.rers-staubindemedoc.fr\/index.php?rest_route=\/wp\/v2\/pages\/4000\/revisions\/4013"}],"wp:attachment":[{"href":"https:\/\/www.rers-staubindemedoc.fr\/index.php?rest_route=%2Fwp%2Fv2%2Fmedia&parent=4000"}],"curies":[{"name":"wp","href":"https:\/\/api.w.org\/{rel}","templated":true}]}}