{"id":4019,"date":"2020-04-22T09:32:46","date_gmt":"2020-04-22T08:32:46","guid":{"rendered":"http:\/\/jacnux-server\/?page_id=4019"},"modified":"2020-04-22T09:49:51","modified_gmt":"2020-04-22T08:49:51","slug":"petits-bijoux-de-la-langue-francaise","status":"publish","type":"page","link":"https:\/\/www.rers-staubindemedoc.fr\/?page_id=4019","title":{"rendered":"Petits bijoux de la langue fran\u00e7aise"},"content":{"rendered":"<p>Marie-Th\u00e9rese vous propose&nbsp; quelques petits bijoux de la langue fran\u00e7aise :&nbsp; <span style=\"color: #0000ff;\"><a style=\"color: #0000ff;\" href=\"http:\/\/rers-staubindemedoc.fr\/?attachment_id=4021\" rel=\"attachment wp-att-4021\">Des petits bijoux que vous ne connaissiez peut<\/a><\/span> * \u00eatre<\/p>\n<p>&nbsp;<\/p>\n<p>(*) <em>Cliquez sur le lien puis sur l&rsquo;image<br \/>\n<\/em><\/p>\n<p>&nbsp;<\/p>\n","protected":false},"excerpt":{"rendered":"<p>Marie-Th\u00e9rese vous propose&nbsp; quelques petits bijoux de la langue fran\u00e7aise :&nbsp; Des petits bijoux que vous ne connaissiez peut * \u00eatre &nbsp; (*) Cliquez sur le lien puis sur l&rsquo;image &nbsp;<\/p>\n","protected":false},"author":2,"featured_media":0,"parent":0,"menu_order":0,"comment_status":"open","ping_status":"closed","template":"","meta":{"ngg_post_thumbnail":0,"footnotes":"","_links_to":"","_links_to_target":""},"class_list":["post-4019","page","type-page","status-publish","hentry"],"_links":{"self":[{"href":"https:\/\/www.rers-staubindemedoc.fr\/index.php?rest_route=\/wp\/v2\/pages\/4019","targetHints":{"allow":["GET"]}}],"collection":[{"href":"https:\/\/www.rers-staubindemedoc.fr\/index.php?rest_route=\/wp\/v2\/pages"}],"about":[{"href":"https:\/\/www.rers-staubindemedoc.fr\/index.php?rest_route=\/wp\/v2\/types\/page"}],"author":[{"embeddable":true,"href":"https:\/\/www.rers-staubindemedoc.fr\/index.php?rest_route=\/wp\/v2\/users\/2"}],"replies":[{"embeddable":true,"href":"https:\/\/www.rers-staubindemedoc.fr\/index.php?rest_route=%2Fwp%2Fv2%2Fcomments&post=4019"}],"version-history":[{"count":5,"href":"https:\/\/www.rers-staubindemedoc.fr\/index.php?rest_route=\/wp\/v2\/pages\/4019\/revisions"}],"predecessor-version":[{"id":4025,"href":"https:\/\/www.rers-staubindemedoc.fr\/index.php?rest_route=\/wp\/v2\/pages\/4019\/revisions\/4025"}],"wp:attachment":[{"href":"https:\/\/www.rers-staubindemedoc.fr\/index.php?rest_route=%2Fwp%2Fv2%2Fmedia&parent=4019"}],"curies":[{"name":"wp","href":"https:\/\/api.w.org\/{rel}","templated":true}]}}