{"id":4045,"date":"2020-04-25T09:53:05","date_gmt":"2020-04-25T08:53:05","guid":{"rendered":"http:\/\/jacnux-server\/?page_id=4045"},"modified":"2020-04-25T09:53:37","modified_gmt":"2020-04-25T08:53:37","slug":"la-main-de-lhomme-est-linstrument-des-instruments-aristote","status":"publish","type":"page","link":"https:\/\/www.rers-staubindemedoc.fr\/?page_id=4045","title":{"rendered":"La main de l&rsquo;homme est l&rsquo;instrument des instruments. (Aristote)"},"content":{"rendered":"<p>Je vous propose une compilation de mon projet photographique sur la <strong>main<\/strong> :<\/p>\n<p style=\"padding-left: 30px;\"><span style=\"color: #000000;\"><em><br \/>\n<\/em><\/span><em>Ce n\u2019est pas parce qu\u2019il a des mains que l\u2019homme est le plus&nbsp; intelligent des \u00eatres, mais parce qu\u2019il est le plus intelligent des \u00eatres qu\u2019il a des mains.&nbsp; (Aristote)<\/em><\/p>\n<p><center><br \/>\n<canvas data-prodibi=\"{&quot;type&quot;:&quot;thumbnailMediaView&quot;,&quot;settings&quot;:{&quot;cover&quot;:{&quot;heightMode&quot;:&quot;90vh&quot;,&quot;widthMode&quot;:&quot;aspectRatio&quot;},&quot;container&quot;:&quot;01vg0kq0v2vz908&quot;,&quot;account&quot;:&quot;jac&quot;}}\"><script>;!function() {if (window.prodibiAsync == null) { var s = document.createElement('script'); s.async = !0; s.src = 'https:\/\/max1.prodibicdn.com\/libraries\/pages\/prodibi.embed.2.0.min.js'; document.body.appendChild(s); }window.prodibiAsync = window.prodibiAsync || [];prodibiAsync.push({ type: \"settings\", settings: { account: \"jac\" } });}();<\/script><\/canvas><br \/>\n<em>(*) Cliquez sur la photo pour visiter la galerie.<\/em><\/center>&nbsp;<\/p>\n<p><strong>Un grand merci \u00e0 tous ces mod\u00e8les qui ont gentiment permis que ces photos puissent exister. Merci pour leur patience et disponibilit\u00e9.<\/strong><em><\/p>\n<p>&nbsp;<\/p>\n<p>Bonne visite &#8211; Jac<\/p>\n","protected":false},"excerpt":{"rendered":"<p>Je vous propose une compilation de mon projet photographique sur la main : Ce n\u2019est pas parce qu\u2019il a des mains que l\u2019homme est le plus&nbsp; intelligent des \u00eatres, mais parce qu\u2019il est le plus intelligent des \u00eatres qu\u2019il a des mains.&nbsp; (Aristote) (*) Cliquez sur la photo pour visiter la galerie.&nbsp; Un grand merci [&hellip;]<\/p>\n","protected":false},"author":2,"featured_media":0,"parent":0,"menu_order":0,"comment_status":"open","ping_status":"closed","template":"","meta":{"ngg_post_thumbnail":0,"footnotes":"","_links_to":"","_links_to_target":""},"class_list":["post-4045","page","type-page","status-publish","hentry"],"_links":{"self":[{"href":"https:\/\/www.rers-staubindemedoc.fr\/index.php?rest_route=\/wp\/v2\/pages\/4045","targetHints":{"allow":["GET"]}}],"collection":[{"href":"https:\/\/www.rers-staubindemedoc.fr\/index.php?rest_route=\/wp\/v2\/pages"}],"about":[{"href":"https:\/\/www.rers-staubindemedoc.fr\/index.php?rest_route=\/wp\/v2\/types\/page"}],"author":[{"embeddable":true,"href":"https:\/\/www.rers-staubindemedoc.fr\/index.php?rest_route=\/wp\/v2\/users\/2"}],"replies":[{"embeddable":true,"href":"https:\/\/www.rers-staubindemedoc.fr\/index.php?rest_route=%2Fwp%2Fv2%2Fcomments&post=4045"}],"version-history":[{"count":19,"href":"https:\/\/www.rers-staubindemedoc.fr\/index.php?rest_route=\/wp\/v2\/pages\/4045\/revisions"}],"predecessor-version":[{"id":4087,"href":"https:\/\/www.rers-staubindemedoc.fr\/index.php?rest_route=\/wp\/v2\/pages\/4045\/revisions\/4087"}],"wp:attachment":[{"href":"https:\/\/www.rers-staubindemedoc.fr\/index.php?rest_route=%2Fwp%2Fv2%2Fmedia&parent=4045"}],"curies":[{"name":"wp","href":"https:\/\/api.w.org\/{rel}","templated":true}]}}