{"id":4111,"date":"2020-04-27T13:33:57","date_gmt":"2020-04-27T12:33:57","guid":{"rendered":"http:\/\/jacnux-server\/?page_id=4111"},"modified":"2020-04-27T13:39:44","modified_gmt":"2020-04-27T12:39:44","slug":"voulez-vous-jouer-avec-moi-2","status":"publish","type":"page","link":"https:\/\/www.rers-staubindemedoc.fr\/?page_id=4111","title":{"rendered":"Voulez-vous jouer avec moi ? niveau 2"},"content":{"rendered":"<p>Voil\u00e0 quelques petites \u00e9nigmes force 2 ! <\/p>\n<p> 1       Trouvez le chiffre manquant.<\/p>\n<p>\t5\t1\t2\t3<\/p>\n<p>\t3\t5\t4\t2<\/p>\n<p>\t4\t6\t?\t2<\/p>\n<p>2       Il y a un mot qui n\u2019a rien \u00e0 faire avec les autres. Lequel ?<\/p>\n<p>\tAIGUILLE\tPIGNON<\/p>\n<p>\tPINCEAU\tCADRAN<\/p>\n<p>\t\tRESSORT<\/p>\n<p>3       Un escargot grimpe le long d\u2019un puits de 12 m\u00e8tres de haut. Il monte de 3 m\u00e8tres chaque jour, mais glisse et redescend de 2 m\u00e8tres chaque nuit.<br \/>\nCombien de jours lui faudra-t-il pour sortir du puits ?<\/p>\n<p>4        On y voit le jour la nuit.<br \/>\n\t  De quoi s\u2019agit-il ?<br \/>\n         (en 9 lettres, un indice : la premi\u00e8re lettre est un M) ?<\/p>\n<p>5         Pouvez-vous compl\u00e9ter cette suite de lettres ?<\/p>\n<p>           D  R  M  F  S  ?  ?   <\/p>\n<p>6         Trouvez 2 anagrammes du mot suivant en excluant les adjectifs et les formes conjugu\u00e9es des verbes.<\/p>\n<p>\t   GRANIT<\/p>\n<p>7        Il y a 3 interrupteurs dans une pi\u00e8ce.<br \/>\n\t  Un seul d\u2019entre eux allume une ampoule situ\u00e9e dans la pi\u00e8ce voisine.<\/p>\n<p>\t  Comment savoir lequel ?<br \/>\n\t  (petite pr\u00e9cision : vous ne pouvez aller qu\u2019une seule fois dans la pi\u00e8ce \u00e0 c\u00f4t\u00e9.)<\/p>\n<p>Bon courage !<\/p>\n<p>Christine<\/p>\n","protected":false},"excerpt":{"rendered":"<p>Voil\u00e0 quelques petites \u00e9nigmes force 2 ! 1 Trouvez le chiffre manquant. 5 1 2 3 3 5 4 2 4 6 ? 2 2 Il y a un mot qui n\u2019a rien \u00e0 faire avec les autres. Lequel ? AIGUILLE PIGNON PINCEAU CADRAN RESSORT 3 Un escargot grimpe le long d\u2019un puits de 12 [&hellip;]<\/p>\n","protected":false},"author":2,"featured_media":0,"parent":0,"menu_order":0,"comment_status":"open","ping_status":"closed","template":"","meta":{"ngg_post_thumbnail":0,"footnotes":"","_links_to":"","_links_to_target":""},"class_list":["post-4111","page","type-page","status-publish","hentry"],"_links":{"self":[{"href":"https:\/\/www.rers-staubindemedoc.fr\/index.php?rest_route=\/wp\/v2\/pages\/4111","targetHints":{"allow":["GET"]}}],"collection":[{"href":"https:\/\/www.rers-staubindemedoc.fr\/index.php?rest_route=\/wp\/v2\/pages"}],"about":[{"href":"https:\/\/www.rers-staubindemedoc.fr\/index.php?rest_route=\/wp\/v2\/types\/page"}],"author":[{"embeddable":true,"href":"https:\/\/www.rers-staubindemedoc.fr\/index.php?rest_route=\/wp\/v2\/users\/2"}],"replies":[{"embeddable":true,"href":"https:\/\/www.rers-staubindemedoc.fr\/index.php?rest_route=%2Fwp%2Fv2%2Fcomments&post=4111"}],"version-history":[{"count":2,"href":"https:\/\/www.rers-staubindemedoc.fr\/index.php?rest_route=\/wp\/v2\/pages\/4111\/revisions"}],"predecessor-version":[{"id":4115,"href":"https:\/\/www.rers-staubindemedoc.fr\/index.php?rest_route=\/wp\/v2\/pages\/4111\/revisions\/4115"}],"wp:attachment":[{"href":"https:\/\/www.rers-staubindemedoc.fr\/index.php?rest_route=%2Fwp%2Fv2%2Fmedia&parent=4111"}],"curies":[{"name":"wp","href":"https:\/\/api.w.org\/{rel}","templated":true}]}}