{"id":4135,"date":"2020-04-29T08:50:47","date_gmt":"2020-04-29T07:50:47","guid":{"rendered":"http:\/\/jacnux-server\/?page_id=4135"},"modified":"2020-10-15T10:39:16","modified_gmt":"2020-10-15T09:39:16","slug":"surprenant","status":"publish","type":"page","link":"https:\/\/www.rers-staubindemedoc.fr\/?page_id=4135","title":{"rendered":"Surprenant !!!!"},"content":{"rendered":"<p><strong>Il suffit de fixer attentivement ces dessins<\/strong><br \/>\n<strong>&nbsp;<\/strong><\/p>\n<h3>&nbsp;Pour garder un esprit \u00e9veill\u00e9! Fascinant !<\/h3>\n<p><a href=\"http:\/\/rers-staubindemedoc.fr\/?attachment_id=4142\" rel=\"attachment wp-att-4142\"><img loading=\"lazy\" decoding=\"async\" class=\"size-medium wp-image-4142 aligncenter\" src=\"http:\/\/rers-staubindemedoc.fr\/wp-content\/uploads\/2020\/04\/1423927196.83063933254-293x300.jpg\" alt=\"\" width=\"293\" height=\"300\" srcset=\"https:\/\/www.rers-staubindemedoc.fr\/wp-content\/uploads\/2020\/04\/1423927196.83063933254-293x300.jpg 293w, https:\/\/www.rers-staubindemedoc.fr\/wp-content\/uploads\/2020\/04\/1423927196.83063933254.jpg 406w\" sizes=\"auto, (max-width: 293px) 100vw, 293px\" \/><\/a><\/p>\n<p>Pouvez-vous voir 10 visages dans cet arbre&nbsp;?&nbsp;<\/p>\n<p><a href=\"http:\/\/rers-staubindemedoc.fr\/?attachment_id=4139\" rel=\"attachment wp-att-4139\"><img loading=\"lazy\" decoding=\"async\" class=\"size-medium wp-image-4139 aligncenter\" src=\"http:\/\/rers-staubindemedoc.fr\/wp-content\/uploads\/2020\/04\/1423927196.83063933223-234x300.jpg\" alt=\"\" width=\"234\" height=\"300\" srcset=\"https:\/\/www.rers-staubindemedoc.fr\/wp-content\/uploads\/2020\/04\/1423927196.83063933223-234x300.jpg 234w, https:\/\/www.rers-staubindemedoc.fr\/wp-content\/uploads\/2020\/04\/1423927196.83063933223.jpg 317w\" sizes=\"auto, (max-width: 234px) 100vw, 234px\" \/><\/a><br \/>\nIl y a un visage dans ce clich\u00e9, pouvez-vous le voir ?<\/p>\n<p><a href=\"http:\/\/rers-staubindemedoc.fr\/?attachment_id=4141\" rel=\"attachment wp-att-4141\"><img loading=\"lazy\" decoding=\"async\" class=\"size-medium wp-image-4141 aligncenter\" src=\"http:\/\/rers-staubindemedoc.fr\/wp-content\/uploads\/2020\/04\/1423927196.83063933245-300x213.jpg\" alt=\"\" width=\"300\" height=\"213\" srcset=\"https:\/\/www.rers-staubindemedoc.fr\/wp-content\/uploads\/2020\/04\/1423927196.83063933245-300x213.jpg 300w, https:\/\/www.rers-staubindemedoc.fr\/wp-content\/uploads\/2020\/04\/1423927196.83063933245.jpg 372w\" sizes=\"auto, (max-width: 300px) 100vw, 300px\" \/><\/a><br \/>\nPouvez-vous voir le b\u00e9b\u00e9 ?<\/p>\n<p><a href=\"http:\/\/rers-staubindemedoc.fr\/?attachment_id=4138\" rel=\"attachment wp-att-4138\"><img loading=\"lazy\" decoding=\"async\" class=\"size-medium wp-image-4138 aligncenter\" src=\"http:\/\/rers-staubindemedoc.fr\/wp-content\/uploads\/2020\/04\/1423927196.83063933211-231x300.jpg\" alt=\"\" width=\"231\" height=\"300\" srcset=\"https:\/\/www.rers-staubindemedoc.fr\/wp-content\/uploads\/2020\/04\/1423927196.83063933211-231x300.jpg 231w, https:\/\/www.rers-staubindemedoc.fr\/wp-content\/uploads\/2020\/04\/1423927196.83063933211.jpg 383w\" sizes=\"auto, (max-width: 231px) 100vw, 231px\" \/><\/a><\/p>\n<p>Pouvez-vous voir le couple qui s&#8217;embrasse ?&nbsp;&nbsp;<\/p>\n<p>&nbsp;<\/p>\n<p><a href=\"http:\/\/rers-staubindemedoc.fr\/?attachment_id=4140\" rel=\"attachment wp-att-4140\"><img loading=\"lazy\" decoding=\"async\" class=\"size-medium wp-image-4140 aligncenter\" src=\"http:\/\/rers-staubindemedoc.fr\/wp-content\/uploads\/2020\/04\/1423927196.83063933232-268x300.jpg\" alt=\"\" width=\"268\" height=\"300\" srcset=\"https:\/\/www.rers-staubindemedoc.fr\/wp-content\/uploads\/2020\/04\/1423927196.83063933232-268x300.jpg 268w, https:\/\/www.rers-staubindemedoc.fr\/wp-content\/uploads\/2020\/04\/1423927196.83063933232.jpg 325w\" sizes=\"auto, (max-width: 268px) 100vw, 268px\" \/><\/a><\/p>\n<p>Pouvez-vous voir les trois femmes?<\/p>\n<p><a href=\"http:\/\/rers-staubindemedoc.fr\/?attachment_id=4143\" rel=\"attachment wp-att-4143\"><img loading=\"lazy\" decoding=\"async\" class=\"size-full wp-image-4143 aligncenter\" src=\"http:\/\/rers-staubindemedoc.fr\/wp-content\/uploads\/2020\/04\/grenoulle.gif\" alt=\"\" width=\"252\" height=\"241\"><\/a><\/p>\n<p>Pouvez-vous dire la diff\u00e9rence entre un cheval et une grenouille ?<br \/>\nObservez bien&#8230;<\/p>\n","protected":false},"excerpt":{"rendered":"<p>Il suffit de fixer attentivement ces dessins &nbsp; &nbsp;Pour garder un esprit \u00e9veill\u00e9! Fascinant ! Pouvez-vous voir 10 visages dans cet arbre&nbsp;?&nbsp; Il y a un visage dans ce clich\u00e9, pouvez-vous le voir ? Pouvez-vous voir le b\u00e9b\u00e9 ? Pouvez-vous voir le couple qui s&#8217;embrasse ?&nbsp;&nbsp; &nbsp; Pouvez-vous voir les trois femmes? Pouvez-vous dire la [&hellip;]<\/p>\n","protected":false},"author":2,"featured_media":0,"parent":0,"menu_order":0,"comment_status":"open","ping_status":"closed","template":"","meta":{"ngg_post_thumbnail":0,"footnotes":"","_links_to":"","_links_to_target":""},"class_list":["post-4135","page","type-page","status-publish","hentry"],"_links":{"self":[{"href":"https:\/\/www.rers-staubindemedoc.fr\/index.php?rest_route=\/wp\/v2\/pages\/4135","targetHints":{"allow":["GET"]}}],"collection":[{"href":"https:\/\/www.rers-staubindemedoc.fr\/index.php?rest_route=\/wp\/v2\/pages"}],"about":[{"href":"https:\/\/www.rers-staubindemedoc.fr\/index.php?rest_route=\/wp\/v2\/types\/page"}],"author":[{"embeddable":true,"href":"https:\/\/www.rers-staubindemedoc.fr\/index.php?rest_route=\/wp\/v2\/users\/2"}],"replies":[{"embeddable":true,"href":"https:\/\/www.rers-staubindemedoc.fr\/index.php?rest_route=%2Fwp%2Fv2%2Fcomments&post=4135"}],"version-history":[{"count":7,"href":"https:\/\/www.rers-staubindemedoc.fr\/index.php?rest_route=\/wp\/v2\/pages\/4135\/revisions"}],"predecessor-version":[{"id":4517,"href":"https:\/\/www.rers-staubindemedoc.fr\/index.php?rest_route=\/wp\/v2\/pages\/4135\/revisions\/4517"}],"wp:attachment":[{"href":"https:\/\/www.rers-staubindemedoc.fr\/index.php?rest_route=%2Fwp%2Fv2%2Fmedia&parent=4135"}],"curies":[{"name":"wp","href":"https:\/\/api.w.org\/{rel}","templated":true}]}}