{"id":4168,"date":"2020-05-04T12:38:29","date_gmt":"2020-05-04T11:38:29","guid":{"rendered":"http:\/\/jacnux-server\/?page_id=4168"},"modified":"2020-05-04T12:38:48","modified_gmt":"2020-05-04T11:38:48","slug":"voulez-jouer-avec-moi-niveau-3","status":"publish","type":"page","link":"https:\/\/www.rers-staubindemedoc.fr\/?page_id=4168","title":{"rendered":"Voulez jouer avec moi niveau 3 !!!"},"content":{"rendered":"<div>Voil\u00e0 quelques petites \u00e9nigmes <b>force 3 <\/b>!&nbsp;<\/div>\n<div>&nbsp;<\/div>\n<div><span style=\"color: #9a244f;\">1 <b>La moiti\u00e9 d\u2019un oeuf.<\/b><\/span><\/div>\n<div><span style=\"color: #9a244f;\"> Une fermi\u00e8re vend la moiti\u00e9 de ses oeufs et la moiti\u00e9 d\u2019un oeuf \u00e0 un premier client, puis de m\u00eame au deuxi\u00e8me et au troisi\u00e8me client.<\/span><\/div>\n<div><span style=\"color: #9a244f;\"> A la fin, il lui reste 3 oeufs.<\/span><\/div>\n<div><span style=\"color: #9a244f;\"> Combien avait-elle d\u2019oeufs au d\u00e9part si elle n\u2019en a cass\u00e9 aucun ?<\/span><\/div>\n<div>&nbsp;<\/div>\n<div>&nbsp;<\/div>\n<div>2 <b>Compl\u00e9tez cette suite de lettres.<\/b><\/div>\n<div>&nbsp;<\/div>\n<div><span style=\"font-size: large;\">J &nbsp; &nbsp;S &nbsp;&nbsp;A D &nbsp;&nbsp;G &nbsp;&nbsp;T &nbsp;?<\/span><\/div>\n<div>&nbsp;<\/div>\n<div>&nbsp;<\/div>\n<div><span style=\"color: #7b219f;\"><b>3 Compl\u00e9tez cette suite de chiffres et de lettres.<\/b><\/span><\/div>\n<div><span style=\"color: #7b219f;\"><b>&nbsp;<\/b><\/span><\/div>\n<div><span style=\"color: #7b219f;\"><b> <span style=\"font-size: large;\">D1 H4 M9 T16 &nbsp;?? <\/span><\/b><\/span><\/div>\n<div><span style=\"color: #7b219f;\"><b>&nbsp;<\/b><\/span><\/div>\n<div><span style=\"color: #7b219f;\"><b>&nbsp;<\/b><\/span><\/div>\n<div><b>4 Enveloppe timbr\u00e9e.<\/b><\/div>\n<div>De quoi s\u2019agit-il ?<\/div>\n<div>(en 8 lettres, un indice : la 3\u00e8me lettre est un M)<\/div>\n<div>&nbsp;<\/div>\n<div>&nbsp;<\/div>\n<div><span style=\"color: #4f7a28;\"><b>5<\/b> <b>Trouvez le chiffre manquant.<\/b><\/span><\/div>\n<div><b><span style=\"color: #4f7a28;\">&nbsp;<\/span><\/b><\/div>\n<div><b><span style=\"color: #4f7a28;\"> &nbsp; &nbsp;<span style=\"font-size: large;\">3 2 6 23<\/span><\/span><\/b><\/div>\n<div><b><span style=\"color: #4f7a28; font-size: large;\">&nbsp;<\/span><\/b><\/div>\n<div><b><span style=\"color: #4f7a28; font-size: large;\">&nbsp; 2 21 2 27<\/span><\/b><\/div>\n<div><b><span style=\"color: #4f7a28; font-size: large;\">&nbsp;<\/span><\/b><\/div>\n<div><b><span style=\"color: #4f7a28; font-size: large;\"> 1 12 2 ?<\/span><\/b><\/div>\n<div><b>&nbsp;<\/b><\/div>\n<div>&nbsp;<\/div>\n<div><b>6 Fr\u00e8res et soeurs.<\/b><\/div>\n<div>Voici un petit classique d\u2019arithm\u00e9tique familiale.<\/div>\n<div>&nbsp;<\/div>\n<div>&nbsp;Guillaume a deux fr\u00e8res de plus que de soeurs.&nbsp;<\/div>\n<div>Sa soeur, Aur\u00e9lie, a trois fois plus de fr\u00e8res que de soeurs.<\/div>\n<div>Combien y a-t-il de fr\u00e8res et de soeurs en tout ?<\/div>\n<div>&nbsp;<\/div>\n<div>&nbsp;<\/div>\n<div>7 <b>Pouvez vous transformer un LAPIN en CIVET ?<\/b><\/div>\n<div><b>&nbsp;<\/b><\/div>\n<div><b> La r\u00e8gle :&nbsp;<\/b><\/div>\n<div>On propose deux mots de m\u00eame longueur et le&nbsp;probl\u00e8me consiste \u00e0 les relier en interposant d\u2019autres mots, dont chacun ne doit diff\u00e9rer du suivant que par une lettre. Autrement dit, on peut changer une lettre dans l\u2019un des mots donn\u00e9s, puis une lettre dans le mot ainsi obtenu, et ainsi de suite, jusqu\u2019\u00e0 ce qu\u2019on arrive \u00e0 l\u2019autre mot &nbsp;donn\u00e9.<\/div>\n<div>&nbsp;<\/div>\n<div>\u00ab&nbsp;L\u2019ordre des lettres ne doit \u00eatre interverti, chacune gardant sa place.&nbsp;\u00bb<\/div>\n<div>(Lewis Caroll)<\/div>\n<div>&nbsp;<\/div>\n<div><b>LAPIN \u2026.. \u2026.. \u2026.. \u2026.. \u2026.. \u2026.. CIVET<\/b><\/div>\n<div>&nbsp;<\/div>\n<div>&nbsp;<\/div>\n<div>&nbsp;<\/div>\n<div>&nbsp;<\/div>\n<div>&nbsp;<\/div>\n<div>&nbsp;<\/div>\n<div>&nbsp;<\/div>\n<div>&nbsp;<\/div>\n<div>&nbsp;<\/div>\n<div>&nbsp;<\/div>\n","protected":false},"excerpt":{"rendered":"<p>Voil\u00e0 quelques petites \u00e9nigmes force 3 !&nbsp; &nbsp; 1 La moiti\u00e9 d\u2019un oeuf. Une fermi\u00e8re vend la moiti\u00e9 de ses oeufs et la moiti\u00e9 d\u2019un oeuf \u00e0 un premier client, puis de m\u00eame au deuxi\u00e8me et au troisi\u00e8me client. A la fin, il lui reste 3 oeufs. Combien avait-elle d\u2019oeufs au d\u00e9part si elle n\u2019en [&hellip;]<\/p>\n","protected":false},"author":2,"featured_media":0,"parent":0,"menu_order":0,"comment_status":"open","ping_status":"closed","template":"","meta":{"ngg_post_thumbnail":0,"footnotes":"","_links_to":"","_links_to_target":""},"class_list":["post-4168","page","type-page","status-publish","hentry"],"_links":{"self":[{"href":"https:\/\/www.rers-staubindemedoc.fr\/index.php?rest_route=\/wp\/v2\/pages\/4168","targetHints":{"allow":["GET"]}}],"collection":[{"href":"https:\/\/www.rers-staubindemedoc.fr\/index.php?rest_route=\/wp\/v2\/pages"}],"about":[{"href":"https:\/\/www.rers-staubindemedoc.fr\/index.php?rest_route=\/wp\/v2\/types\/page"}],"author":[{"embeddable":true,"href":"https:\/\/www.rers-staubindemedoc.fr\/index.php?rest_route=\/wp\/v2\/users\/2"}],"replies":[{"embeddable":true,"href":"https:\/\/www.rers-staubindemedoc.fr\/index.php?rest_route=%2Fwp%2Fv2%2Fcomments&post=4168"}],"version-history":[{"count":1,"href":"https:\/\/www.rers-staubindemedoc.fr\/index.php?rest_route=\/wp\/v2\/pages\/4168\/revisions"}],"predecessor-version":[{"id":4169,"href":"https:\/\/www.rers-staubindemedoc.fr\/index.php?rest_route=\/wp\/v2\/pages\/4168\/revisions\/4169"}],"wp:attachment":[{"href":"https:\/\/www.rers-staubindemedoc.fr\/index.php?rest_route=%2Fwp%2Fv2%2Fmedia&parent=4168"}],"curies":[{"name":"wp","href":"https:\/\/api.w.org\/{rel}","templated":true}]}}