{"id":4245,"date":"2020-05-20T06:51:16","date_gmt":"2020-05-20T05:51:16","guid":{"rendered":"http:\/\/jacnux-server\/?page_id=4245"},"modified":"2020-10-15T10:35:28","modified_gmt":"2020-10-15T09:35:28","slug":"decouvrons-un-tableau","status":"publish","type":"page","link":"https:\/\/www.rers-staubindemedoc.fr\/?page_id=4245","title":{"rendered":"D\u00e9couvrons un tableau &#8230;"},"content":{"rendered":"<div id=\":4zx\" class=\"a3s aXjCH \">\n<div>\n<div>Bonjour \u00e0 tous !<\/div>\n<div>&nbsp;<\/div>\n<div>La contemplation d\u2019un tableau ne se r\u00e9sume pas \u00e0 une simple exp\u00e9rience visuelle.<\/div>\n<div>Depuis des si\u00e8cles, le langage muet de la peinture est riche en \u00e9quivoques : il attise sans cesse notre curiosit\u00e9. Entrer dans une image revient souvent \u00e0 perdre de vue notre r\u00e9alit\u00e9 bien tangible pour p\u00e9n\u00e9trer dans un monde fait de leurres autant que de v\u00e9rit\u00e9s, \u00e0 la merci des dispositifs plus ou moins honn\u00eates et des stratag\u00e8mes plus ou moins trompeurs de l\u2019artiste m\u00eame le mieux intentionn\u00e9.<\/div>\n<div>&nbsp;<\/div>\n<div>Il y a le myst\u00e8re de la main \u00e0 laquelle est due l\u2019\u0153uvre. Il y a aussi le myst\u00e8re du mod\u00e8le, du sujet repr\u00e9sent\u00e9. Puis viennent toutes les incertitudes entretenues par les artistes quant \u00e0 l\u2019identit\u00e9 du sujet, pour en multiplier le sens, \u00e9voquer une v\u00e9rit\u00e9 profonde ou nous \u00e9garer dans l\u2019\u00e9tranget\u00e9 ou la d\u00e9rision.<\/div>\n<div>&nbsp;<\/div>\n<div>\n<div>Il n\u2019est pas rare qu\u2019entre aussi dans ce plaisir des yeux une certaine fascination vis-\u00e0-vis du tour de force illusionniste de l\u2019artiste, voire quelque incertitude quant au myst\u00e8re li\u00e9 au ph\u00e9nom\u00e8ne de la repr\u00e9sentation\u2026<\/div>\n<div>&nbsp;<\/div>\n<div>Voil\u00e0 quelques pistes sur l\u2019approche que je vous propose dans cette rubrique.<\/div>\n<div>&nbsp;<\/div>\n<div>Bonnes d\u00e9couvertes picturales ! inspir\u00e9es du livre : <b>\u00ab&nbsp;Cent \u00e9nigmes de la peinture&nbsp;\u00bb<\/b><\/div>\n<div>\n<div><b> de&nbsp;G\u00e9rard-Julien SALVY<\/b><\/div>\n<\/div>\n<div>&nbsp;<\/div>\n<div>Artistiquement votre !<\/div>\n<div>&nbsp;<\/div>\n<div>Christine<\/div>\n<\/div>\n<\/div>\n<\/div>\n<p>&nbsp;<\/p>\n<p><a href=\"http:\/\/rers-staubindemedoc.fr\/?page_id=4345\"><span style=\"color: #0000ff;\"><strong>L\u2019Annonciation de Piero Della Francesca<\/strong><\/span><\/a><\/p>\n<p><a href=\"http:\/\/rers-staubindemedoc.fr\/?page_id=4340\"><span style=\"color: #0000ff;\"><strong>Portrait d\u2019une vieille femme de Quentin MASSYS ou METSYS<\/strong><\/span><\/a><\/p>\n<p><a href=\"http:\/\/rers-staubindemedoc.fr\/?page_id=4335\"><span style=\"color: #0000ff;\"><strong>Les Ambassadeurs de Hans HOBLEIN le jeune<\/strong><\/span><\/a><\/p>\n<p><a href=\"http:\/\/rers-staubindemedoc.fr\/?page_id=4330\"><strong><span style=\"color: #0000ff;\">Madeleine p\u00e9nitente de Georges de LA TOUR<\/span><\/strong><\/a><\/p>\n<p><a href=\"http:\/\/rers-staubindemedoc.fr\/?page_id=4324\"><span style=\"color: #0000ff;\"><strong>\u00ab\u00a0Tableau retourn\u00e9\u00a0\u00bb de&nbsp; Cornelius Norbertus Gijsbrechts<\/strong><\/span><\/a><\/p>\n<p><a href=\"http:\/\/rers-staubindemedoc.fr\/?page_id=4318\"><strong><span style=\"color: #0000ff;\">La Raie de Jean-Baptiste Sim\u00e9on Chardin<\/span><\/strong><\/a><\/p>\n<p><a href=\"http:\/\/rers-staubindemedoc.fr\/?page_id=4312\"><span style=\"color: #0000ff;\"><strong>L\u2019acteur Otani Oniji II de Toshusai Sharaku<\/strong><\/span><\/a><\/p>\n<p><a href=\"http:\/\/rers-staubindemedoc.fr\/?page_id=4306\"><strong><span style=\"color: #0000ff;\">Le Balcon d&rsquo;Edouard Manet<\/span><\/strong><\/a><\/p>\n<p><strong><a href=\"http:\/\/rers-staubindemedoc.fr\/?page_id=4299\"><span style=\"color: #0000ff;\">Nature Morte au Compotier de Paul Cezanne<\/span><\/a><\/strong><\/p>\n<p><strong><a href=\"http:\/\/rers-staubindemedoc.fr\/?page_id=4290\"><span style=\"color: #0000ff;\">L\u2019Enigme d\u2019un apr\u00e8s-midi d\u2019automne de Giorgio De Chirico<\/span><\/a><\/strong><\/p>\n<p><a href=\"http:\/\/rers-staubindemedoc.fr\/?page_id=4284\"><span style=\"color: #0000ff;\"><strong>Nature Morte de Giorgio Morandi<\/strong><\/span><\/a><\/p>\n<p><a href=\"http:\/\/rers-staubindemedoc.fr\/?page_id=4277\"><span style=\"color: #0000ff;\"><strong>La Reproduction Interdite de Ren\u00e9 Magritte<\/strong><\/span><\/a><\/p>\n<p><a href=\"http:\/\/rers-staubindemedoc.fr\/?page_id=4268\"><span style=\"color: #0000ff;\"><strong>Bureau, la Nuit de Edward Hopper<\/strong><\/span><\/a><\/p>\n<p><strong><span style=\"color: #0000ff;\"><a style=\"color: #0000ff;\" href=\"http:\/\/rers-staubindemedoc.fr\/?page_id=4259\">Etude pour une Figure de Francis Bacon<\/a><\/span><\/strong><\/p>\n<p><a href=\"http:\/\/rers-staubindemedoc.fr\/?page_id=4252\"><span style=\"color: #0000ff;\"><strong>Schools of Athens de Cy Twombly<\/strong><\/span><\/a><\/p>\n<p><span style=\"color: #0000ff;\"><a style=\"color: #0000ff;\" href=\"http:\/\/rers-staubindemedoc.fr\/?page_id=4239\"><b>Les \u00e9poux Arnolfini de&nbsp;<\/b><b>Jan Van Eyck<\/b><b>&nbsp;<\/b><\/a><\/span><\/p>\n<p><a href=\"http:\/\/rers-staubindemedoc.fr\/?page_id=4395\"><span style=\"font-family: Arial; color: #0000ff;\"><b>La Nef des Fous de Jer\u00f4me Bosch<\/b><\/span><\/a><b><\/b><\/p>\n<p><a href=\"http:\/\/rers-staubindemedoc.fr\/?page_id=4429\"><span style=\"color: #0000ff;\"><strong>Vertumne de Giuseppe Arcimboldo<\/strong><\/span><\/a><\/p>\n<p class=\"entry-title\"><a href=\"http:\/\/rers-staubindemedoc.fr\/?page_id=4437\"><strong><span style=\"color: #0000ff;\">Laocoon de Le Greco<\/span><\/strong><\/a><\/p>\n<p class=\"entry-title\"><a href=\"http:\/\/rers-staubindemedoc.fr\/?page_id=4471\"><span style=\"color: #0000ff;\"><strong>La Ronde de Nuit de Rembrandt Harmenszoon van Rijn<\/strong><\/span><\/a><\/p>\n<p><a href=\"http:\/\/rers-staubindemedoc.fr\/?page_id=4478\"><strong><span style=\"color: #0000ff;\">Les M\u00e9nines de Diego Rodr\u00edguez de Silva y Vel\u00e1zquez<\/span><\/strong><\/a><\/p>\n","protected":false},"excerpt":{"rendered":"<p>Bonjour \u00e0 tous ! &nbsp; La contemplation d\u2019un tableau ne se r\u00e9sume pas \u00e0 une simple exp\u00e9rience visuelle. Depuis des si\u00e8cles, le langage muet de la peinture est riche en \u00e9quivoques : il attise sans cesse notre curiosit\u00e9. Entrer dans une image revient souvent \u00e0 perdre de vue notre r\u00e9alit\u00e9 bien tangible pour p\u00e9n\u00e9trer dans [&hellip;]<\/p>\n","protected":false},"author":2,"featured_media":0,"parent":0,"menu_order":0,"comment_status":"closed","ping_status":"closed","template":"","meta":{"ngg_post_thumbnail":0,"footnotes":"","_links_to":"","_links_to_target":""},"class_list":["post-4245","page","type-page","status-publish","hentry"],"_links":{"self":[{"href":"https:\/\/www.rers-staubindemedoc.fr\/index.php?rest_route=\/wp\/v2\/pages\/4245","targetHints":{"allow":["GET"]}}],"collection":[{"href":"https:\/\/www.rers-staubindemedoc.fr\/index.php?rest_route=\/wp\/v2\/pages"}],"about":[{"href":"https:\/\/www.rers-staubindemedoc.fr\/index.php?rest_route=\/wp\/v2\/types\/page"}],"author":[{"embeddable":true,"href":"https:\/\/www.rers-staubindemedoc.fr\/index.php?rest_route=\/wp\/v2\/users\/2"}],"replies":[{"embeddable":true,"href":"https:\/\/www.rers-staubindemedoc.fr\/index.php?rest_route=%2Fwp%2Fv2%2Fcomments&post=4245"}],"version-history":[{"count":30,"href":"https:\/\/www.rers-staubindemedoc.fr\/index.php?rest_route=\/wp\/v2\/pages\/4245\/revisions"}],"predecessor-version":[{"id":4515,"href":"https:\/\/www.rers-staubindemedoc.fr\/index.php?rest_route=\/wp\/v2\/pages\/4245\/revisions\/4515"}],"wp:attachment":[{"href":"https:\/\/www.rers-staubindemedoc.fr\/index.php?rest_route=%2Fwp%2Fv2%2Fmedia&parent=4245"}],"curies":[{"name":"wp","href":"https:\/\/api.w.org\/{rel}","templated":true}]}}