{"id":4312,"date":"2020-05-20T07:55:04","date_gmt":"2020-05-20T06:55:04","guid":{"rendered":"http:\/\/jacnux-server\/?page_id=4312"},"modified":"2020-05-20T14:39:31","modified_gmt":"2020-05-20T13:39:31","slug":"lacteur-otani-oniji-ii-de-toshusai-sharaku","status":"publish","type":"page","link":"https:\/\/www.rers-staubindemedoc.fr\/?page_id=4312","title":{"rendered":"L\u2019acteur OTANI ONIJI II de Toshusai SHARAKU."},"content":{"rendered":"<div><b>T\u014dsh\u016bsai Sharaku<\/b>&nbsp;(actif de <a href=\"https:\/\/fr.wikipedia.org\/wiki\/1794\" target=\"_blank\" data-saferedirecturl=\"https:\/\/www.google.com\/url?q=https:\/\/fr.wikipedia.org\/wiki\/1794&amp;source=gmail&amp;ust=1590041194722000&amp;usg=AFQjCNHaFhnEyfjYjWNvOEta_nVEufNgjQ\">1794<\/a> \u00e0 <a href=\"https:\/\/fr.wikipedia.org\/wiki\/1795\" target=\"_blank\" data-saferedirecturl=\"https:\/\/www.google.com\/url?q=https:\/\/fr.wikipedia.org\/wiki\/1795&amp;source=gmail&amp;ust=1590041194722000&amp;usg=AFQjCNFmeQ-FwVfHjhvjMiMuS7INgURsng\">1795<\/a>), plus connu sous le seul nom de&nbsp;<i>Sharaku<\/i>, est tr\u00e8s g\u00e9n\u00e9ralement consid\u00e9r\u00e9 comme l&rsquo;un des grands ma\u00eetres de l&rsquo;<a href=\"https:\/\/fr.wikipedia.org\/wiki\/Estampe_japonaise\" target=\"_blank\" data-saferedirecturl=\"https:\/\/www.google.com\/url?q=https:\/\/fr.wikipedia.org\/wiki\/Estampe_japonaise&amp;source=gmail&amp;ust=1590041194722000&amp;usg=AFQjCNG7PKp2saSYvlpjJF43qLowEUlnXw\">estampe japonaise<\/a> (<a href=\"https:\/\/fr.wikipedia.org\/wiki\/Gravure_sur_bois\" target=\"_blank\" data-saferedirecturl=\"https:\/\/www.google.com\/url?q=https:\/\/fr.wikipedia.org\/wiki\/Gravure_sur_bois&amp;source=gmail&amp;ust=1590041194722000&amp;usg=AFQjCNFVHnTEbSQWFzTgppaybS4JgetACA\">gravure sur bois<\/a>). Son \u0153uvre repr\u00e9sente de fa\u00e7on particuli\u00e8rement vivante et audacieuse les acteurs de <a href=\"https:\/\/fr.wikipedia.org\/wiki\/Kabuki\" target=\"_blank\" data-saferedirecturl=\"https:\/\/www.google.com\/url?q=https:\/\/fr.wikipedia.org\/wiki\/Kabuki&amp;source=gmail&amp;ust=1590041194722000&amp;usg=AFQjCNHF9cZ9hbJAx24sqO3fhfw-kJmFJQ\">Kabuki<\/a> les plus c\u00e9l\u00e8bres de son temps.<\/div>\n<div>On sait cependant fort peu de choses de lui, en dehors de ses estampes <a href=\"https:\/\/fr.wikipedia.org\/wiki\/Ukiyo-e\" target=\"_blank\" data-saferedirecturl=\"https:\/\/www.google.com\/url?q=https:\/\/fr.wikipedia.org\/wiki\/Ukiyo-e&amp;source=gmail&amp;ust=1590041194722000&amp;usg=AFQjCNHKVVGVbn9Bpvo0bAC2di8kJLIDzw\"><i>ukiyo-e<\/i><\/a>&nbsp;; on ne sait m\u00eame pas avec certitude quel \u00e9tait son nom v\u00e9ritable, ni la date exacte de sa mort.<\/div>\n<div>On dit que Sharaku aurait \u00e9t\u00e9 un acteur de <a href=\"https:\/\/fr.wikipedia.org\/wiki\/N%C3%B4\" target=\"_blank\" data-saferedirecturl=\"https:\/\/www.google.com\/url?q=https:\/\/fr.wikipedia.org\/wiki\/N%25C3%25B4&amp;source=gmail&amp;ust=1590041194722000&amp;usg=AFQjCNHeYjk4BsGU4lIFz3t5LKWqbh5AIQ\">N\u00f4<\/a> de la <a href=\"https:\/\/fr.wikipedia.org\/wiki\/Province_d%27Awa_(Tokushima)\" target=\"_blank\" data-saferedirecturl=\"https:\/\/www.google.com\/url?q=https:\/\/fr.wikipedia.org\/wiki\/Province_d%2527Awa_(Tokushima)&amp;source=gmail&amp;ust=1590041194722000&amp;usg=AFQjCNF5wJ2la-tX9ICWyw8I0v35COfSJA\">province d&rsquo;Awa<\/a> (aujourd&rsquo;hui la pr\u00e9fecture de <a href=\"https:\/\/fr.wikipedia.org\/wiki\/Tokushima\" target=\"_blank\" data-saferedirecturl=\"https:\/\/www.google.com\/url?q=https:\/\/fr.wikipedia.org\/wiki\/Tokushima&amp;source=gmail&amp;ust=1590041194723000&amp;usg=AFQjCNGnqsNLQVZJbjCF9DF720mCguQp7Q\">Tokushima<\/a>)<\/div>\n<div>Sa carri\u00e8re en tant que ma\u00eetre de l&rsquo;ukiyo-e est une \u00e9nigme en soi, puisqu&rsquo;elle n&rsquo;a dur\u00e9 en tout que dix mois, du milieu de l&rsquo;ann\u00e9e 1794 jusqu&rsquo;au d\u00e9but de 1795. Une vie artistique aussi br\u00e8ve et fulgurante a bien s\u00fbr donn\u00e9 lieu \u00e0 toutes sortes d&rsquo;hypoth\u00e8ses explicatives, rendues n\u00e9cessaires par l&rsquo;apparition brutale de ce talent dans toute sa maturit\u00e9.<\/div>\n<div>Selon une th\u00e9orie, Sharaku n&rsquo;\u00e9tait pas une personne, mais un projet lanc\u00e9 par un groupe d&rsquo;artistes dans le but d&rsquo;aider un \u00e9diteur d&rsquo;estampes qui les avait aid\u00e9s. Selon cette th\u00e9orie, le nom Sharaku viendrait de <i>sharakusai<\/i> (sornettes), et serait une plaisanterie cach\u00e9e des artistes, qui savaient qu&rsquo;il n&rsquo;existait aucun Sharaku.<\/div>\n<div>Une autre th\u00e9orie associe Sharaku avec le grand ma\u00eetre de l&rsquo;ukiyo-e que fut <a href=\"https:\/\/fr.wikipedia.org\/wiki\/Hokusai\" target=\"_blank\" data-saferedirecturl=\"https:\/\/www.google.com\/url?q=https:\/\/fr.wikipedia.org\/wiki\/Hokusai&amp;source=gmail&amp;ust=1590041194723000&amp;usg=AFQjCNFi7LnsCD-U59LmeCYmALmKb9_45A\">Hokusai<\/a>. Cette explication repose sur la disparition de Hokusai du monde artistique entre les ann\u00e9es 1792 et 1796, ce qui correspond \u00e0 la p\u00e9riode o\u00f9 fleurit le talent de Sharaku. Mais cette th\u00e9orie ne repose gu\u00e8re que sur l&rsquo;explication qu&rsquo;elle apporterait \u00e0 l&rsquo;\u00e9clipse d&rsquo;Hokusai pendant cette p\u00e9riode.<\/div>\n<div>De m\u00eame, aucune hypoth\u00e8se fond\u00e9e n&rsquo;est venu \u00e9tayer la brutale disparition de Sharaku, moins d&rsquo;un an apr\u00e8s son apparition.<\/div>\n<div>&nbsp;<\/div>\n<div>On peut consid\u00e9rer que sa carri\u00e8re n&rsquo;a \u00e9t\u00e9 aussi br\u00e8ve que du fait de la nature radicale de son travail, qui ne manqua pas de soulever l&rsquo;hostilit\u00e9 du monde artistique d&rsquo;<a href=\"https:\/\/fr.wikipedia.org\/wiki\/%C3%89poque_d%27Edo\" target=\"_blank\" data-saferedirecturl=\"https:\/\/www.google.com\/url?q=https:\/\/fr.wikipedia.org\/wiki\/%25C3%2589poque_d%2527Edo&amp;source=gmail&amp;ust=1590041194723000&amp;usg=AFQjCNElRTAlm8Tap01cfyxNfry1G3njWw\">Edo<\/a>. Un manuscrit contemporain note&nbsp;:<\/div>\n<div>\u00ab&nbsp;Sharaku faisait le portrait des acteurs de <a href=\"https:\/\/fr.wikipedia.org\/wiki\/Kabuki\" target=\"_blank\" data-saferedirecturl=\"https:\/\/www.google.com\/url?q=https:\/\/fr.wikipedia.org\/wiki\/Kabuki&amp;source=gmail&amp;ust=1590041194723000&amp;usg=AFQjCNHkqD0dpeJJpgH4jZlOS-yJ9wfnZQ\">Kabuki<\/a>, mais, parce qu&rsquo;il les repr\u00e9sentait de mani\u00e8re trop fid\u00e8le, ses estampes ne respectaient pas les id\u00e9es du temps, et sa carri\u00e8re fut br\u00e8ve.&nbsp;\u00bb<\/div>\n<div>Il semble en effet probable que ses estampes, avec leur souci d&rsquo;extraire la derni\u00e8re goutte de v\u00e9rit\u00e9 de ses sujets au travers d&rsquo;une description attentive, quasi caricaturale, de leurs caract\u00e9ristiques personnelles, laissaient une certaine impression de malaise, qui les rendaient difficiles \u00e0 vendre.<\/div>\n<div>De fait, son art ne devint r\u00e9ellement tr\u00e8s appr\u00e9ci\u00e9 des collectionneurs japonais qu&rsquo;apr\u00e8s que les artistes et les collectionneurs occidentaux l&rsquo;eurent d\u00e9couvert, \u00e0 la fin du dix-neuvi\u00e8me si\u00e8cle. Il est aujourd&rsquo;hui consid\u00e9r\u00e9 comme un des plus grands artistes de l&rsquo;estampe japonaise, et le premier artiste \u00ab&nbsp;moderne&nbsp;\u00bb du Japon, ce qui, joint au tout petit nombre d&rsquo;estampes qui existent encore de lui aujourd&rsquo;hui, se traduit par des prix records en salles des ventes.<\/div>\n<div>&nbsp;<\/div>\n<div>&nbsp;<\/div>\n<div>&nbsp;<\/div>\n<div>&nbsp;<\/div>\n<div>&nbsp;<\/div>\n<div><b>L\u2019acteur OTANI ONIJI II<\/b><\/div>\n<div>&nbsp;<\/div>\n<div><a href=\"http:\/\/rers-staubindemedoc.fr\/?attachment_id=4314\" rel=\"attachment wp-att-4314\"><img loading=\"lazy\" decoding=\"async\" class=\"aligncenter wp-image-4314 size-full\" src=\"http:\/\/rers-staubindemedoc.fr\/wp-content\/uploads\/2020\/05\/sharaku.png\" width=\"413\" height=\"618\" srcset=\"https:\/\/www.rers-staubindemedoc.fr\/wp-content\/uploads\/2020\/05\/sharaku.png 413w, https:\/\/www.rers-staubindemedoc.fr\/wp-content\/uploads\/2020\/05\/sharaku-200x300.png 200w\" sizes=\"auto, (max-width: 413px) 100vw, 413px\" \/><\/a><\/div>\n<div class=\"adn ads\" data-message-id=\"#msg-f:1663880670155538143\" data-legacy-message-id=\"17174aa765427edf\">\n<div class=\"gs\">\n<div class=\"\">\n<div id=\":2nm\" class=\"ii gt\">\n<div id=\":17a\" class=\"a3s aXjCH \">\n<div>\n<div>&nbsp;<\/div>\n<div>&nbsp;<\/div>\n<div>&nbsp;<\/div>\n<div>Estampe polychrome de bois sur papier 38,1 x 22,9 cm<\/div>\n<div>&nbsp;<\/div>\n<div>&nbsp;<\/div>\n<div>&nbsp;<\/div>\n<div>T\u014dsh\u016bsai Sharaku, dont le talent est comparable \u00e0 celui d\u2019Utamaro (vers 1753 &#8211; 1806) est assur\u00e9ment l\u2019artiste le plus myst\u00e9rieux de l\u2019art de l\u2019estampe au Japon : de lui, on sait seulement qu\u2019il laissa pr\u00e8s de 150 estampes r\u00e9alis\u00e9es en une dizaine de mois, entre 1794 et 1795, c\u2019est \u00e0 dire au coeur de la p\u00e9riode Edo (1615 &#8211; 1868), un temps de paix relative et de prosp\u00e9rit\u00e9, garanties par la stabilit\u00e9 d\u2019une soci\u00e9t\u00e9 divis\u00e9e en 4 classes qui ne se m\u00e9langeaient que dans les quartiers de plaisirs, o\u00f9 \u00e9taient \u00e9tablis les th\u00e9\u00e2tres Kabuki.&nbsp;<\/div>\n<div>&nbsp;<\/div>\n<div>Le fait que Sharaku se soit sp\u00e9cialis\u00e9 dans les portraits d\u2019acteurs du th\u00e9\u00e2tre Kabuki a incit\u00e9 \u00e0 penser qu\u2019il avait \u00e9t\u00e9 l\u2019un des com\u00e9diens dou\u00e9s d\u2019un don extraordinaire pour illustrer sur leur visage la gamme des sentiments humains dans des intrigues r\u00e9duites aux th\u00e8mes les plus simples et les plus r\u00e9currents.&nbsp;<\/div>\n<div>&nbsp;<\/div>\n<div>Dans ces th\u00e9\u00e2tres, le public se plaisait au r\u00e9cit des exploits de guerriers, dans un m\u00e9lange de danse et de drame, mais aussi \u00e0 celui des mille et une intrigues de la vie quotidienne, et en particulier celles de la domesticit\u00e9.<\/div>\n<div>&nbsp;<\/div>\n<div>Autant de personnages portant des costumes \u00e9labor\u00e9s et dont le maquillage \u00e9tait strictement codifi\u00e9, les hommes jouant les r\u00f4les f\u00e9minins depuis un \u00e9dit de 1629.&nbsp;<\/div>\n<div>&nbsp;<\/div>\n<div>Otani Oniji II \u00e9taient l\u2019un de ces acteurs connus pour leurs r\u00f4les de domestiques au service d\u2019un samoura\u00ef, pour lequel ils accomplissaient sans scrupule les basses oeuvres indignes de son rang.&nbsp;<\/div>\n<div>&nbsp;<\/div>\n<div>En observant cet \u00ab&nbsp;okubi-e&nbsp;\u00bb, c\u2019est-\u00e0-dire un portrait en gros plan, c\u2019est en effet un homme roublard qui se pr\u00e9sente \u00e0 <span class=\"il\">nous<\/span>, violent et d\u00e9termin\u00e9, regard mena\u00e7ant et mains pr\u00eatent \u00e0 \u00e9trangler, le corps jet\u00e9 en avant pour mettre un terme d\u00e9finitif \u00e0 toute r\u00e9sistance. Certes l\u2019expression est exag\u00e9r\u00e9e, comme dans une caricature mais sans donner \u00e0 cet homme un aspect ridicule. Bref, le genre de personnage qu\u2019il suffit d\u2019avoir crois\u00e9 une seule fois pour qu\u2019il resurgisse comme un cauchemar.&nbsp;<\/div>\n<div>&nbsp;<\/div>\n<div>Quant \u00e0 la technique, elle se singularise par un trait simple et pr\u00e9cis, ainsi que par le recours \u00e0 une palette chromatique r\u00e9duite \u00e0 l\u2019essentiel.&nbsp;<\/div>\n<div>&nbsp;<\/div>\n<div>Mais, pour autant, au-del\u00e0 de ce sentiment d\u2019effroi amus\u00e9 devant une repr\u00e9sentation aussi r\u00e9aliste et peu flatteuse, <span class=\"il\">nous<\/span> avons l\u2019impression que quelque chose <span class=\"il\">nous<\/span> \u00e9chappe, que des allusions se d\u00e9robent.&nbsp;<\/div>\n<div>&nbsp;<\/div>\n<div>Dans la signification du motif du v\u00eatement, dans la forme de la coiffure, dans un d\u00e9tail que <span class=\"il\">nous<\/span> n\u2019avons pas su d\u00e9celer et qui v\u00e9hicule un message ?&nbsp;<\/div>\n<div>&nbsp;<\/div>\n<div>Un peu \u00e0 la fa\u00e7on d\u2019une phrase dont <span class=\"il\">nous<\/span> comprenons la plupart des mots qui la composent sans pour autant en saisir tout le sens.&nbsp;<\/div>\n<div>&nbsp;<\/div>\n<div>Au-del\u00e0 du plaisir esth\u00e9tique, ce monde <span class=\"il\">nous<\/span> demeure \u00e9tranger faute d\u2019en connaitre les codes.<\/div>\n<div class=\"yj6qo\">&nbsp;<\/div>\n<div class=\"adL\">&nbsp;<\/div>\n<\/div>\n<\/div>\n<\/div>\n<div class=\"hi\">&nbsp;<\/div>\n<\/div>\n<\/div>\n<div class=\"ajx\">&nbsp;<\/div>\n<\/div>\n<div class=\"gA gt acV\">\n<div class=\"gB xu\">\n<div class=\"ip iq\">\n<div id=\":2nn\">\n<table class=\"cf wS\">\n<tbody>\n<tr>\n<td class=\"amq\"><img decoding=\"async\" id=\":15e_40\" class=\"ajn bofPge\" src=\"https:\/\/ssl.gstatic.com\/ui\/v1\/icons\/mail\/no_photo.png\" name=\":15e\" data-hovercard-id=\"jeanalbert.canal@gmail.com\"><\/td>\n<\/tr>\n<\/tbody>\n<\/table>\n<\/div>\n<\/div>\n<\/div>\n<\/div>\n","protected":false},"excerpt":{"rendered":"<p>T\u014dsh\u016bsai Sharaku&nbsp;(actif de 1794 \u00e0 1795), plus connu sous le seul nom de&nbsp;Sharaku, est tr\u00e8s g\u00e9n\u00e9ralement consid\u00e9r\u00e9 comme l&rsquo;un des grands ma\u00eetres de l&rsquo;estampe japonaise (gravure sur bois). Son \u0153uvre repr\u00e9sente de fa\u00e7on particuli\u00e8rement vivante et audacieuse les acteurs de Kabuki les plus c\u00e9l\u00e8bres de son temps. On sait cependant fort peu de choses de [&hellip;]<\/p>\n","protected":false},"author":2,"featured_media":0,"parent":0,"menu_order":0,"comment_status":"open","ping_status":"closed","template":"","meta":{"ngg_post_thumbnail":0,"footnotes":"","_links_to":"","_links_to_target":""},"class_list":["post-4312","page","type-page","status-publish","hentry"],"_links":{"self":[{"href":"https:\/\/www.rers-staubindemedoc.fr\/index.php?rest_route=\/wp\/v2\/pages\/4312","targetHints":{"allow":["GET"]}}],"collection":[{"href":"https:\/\/www.rers-staubindemedoc.fr\/index.php?rest_route=\/wp\/v2\/pages"}],"about":[{"href":"https:\/\/www.rers-staubindemedoc.fr\/index.php?rest_route=\/wp\/v2\/types\/page"}],"author":[{"embeddable":true,"href":"https:\/\/www.rers-staubindemedoc.fr\/index.php?rest_route=\/wp\/v2\/users\/2"}],"replies":[{"embeddable":true,"href":"https:\/\/www.rers-staubindemedoc.fr\/index.php?rest_route=%2Fwp%2Fv2%2Fcomments&post=4312"}],"version-history":[{"count":4,"href":"https:\/\/www.rers-staubindemedoc.fr\/index.php?rest_route=\/wp\/v2\/pages\/4312\/revisions"}],"predecessor-version":[{"id":4362,"href":"https:\/\/www.rers-staubindemedoc.fr\/index.php?rest_route=\/wp\/v2\/pages\/4312\/revisions\/4362"}],"wp:attachment":[{"href":"https:\/\/www.rers-staubindemedoc.fr\/index.php?rest_route=%2Fwp%2Fv2%2Fmedia&parent=4312"}],"curies":[{"name":"wp","href":"https:\/\/api.w.org\/{rel}","templated":true}]}}