{"id":4324,"date":"2020-05-20T08:03:42","date_gmt":"2020-05-20T07:03:42","guid":{"rendered":"http:\/\/jacnux-server\/?page_id=4324"},"modified":"2020-05-20T14:36:21","modified_gmt":"2020-05-20T13:36:21","slug":"tableau-retourne-de-cornelius-norbertus-gijsbrechts","status":"publish","type":"page","link":"https:\/\/www.rers-staubindemedoc.fr\/?page_id=4324","title":{"rendered":"Tableau retourn\u00e9 \u00bb de  Cornelius NORBERTUS Gijsbrechts"},"content":{"rendered":"<div><b>Cornelis Norbertus Gysbrechts<\/b> ou <b>Gijsbrechts<\/b> (1630 &#8211; 1675~) est un <a href=\"https:\/\/fr.wikipedia.org\/wiki\/Peinture\" target=\"_blank\" data-saferedirecturl=\"https:\/\/www.google.com\/url?q=https:\/\/fr.wikipedia.org\/wiki\/Peinture&amp;source=gmail&amp;ust=1590041194745000&amp;usg=AFQjCNHVuDp4DlsZRwPwNuiVLQJT1WpH-Q\">peintre<\/a> flamand, actif dans la deuxi\u00e8me moiti\u00e9 du <a href=\"https:\/\/fr.wikipedia.org\/wiki\/XVIIe_si%C3%A8cle\" target=\"_blank\" data-saferedirecturl=\"https:\/\/www.google.com\/url?q=https:\/\/fr.wikipedia.org\/wiki\/XVIIe_si%25C3%25A8cle&amp;source=gmail&amp;ust=1590041194745000&amp;usg=AFQjCNGd0TOTFX0F94G6V_9wfA5QWjmHUQ\">xvii<sup>e<\/sup>&nbsp;si\u00e8cle<\/a>, n\u00e9 vers <a href=\"https:\/\/fr.wikipedia.org\/wiki\/1630\" target=\"_blank\" data-saferedirecturl=\"https:\/\/www.google.com\/url?q=https:\/\/fr.wikipedia.org\/wiki\/1630&amp;source=gmail&amp;ust=1590041194745000&amp;usg=AFQjCNEOMbIYFcAzEkBmvASlIOGBOWg2WA\">1630<\/a>, mort apr\u00e8s <a href=\"https:\/\/fr.wikipedia.org\/wiki\/1675\" target=\"_blank\" data-saferedirecturl=\"https:\/\/www.google.com\/url?q=https:\/\/fr.wikipedia.org\/wiki\/1675&amp;source=gmail&amp;ust=1590041194745000&amp;usg=AFQjCNH0hr0qsoF_wb50JAXGNDpHYiFlCw\">1675<\/a>, et sp\u00e9cialis\u00e9 dans les <a href=\"https:\/\/fr.wikipedia.org\/wiki\/Nature_morte\" target=\"_blank\" data-saferedirecturl=\"https:\/\/www.google.com\/url?q=https:\/\/fr.wikipedia.org\/wiki\/Nature_morte&amp;source=gmail&amp;ust=1590041194745000&amp;usg=AFQjCNH6LWW2_J9gukUvG1GMfzksCMH10A\">natures mortes<\/a> et les <a href=\"https:\/\/fr.wikipedia.org\/wiki\/Trompe-l%27%C5%93il\" target=\"_blank\" data-saferedirecturl=\"https:\/\/www.google.com\/url?q=https:\/\/fr.wikipedia.org\/wiki\/Trompe-l%2527%25C5%2593il&amp;source=gmail&amp;ust=1590041194745000&amp;usg=AFQjCNFYOrcwZE0Un87DN3VCRkkaEVpUDQ\">trompe-l&rsquo;\u0153il<\/a>.<\/div>\n<div>Franc-ma\u00eetre de la <a href=\"https:\/\/fr.wikipedia.org\/wiki\/Corporations_de_m%C3%A9tiers_artistiques_(Pays-Bas)\" target=\"_blank\" data-saferedirecturl=\"https:\/\/www.google.com\/url?q=https:\/\/fr.wikipedia.org\/wiki\/Corporations_de_m%25C3%25A9tiers_artistiques_(Pays-Bas)&amp;source=gmail&amp;ust=1590041194745000&amp;usg=AFQjCNFlifCEfptObNsCOcHBgWxp0KlDCw\">guilde de Saint-Luc<\/a> \u00e0 <a href=\"https:\/\/fr.wikipedia.org\/wiki\/Anvers\" target=\"_blank\" data-saferedirecturl=\"https:\/\/www.google.com\/url?q=https:\/\/fr.wikipedia.org\/wiki\/Anvers&amp;source=gmail&amp;ust=1590041194745000&amp;usg=AFQjCNHPdFQ5I4SK0qomeb3wZDrKsQZswQ\">Anvers<\/a> en 1659, Cornelis Norbertus Gysbrechts est peintre de la cour du roi de <a href=\"https:\/\/fr.wikipedia.org\/wiki\/Danemark\" target=\"_blank\" data-saferedirecturl=\"https:\/\/www.google.com\/url?q=https:\/\/fr.wikipedia.org\/wiki\/Danemark&amp;source=gmail&amp;ust=1590041194745000&amp;usg=AFQjCNEHpcfAI51wVivsCCkP-SzrvRKqKg\">Danemark<\/a>, <a href=\"https:\/\/fr.wikipedia.org\/wiki\/Christian_V_de_Danemark\" target=\"_blank\" data-saferedirecturl=\"https:\/\/www.google.com\/url?q=https:\/\/fr.wikipedia.org\/wiki\/Christian_V_de_Danemark&amp;source=gmail&amp;ust=1590041194745000&amp;usg=AFQjCNFXUxVD43XRSdVRLjTGgNiI6mV7sA\">Christian V<\/a>, \u00e0 <a href=\"https:\/\/fr.wikipedia.org\/wiki\/Copenhague\" target=\"_blank\" data-saferedirecturl=\"https:\/\/www.google.com\/url?q=https:\/\/fr.wikipedia.org\/wiki\/Copenhague&amp;source=gmail&amp;ust=1590041194745000&amp;usg=AFQjCNEbWHghh1DVxfpLB7CW_doTqszXUg\">Copenhague<\/a> entre 1670 et 1672. C&rsquo;est dans cette derni\u00e8re ville qu&rsquo;il semble avoir fait une grande partie de sa carri\u00e8re. Directeur d\u2019une maison d\u2019ench\u00e8res, il y fit vendre un bon nombre de ses tableaux, marqu\u00e9s par son talent en mati\u00e8re de trompe-l\u2019\u0153il. En 1659-1660, il devient ma\u00eetre de la guilde de St Luc d\u2019Anvers.<\/div>\n<div>&nbsp;<\/div>\n<div>&nbsp;<\/div>\n<div>\u00ab\u00a0<b><span style=\"font-family: Arial; font-size: medium;\">Tableau retourn\u00e9&nbsp;\u00bb de &nbsp;<\/span><\/b><b>Cornelius NORBERTUS Gijsbrechts.<\/b><\/div>\n<div><b>&nbsp;<\/b><\/div>\n<div>&nbsp;<\/div>\n<div><a href=\"http:\/\/rers-staubindemedoc.fr\/?attachment_id=4326\" rel=\"attachment wp-att-4326\"><img loading=\"lazy\" decoding=\"async\" class=\"aligncenter wp-image-4326 size-full\" src=\"http:\/\/rers-staubindemedoc.fr\/wp-content\/uploads\/2020\/05\/norbertus.png\" width=\"482\" height=\"357\" srcset=\"https:\/\/www.rers-staubindemedoc.fr\/wp-content\/uploads\/2020\/05\/norbertus.png 482w, https:\/\/www.rers-staubindemedoc.fr\/wp-content\/uploads\/2020\/05\/norbertus-300x222.png 300w\" sizes=\"auto, (max-width: 482px) 100vw, 482px\" \/><\/a><\/div>\n<div>&nbsp;<\/div>\n<div>&nbsp;<\/div>\n<div>&nbsp;<\/div>\n<div>\n<div>Non, un conservateur de mus\u00e9e distrait ou fac\u00e9tieux n\u2019a pas accroch\u00e9 cette peinture \u00e0 l\u2019envers. Ce tableau comme tout tableau \u00e0 deux c\u00f4t\u00e9s, mais cette fois identiques, ou presque : l\u2019endroit et l\u2019envers, celui-l\u00e0 vierge, celui-ci peint.<\/div>\n<div>&nbsp;<\/div>\n<div>Cornelius NORBERTUS Gijsbrechts, auteur de cette oeuvre troublante, est probablement n\u00e9 \u00e0 Anvers &#8211; o\u00f9 l\u2019on voit son nom mentionn\u00e9 dans les registres de la guilde de Saint-Luc en 1659-1660 -, puis travailla \u00e0 Regensburg et Hambourg avant de s\u2019installer vers 1668 \u00e0 Copenhague, o\u00f9 il devient peintre de la cour, au service de Fr\u00e9d\u00e9ric III puis de Christian V, tous deux grands amateurs de trompe l\u2019oeil, de vanit\u00e9s et d\u2019anamorphoses, dont ils accumul\u00e8rent un impressionnant nombre d\u2019exemplaires dans une \u00ab&nbsp;kunstkammer&nbsp;\u00bb et une \u00ab&nbsp;perspektivkammer&nbsp;\u00bb con\u00e7ues autant pour les abriter que pour abuser les sens du visiteur.<\/div>\n<div>&nbsp;<\/div>\n<div>Nombre de ces trompe-l\u2019oeil repr\u00e9sentaient de fausses biblioth\u00e8ques garnies d\u2019ouvrages restitu\u00e9s avec le plus grand r\u00e9alisme, lesquels \u00e9taient parfois accompagn\u00e9s de divers objets exotiques montr\u00e9s derri\u00e8re la vitre d\u2019un cabinet d\u2019amateur en partie vrai et en partie faux (par exemple, une fausse porte \u00e9quip\u00e9e d\u2019une vraie serrure ou une vraie porte \u00e9quip\u00e9e d\u2019une fausse-serrure), m\u00ealant ainsi les deux dimensions de la repr\u00e9sentation aux trois dimensions de la r\u00e9alit\u00e9.<\/div>\n<div>&nbsp;<\/div>\n<div>D\u2019autres fois, cet artiste peignait des instruments d\u2019\u00e9criture et les feuillets d\u2019une correspondance, sur lesquels on peut lire la chronique de divers \u00e9v\u00e8nements, dont certains li\u00e9s \u00e0 sa vie \u00e0 la cour. Enfin, Cornelius NORBERTUS Gijsbrechts, visiblement soucieux de pousser jusqu\u2019\u00e0 l\u2019extr\u00eame limite la technique du trompe-l\u2019oeil, r\u00e9alisa quelques oeuvres que l\u2019on pourrait qualifier de plus \u00ab&nbsp;radicales&nbsp;\u00bb en peignant l\u2019arri\u00e8re de la toile, d\u00e9limit\u00e9e par le bois du ch\u00e2ssis, lui aussi peint, et retenue par de faux clous, tout en laissant vierge le c\u00f4t\u00e9 face du tableau, ouvrant ainsi une perspective vertigineuse tant pour la vue que pour la r\u00e9flexion.<\/div>\n<div>&nbsp;<\/div>\n<div>Le but d\u2019une telle entreprise ?<\/div>\n<div>Induire en erreur le spectateur, ici avec un raffinement presque sadique, en ajoutant une petite \u00e9tiquette portant un num\u00e9ro, comme si ce tableau avait \u00e9t\u00e9 n\u00e9gligemment pos\u00e9 contre la cimaise d\u2019une salle de vente aux ench\u00e8res.<\/div>\n<div>Ce que <span class=\"il\">nous<\/span> dit Cornelius NORBERTUS Gijsbrechts, c\u2019est que toute apparence n\u2019est qu\u2019une illusion. Et aussi, avec cette \u00e9tiquette portant inscrit le num\u00e9ro 36, que tout est transitoire : l\u2019oeuvre, en elle-m\u00eame immuable, en changeant de main change de sens pour celui qui l\u2019observe, et ainsi change aussi de valeur comme de nature, car le tableau n\u2019est plus qu\u2019un objet parmi d\u2019autres.<\/div>\n<div>&nbsp;<\/div>\n<div>Dans ce pays profond\u00e9ment protestant qu\u2019est le Danemark, Cornelius NORBERTUS Gijsbrechts invite \u00e0 <span class=\"il\">nous<\/span> interroger sur le statut de la repr\u00e9sentation d\u00e8s lors que les tableaux ont d\u00e9sert\u00e9 les autels des \u00e9glises pour satisfaire au plaisir du collectionneur en son cabinet. L\u2019image a disparu de la surface de la toile, et pourtant ceci demeure incontestablement un tableau. Ainsi, comme en se jouant, ou plut\u00f4t en se jouant de <span class=\"il\">nous<\/span>, Cornelius NORBERTUS Gijsbrechts, trois si\u00e8cles avant de st\u00e9riles et d\u2019arrogants discours, a renvoy\u00e9 certains artistes contemporains soucieux d\u2019avant-garde \u00e0 leur n\u00e9ant.<\/div>\n<div class=\"yj6qo\">&nbsp;<\/div>\n<div class=\"adL\">&nbsp;<\/div>\n<\/div>\n<div class=\"adL\">&nbsp;<\/div>\n","protected":false},"excerpt":{"rendered":"<p>Cornelis Norbertus Gysbrechts ou Gijsbrechts (1630 &#8211; 1675~) est un peintre flamand, actif dans la deuxi\u00e8me moiti\u00e9 du xviie&nbsp;si\u00e8cle, n\u00e9 vers 1630, mort apr\u00e8s 1675, et sp\u00e9cialis\u00e9 dans les natures mortes et les trompe-l&rsquo;\u0153il. Franc-ma\u00eetre de la guilde de Saint-Luc \u00e0 Anvers en 1659, Cornelis Norbertus Gysbrechts est peintre de la cour du roi de [&hellip;]<\/p>\n","protected":false},"author":2,"featured_media":0,"parent":0,"menu_order":0,"comment_status":"open","ping_status":"closed","template":"","meta":{"ngg_post_thumbnail":0,"footnotes":"","_links_to":"","_links_to_target":""},"class_list":["post-4324","page","type-page","status-publish","hentry"],"_links":{"self":[{"href":"https:\/\/www.rers-staubindemedoc.fr\/index.php?rest_route=\/wp\/v2\/pages\/4324","targetHints":{"allow":["GET"]}}],"collection":[{"href":"https:\/\/www.rers-staubindemedoc.fr\/index.php?rest_route=\/wp\/v2\/pages"}],"about":[{"href":"https:\/\/www.rers-staubindemedoc.fr\/index.php?rest_route=\/wp\/v2\/types\/page"}],"author":[{"embeddable":true,"href":"https:\/\/www.rers-staubindemedoc.fr\/index.php?rest_route=\/wp\/v2\/users\/2"}],"replies":[{"embeddable":true,"href":"https:\/\/www.rers-staubindemedoc.fr\/index.php?rest_route=%2Fwp%2Fv2%2Fcomments&post=4324"}],"version-history":[{"count":4,"href":"https:\/\/www.rers-staubindemedoc.fr\/index.php?rest_route=\/wp\/v2\/pages\/4324\/revisions"}],"predecessor-version":[{"id":4360,"href":"https:\/\/www.rers-staubindemedoc.fr\/index.php?rest_route=\/wp\/v2\/pages\/4324\/revisions\/4360"}],"wp:attachment":[{"href":"https:\/\/www.rers-staubindemedoc.fr\/index.php?rest_route=%2Fwp%2Fv2%2Fmedia&parent=4324"}],"curies":[{"name":"wp","href":"https:\/\/api.w.org\/{rel}","templated":true}]}}