{"id":4429,"date":"2020-06-03T08:08:15","date_gmt":"2020-06-03T07:08:15","guid":{"rendered":"http:\/\/jacnux-server\/?page_id=4429"},"modified":"2020-06-03T08:10:21","modified_gmt":"2020-06-03T07:10:21","slug":"vertumne-de-giuseppe-arcimboldo","status":"publish","type":"page","link":"https:\/\/www.rers-staubindemedoc.fr\/?page_id=4429","title":{"rendered":"Vertumne de Giuseppe Arcimboldo"},"content":{"rendered":"<div><b>Giuseppe Arcimboldo<\/b> (Milan, 1527 \u2013 Milan, 1593), est un peintre mani\u00e9riste, mondialement connu pour ses nombreux portraits d\u00e9lirants compos\u00e9s de fruits, de v\u00e9g\u00e9taux ou d\u2019animaux qui se changent comme par magie en visages humains. Il est aussi consid\u00e9r\u00e9 comme le pr\u00e9curseur du surr\u00e9alisme.<\/div>\n<div>Il se fait remarquer en travaillant avec son p\u00e8re artisan peintre au cours de la r\u00e9alisation de l\u2019ornementation de la cath\u00e9drale de Milan, Il r\u00e9alise alors des cartons de vitraux. En 1562 son talent est demand\u00e9 \u00e0 la cour de Vienne pour devenir portraitiste de l\u2019empereur Ferdinand 1er, poste qu\u2019il occupera aussi sous les r\u00e8gnes de Maximilien II et de Rodolphe II C\u2019est aux c\u00f4t\u00e9s de la famille imp\u00e9riale qu\u2019il r\u00e9alise ses premi\u00e8res \u00ab&nbsp;t\u00eates compos\u00e9es&nbsp;\u00bb \u00e0 base de fruits, de l\u00e9gumes, de v\u00e9g\u00e9taux, d\u2019animaux. Ses oeuvres suscitent imm\u00e9diatement un v\u00e9ritable engouement \u00e0 la cour, elles feront sa c\u00e9l\u00e9brit\u00e9.<\/div>\n<div>&nbsp;<\/div>\n<div>Le peintre italien est d\u00e9bordant d\u2019imagination. Il \u00e9labore des portraits all\u00e9goriques juxtaposant v\u00e9g\u00e9taux ou min\u00e9raux, animaux ou objets : les \u00ab t\u00eates compos\u00e9es \u00bb, qui montrent des formes humaines symbolisant les saisons, (L\u2019Et\u00e9 et L\u2019Hiver, L\u2019 Automne 1563 ), les quatre \u00e9l\u00e9ments (le Feu et l\u2019Eau de 1566, se trouvent au Kunsthistorisches Museum de Vienne) ou les personnifications de m\u00e9tiers (le Biblioth\u00e9caire, le Juriste).<\/div>\n<div>Devenu indispensable \u00e0 la cour, on lui donne la charge d\u2019enrichir les cabinets d\u2019arts et de curiosit\u00e9s des empereurs. Ce sont de grandes pi\u00e8ces remplies de Bric et de Brac, on y trouve des animaux exotiques empaill\u00e9s, des reliques chr\u00e9tiennes, des momies, des objets magiques\u2026 Il devient aussi le \u00ab&nbsp;ma\u00eetre des f\u00eates&nbsp;\u00bb de la cour, il pr\u00e9pare des tournois, cr\u00e9e des costumes, de fabuleux d\u00e9cors de chars pour les cort\u00e8ges, invente des jeux de jets d\u2019eau ou des carrousels.<\/div>\n<div>En 1587, apr\u00e8s vingt-cinq ans de bons et loyaux services, il retourne en Italie pour y finir ses jours en promettant \u00e0 l\u2019empereur Rodolphe II de continuer \u00e0 lui envoyer des toiles, ce qu\u2019il fera presque jusqu\u2019\u00e0 sa mort en 1593.<\/div>\n<div>&nbsp;<\/div>\n<div>Arcimboldo a connu une immense gloire de son vivant. Il a brill\u00e9 \u00e0 la cour imp\u00e9riale des Habsbourg \u00e0 Vienne, au XVIe si\u00e8cle. Puis il est tomb\u00e9 totalement dans l\u2019oubli. Les t\u00eates anthropomorphes et l\u2019oeuvre d\u2019Arcimboldo sont red\u00e9couvertes au XXe&nbsp;si\u00e8cle par les <a href=\"https:\/\/peinture-et-passion.com\/\" target=\"_blank\" data-saferedirecturl=\"https:\/\/www.google.com\/url?q=https:\/\/peinture-et-passion.com\/&amp;source=gmail&amp;ust=1591254446396000&amp;usg=AFQjCNEUk9iJrfa8axCet4w5zDVRkyWTEg\">artistes peintres<\/a> surr\u00e9alistes adeptes du jeu de mots visuel.<\/div>\n<div>&nbsp;<\/div>\n<div>&nbsp;<\/div>\n<div><b>Vertumne<\/b><\/div>\n<div><b>&nbsp;<\/b><\/div>\n<div>&nbsp;<a href=\"http:\/\/rers-staubindemedoc.fr\/?attachment_id=4432\" rel=\"attachment wp-att-4432\"><img loading=\"lazy\" decoding=\"async\" class=\"wp-image-4432 size-full aligncenter\" src=\"http:\/\/rers-staubindemedoc.fr\/wp-content\/uploads\/2020\/06\/Vertunne.png\" width=\"480\" height=\"591\" srcset=\"https:\/\/www.rers-staubindemedoc.fr\/wp-content\/uploads\/2020\/06\/Vertunne.png 480w, https:\/\/www.rers-staubindemedoc.fr\/wp-content\/uploads\/2020\/06\/Vertunne-244x300.png 244w\" sizes=\"auto, (max-width: 480px) 100vw, 480px\" \/><\/a><\/div>\n<p>&nbsp;<\/p>\n<div>&nbsp;<\/div>\n<div><b>Huile sur toile &#8211; 70 x 58 cm &#8211; 1590<\/b><\/div>\n<div>&nbsp;<\/div>\n<div>Arcimboldo est un inconnu c\u00e9l\u00e8bre : chacun a vu ses oeuvres reproduites, mais de lui on sait relativement peu de chose, sinon qu\u2019il b\u00e9n\u00e9ficia d\u2019un incontestable renom de son vivant avant de tomber ensuite dans l\u2019oubli, d\u2019o\u00f9 il n\u2019\u00e9mergea qu\u2019au si\u00e8cle dernier.<\/div>\n<div>&nbsp;<\/div>\n<div>N\u00e9 \u00e0 Milan, non pas, comme il l\u2019affirmait, dans une famille de la plus ancienne aristocratie, mais d\u2019artistes et d\u2019artisans, il aurait d\u2019abord ex\u00e9cut\u00e9 des cartons de vitraux pour le Duomo tout en fr\u00e9quentant l\u2019acad\u00e9mie de Lomazzo. Il y c\u00f4toie des \u00e9l\u00e8ves de L\u00e9onard de Vinci et fr\u00e9quente aussi Bernardino Muini, qui poss\u00e9dait des carnets de dessins du ma\u00eetre, ce qui ouvre une premi\u00e8re piste pour situer l\u2019origine de sa singuli\u00e8re inspiration, car ceux-ci lui permirent de d\u00e9couvrir un monde peupl\u00e9 de personnages souvent monstrueux, \u00e0 mi-chemin entre l\u2019homme et l\u2019animal.<\/div>\n<div>&nbsp;<\/div>\n<div>Ayant acquis une certaine r\u00e9putation dans la r\u00e9alisation de d\u00e9cors de f\u00eates, il parvient \u00e0 attirer l\u2019attention de Ferdinand 1er de Habsbourg, qui lui commande une s\u00e9rie de blasons puis l\u2019invite en 1562 \u00e0 Vienne en lui conf\u00e9rant le titre de peintre de la cour, lequel cachait en r\u00e9alit\u00e9 des besognes souvent modestes, dont celle de copier des portraits de la famille imp\u00e9riale. Il y demeurera pendant le r\u00e8gne de son successeur, Maximilien II, avec lequel il entretient des rapports plus \u00e9troits, ce qui lui permet de passer de travaux tr\u00e8s classiques \u00e0 la production de ces fameuses t\u00eates anthropomorphes pour lesquelles nous le connaissons. Puis il suit Rodolphe II \u00e0 Prague, ne regagnant sa patrie qu\u2019en 1587 &#8211; d\u2019o\u00f9 il continuera d\u2019envoyer des peintures \u00e0 l\u2019empereur -, accompagn\u00e9 d\u2019un fils de 13 ans dont la m\u00e8re n\u2019a toujours pas \u00e9t\u00e9 identifi\u00e9e.&nbsp;<\/div>\n<div>&nbsp;<\/div>\n<div>C\u2019est donc \u00e0 l\u2019\u00e9poque o\u00f9 il vit \u00e0 la cour de Maximilien II qu\u2019Arcimboldo \u00e9labore ces \u00ab&nbsp;compositions potag\u00e8res&nbsp;\u00bb qui sont devenues l\u2019embl\u00e8me de son style, afin d\u2019ex\u00e9cuter un premier cycle consacr\u00e9 aux quatre saisons, avec notamment un \u00ab&nbsp;Printemps&nbsp;\u00bb en forme de t\u00eate constell\u00e9e d\u2019une mosa\u00efque de fleurs, et un \u00ab&nbsp;Et\u00e9&nbsp;\u00bb aux joues de p\u00eaches m\u00fbres, au menton de poires, aux cheveux \u00e9bouriff\u00e9s d\u2019\u00e9pis de ma\u00efs, piqu\u00e9s de cerises, de framboises et de prunes. Proc\u00e9d\u00e9 qu\u2019il reprendra pour des portraits ou des compositions all\u00e9goriques, sans oublier ces monstres marins grouillant de mollusques et de crustac\u00e9s qui lui servent \u00e0 r\u00e9aliser une all\u00e9gorie de \u00ab&nbsp;l\u2019eau&nbsp;\u00bb.&nbsp;<\/div>\n<div>&nbsp;<\/div>\n<div>Comment expliquer ce changement de style inopin\u00e9 ?&nbsp;<\/div>\n<div>Probablement par la d\u00e9couverte des cabinets de curiosit\u00e9s par lesquels Maximilien II, et plus encore son successeur, Rodolphe II, nourrissaient une passion fr\u00e9n\u00e9tique.<\/div>\n<div>Dans cette Wunderkammer &#8211; c\u2019est \u00e0 dire la chambre des merveilles &#8211; o\u00f9 se c\u00f4toient curiosit\u00e9s de tous genres et instruments scientifiques (flanqu\u00e9e d\u2019une m\u00e9nagerie r\u00e9unissant des animaux jusqu\u2019alors inconnus, souvent venus du Nouveau Monde, et d\u2019un jardin orn\u00e9 de plantes rares), Arcimboldo qui \u00e9tait un homme \u00e9rudit, grand lecteur aux int\u00e9r\u00eats \u00e9clectiques, fascin\u00e9 autant par la musique que par les sciences, d\u00e9couvre notamment des t\u00eates anthropomorphes dues \u00e0 des artistes de l\u2019Antiquit\u00e9 et des masques n\u00e9s de la fantaisie des artisans am\u00e9rindiens. Cabinet de curiosit\u00e9s que l\u2019artiste sera aussi charg\u00e9 d\u2019enrichir, tant furent appr\u00e9ci\u00e9s ses dons d\u2019habile n\u00e9gociateur comme d\u2019homme de go\u00fbt.&nbsp;<\/div>\n<div>&nbsp;<\/div>\n<div>C\u2019est donc la personnalit\u00e9 de Maximilien II, son protecteur attentif et bienveillant, aimant s\u2019entourer d\u2019humanistes et d\u2019hommes de sciences, qui permit \u00e0 Arcimboldo &#8211; souvent d\u00e9sign\u00e9 en Autriche comme le \u00ab&nbsp;Leonard des Habsbourg&nbsp;\u00bb &#8211; de faire admettre&nbsp; ses \u00e9tranges peintures, lesquelles doivent \u00eatre lues comme des r\u00e9bus ou des all\u00e9gories du pouvoir. Mais c\u2019est avec Rodolphe II, souverain fantasque et farouchement solitaire, \u00e0 la personnalit\u00e9 complexe et \u00e9nigmatique, comme nous avons eu l\u2019occasion de le voir qu\u2019Arcimboldo nouera des liens dont la profondeur t\u00e9moigne d\u2019une v\u00e9ritable complicit\u00e9, notamment n\u00e9e de leur passion commune pour l\u2019\u00e9sot\u00e9risme comme pour tout ce qui est \u00ab&nbsp;anormal&nbsp;\u00bb, des perles d\u00e9form\u00e9es jusqu\u2019aux foetus d\u2019enfants morts n\u00e9s, dont l\u2019empereur conservait des exemplaires dans des bocaux align\u00e9s sur les rayons de sa biblioth\u00e8que.<\/div>\n<div>&nbsp;<\/div>\n<div>C\u2019est dans ces circonstances qu\u2019Arcimboldo repr\u00e9sentera Rodolphe II en Vertumne, cet ancien roi d\u2019Etrurie dont on avait fait le Dieu de la nature, des saisons, et donc des jardins et des vergers, qui jouissait aussi du privil\u00e8ge de changer de forme \u00e0 son gr\u00e9, et qu\u2019Ovide d\u00e9crit successivement en laboureur, moissonneur, vigneron et vieille femme, d\u00e9signant ainsi le Printemps, l\u2019Et\u00e9, l\u2019Automne et l\u2019Hiver. Autrement dit une figure \u00e9chappant au passage du temps, incarnation du pouvoir de Rodolphe.<\/div>\n<div>&nbsp;<\/div>\n<div>C\u2019est ce pourvoir consid\u00e9r\u00e9 comme garant d\u2019abondance que nous pr\u00e9sente Arcimboldo au travers de cette \u00e9trange image r\u00e9unissant les l\u00e9gumes et les fruits les plus rares.&nbsp;<\/div>\n<div>Peinte apr\u00e8s son retour \u00e0 Milan, elle est \u00e0 la fois un souvenir de son s\u00e9jour pragois et un hommage \u00e0 son m\u00e9c\u00e8ne et protecteur, dont le raffinement t\u00e9moigne de l\u2019affinit\u00e9 des go\u00fbts des deux hommes comme du pouvoir de l\u2019empereur sur le monde et la nature.&nbsp;<\/div>\n<div>&nbsp;<\/div>\n<div>Rodolphe II se montrera tellement flatt\u00e9 par cet envoi qu\u2019il conf\u00e9rera \u00e0 son peintre favori le titre de comte palatin, cette m\u00eame distinction que son a\u00efeul Charles Quint avait offerte \u00e0 Titien.<\/div>\n","protected":false},"excerpt":{"rendered":"<p>Giuseppe Arcimboldo (Milan, 1527 \u2013 Milan, 1593), est un peintre mani\u00e9riste, mondialement connu pour ses nombreux portraits d\u00e9lirants compos\u00e9s de fruits, de v\u00e9g\u00e9taux ou d\u2019animaux qui se changent comme par magie en visages humains. Il est aussi consid\u00e9r\u00e9 comme le pr\u00e9curseur du surr\u00e9alisme. Il se fait remarquer en travaillant avec son p\u00e8re artisan peintre au [&hellip;]<\/p>\n","protected":false},"author":2,"featured_media":0,"parent":0,"menu_order":0,"comment_status":"open","ping_status":"closed","template":"","meta":{"ngg_post_thumbnail":0,"footnotes":"","_links_to":"","_links_to_target":""},"class_list":["post-4429","page","type-page","status-publish","hentry"],"_links":{"self":[{"href":"https:\/\/www.rers-staubindemedoc.fr\/index.php?rest_route=\/wp\/v2\/pages\/4429","targetHints":{"allow":["GET"]}}],"collection":[{"href":"https:\/\/www.rers-staubindemedoc.fr\/index.php?rest_route=\/wp\/v2\/pages"}],"about":[{"href":"https:\/\/www.rers-staubindemedoc.fr\/index.php?rest_route=\/wp\/v2\/types\/page"}],"author":[{"embeddable":true,"href":"https:\/\/www.rers-staubindemedoc.fr\/index.php?rest_route=\/wp\/v2\/users\/2"}],"replies":[{"embeddable":true,"href":"https:\/\/www.rers-staubindemedoc.fr\/index.php?rest_route=%2Fwp%2Fv2%2Fcomments&post=4429"}],"version-history":[{"count":3,"href":"https:\/\/www.rers-staubindemedoc.fr\/index.php?rest_route=\/wp\/v2\/pages\/4429\/revisions"}],"predecessor-version":[{"id":4433,"href":"https:\/\/www.rers-staubindemedoc.fr\/index.php?rest_route=\/wp\/v2\/pages\/4429\/revisions\/4433"}],"wp:attachment":[{"href":"https:\/\/www.rers-staubindemedoc.fr\/index.php?rest_route=%2Fwp%2Fv2%2Fmedia&parent=4429"}],"curies":[{"name":"wp","href":"https:\/\/api.w.org\/{rel}","templated":true}]}}