{"id":4710,"date":"2021-10-29T09:38:54","date_gmt":"2021-10-29T08:38:54","guid":{"rendered":"http:\/\/www.rers-staubindemedoc.fr\/?page_id=4710"},"modified":"2022-11-14T14:03:38","modified_gmt":"2022-11-14T13:03:38","slug":"memoire-2","status":"publish","type":"page","link":"https:\/\/www.rers-staubindemedoc.fr\/?page_id=4710","title":{"rendered":"M\u00e9moire"},"content":{"rendered":"<p align=\"left\"><span style=\"color: #000000;\"><span style=\"font-family: Arial;\"><span style=\"font-size: large;\">C\u2019est un terme simple pour d\u00e9signer \u00ab&nbsp;l\u2019entra\u00eenement c\u00e9r\u00e9bral&nbsp;\u00bb,&nbsp;\u00e0 savoir faire travailler nos neurones qui ont tendance, au fil des ans,&nbsp; \u00e0 ralentir leur activit\u00e9.<\/span><\/span><\/span><\/p>\n<p align=\"justify\"><span style=\"color: #000000;\"><span style=\"font-family: Arial;\"><span style=\"font-size: large;\">Ce programme de \u00ab&nbsp;remue-m\u00e9ninges a la particularit\u00e9 de ne pas se focaliser uniquement sur la m\u00e9moire, mais de stimuler l\u2019ensemble des fonctions cognitives de notre cerveau. Il propose donc tout un \u00e9ventail d\u2019exercices&nbsp;:<\/span><\/span><\/span><\/p>\n<p align=\"center\"><a name=\"m_8385134476478277046B6CC8899-D228-40FF-8A9E-AD1B2BDD186D\"><\/a>&nbsp;<a href=\"http:\/\/www.rers-staubindemedoc.fr\/?attachment_id=5101\" rel=\"attachment wp-att-5101\"><img loading=\"lazy\" decoding=\"async\" class=\"alignnone size-full wp-image-5101\" src=\"http:\/\/www.rers-staubindemedoc.fr\/wp-content\/uploads\/2022\/11\/me\u0301moire.png\" alt=\"\" width=\"160\" height=\"260\"><\/a><\/p>\n<p align=\"justify\"><span style=\"color: #000000;\"><span style=\"font-family: Arial;\"><span style=\"font-size: large;\"><span style=\"color: #c00000;\">L\u2019attention et la concentration sont importantes<\/span> pour bien r\u00e9ussir, mais tout ceci est pratiqu\u00e9 de <span style=\"color: #c00000;\">fa\u00e7on ludique et conviviale, sans esprit de comp\u00e9tition<\/span>. Ces ateliers contribuent \u00e0 maintenir le lien social. Il faut savoir qu\u2019il n\u2019y a pas de limite d\u2019\u00e2ge pour continuer \u00e0 d\u00e9couvrir et \u00e0 apprendre, mais la m\u00e9moire n\u2019est pas seulement une fonction de stockage, c\u2019est aussi une fonction d\u2019\u00e9changes. Rester curieux, garder des relations avec les autres et partager ce que l\u2019on a appris, tout cela aide \u00e0 garder la \u00ab&nbsp;t\u00eate&nbsp;\u00bb en forme&nbsp;!&nbsp;<\/span><\/span><\/span><\/p>\n","protected":false},"excerpt":{"rendered":"<p>C\u2019est un terme simple pour d\u00e9signer \u00ab&nbsp;l\u2019entra\u00eenement c\u00e9r\u00e9bral&nbsp;\u00bb,&nbsp;\u00e0 savoir faire travailler nos neurones qui ont tendance, au fil des ans,&nbsp; \u00e0 ralentir leur activit\u00e9. Ce programme de \u00ab&nbsp;remue-m\u00e9ninges a la particularit\u00e9 de ne pas se focaliser uniquement sur la m\u00e9moire, mais de stimuler l\u2019ensemble des fonctions cognitives de notre cerveau. Il propose donc tout un [&hellip;]<\/p>\n","protected":false},"author":2,"featured_media":0,"parent":0,"menu_order":0,"comment_status":"closed","ping_status":"closed","template":"","meta":{"ngg_post_thumbnail":0,"footnotes":"","_links_to":"","_links_to_target":""},"class_list":["post-4710","page","type-page","status-publish","hentry"],"_links":{"self":[{"href":"https:\/\/www.rers-staubindemedoc.fr\/index.php?rest_route=\/wp\/v2\/pages\/4710","targetHints":{"allow":["GET"]}}],"collection":[{"href":"https:\/\/www.rers-staubindemedoc.fr\/index.php?rest_route=\/wp\/v2\/pages"}],"about":[{"href":"https:\/\/www.rers-staubindemedoc.fr\/index.php?rest_route=\/wp\/v2\/types\/page"}],"author":[{"embeddable":true,"href":"https:\/\/www.rers-staubindemedoc.fr\/index.php?rest_route=\/wp\/v2\/users\/2"}],"replies":[{"embeddable":true,"href":"https:\/\/www.rers-staubindemedoc.fr\/index.php?rest_route=%2Fwp%2Fv2%2Fcomments&post=4710"}],"version-history":[{"count":3,"href":"https:\/\/www.rers-staubindemedoc.fr\/index.php?rest_route=\/wp\/v2\/pages\/4710\/revisions"}],"predecessor-version":[{"id":5102,"href":"https:\/\/www.rers-staubindemedoc.fr\/index.php?rest_route=\/wp\/v2\/pages\/4710\/revisions\/5102"}],"wp:attachment":[{"href":"https:\/\/www.rers-staubindemedoc.fr\/index.php?rest_route=%2Fwp%2Fv2%2Fmedia&parent=4710"}],"curies":[{"name":"wp","href":"https:\/\/api.w.org\/{rel}","templated":true}]}}