{"id":5090,"date":"2022-11-14T13:39:30","date_gmt":"2022-11-14T12:39:30","guid":{"rendered":"http:\/\/www.rers-staubindemedoc.fr\/?page_id=5090"},"modified":"2022-11-14T13:39:30","modified_gmt":"2022-11-14T12:39:30","slug":"jeux-de-societe","status":"publish","type":"page","link":"https:\/\/www.rers-staubindemedoc.fr\/?page_id=5090","title":{"rendered":"Jeux de soci\u00e9t\u00e9"},"content":{"rendered":"<p align=\"justify\"><span style=\"color: #000000;\"><span style=\"font-family: Arial;\"><span style=\"font-size: large;\">Les <b>jeux de soci\u00e9t\u00e9<\/b> d\u00e9veloppent la capacit\u00e9 d&rsquo;attention, la m\u00e9moire, l&rsquo;esprit logique et m\u00eame la motricit\u00e9 fine gr\u00e2ce \u00e0 la manipulation de pions, de cartes et de d\u00e9s.<\/span><\/span><\/span><\/p>\n<p align=\"justify\"><span style=\"color: #000000;\"><span style=\"font-family: Arial;\"><span style=\"font-size: large;\">Jouer est un <b>besoin<\/b> fondamental pour la sant\u00e9 mentale et la cr\u00e9ativit\u00e9. Si on ne <b>joue<\/b> pas, l&rsquo;esprit se m\u00e9canise, les \u00e9motions s&rsquo;ass\u00e8chent. Or, le jeu <b>est<\/b> une v\u00e9ritable source d&rsquo;\u00e9nergie, pleine, par essence, d&rsquo;\u00e9motions positives.<\/span><\/span><\/span><\/p>\n<p align=\"justify\"><span style=\"color: #000000;\"><span style=\"font-family: Arial;\"><span style=\"font-size: large;\">Les jeux de soci\u00e9t\u00e9 se caract\u00e9risent par&nbsp;:<\/span><\/span><\/span><\/p>\n<ul>\n<li>\n<p align=\"justify\"><span style=\"color: #000000;\"><span style=\"font-family: Arial;\"><span style=\"font-size: large;\">un r\u00e8glement \u2014&nbsp;la <\/span><\/span><\/span><a href=\"https:\/\/fr.wikipedia.org\/wiki\/R%C3%A8gle_de_jeu\" target=\"_blank\" rel=\"noopener noreferrer\"><span style=\"font-size: large;\">r\u00e8gle du jeu<\/span><\/a><span style=\"color: #000000;\"><span style=\"font-family: Arial;\"><span style=\"font-size: large;\">&nbsp;\u2014 plus ou moins complexe&nbsp;;<\/span><\/span><\/span><\/p>\n<\/li>\n<li>\n<p align=\"justify\"><span style=\"color: #ff2600;\"><span style=\"font-family: Arial;\"><span style=\"font-size: large;\"><span style=\"color: #000000;\">un nombre de participants (au minimum deux) variable, mais le plus souvent limit\u00e9 \u00e0 quelques personnes.<\/span> <\/span><\/span><\/span><\/p>\n<\/li>\n<li>\n<p align=\"justify\"><span style=\"color: #000000;\"><span style=\"font-family: Arial;\"><span style=\"font-size: large;\">la plupart du temps, l\u2019existence d\u2019un ou de plusieurs supports mat\u00e9riels&nbsp;: <\/span><\/span><\/span><a href=\"https:\/\/fr.wikipedia.org\/wiki\/Tablier_(jeu)\" target=\"_blank\" rel=\"noopener noreferrer\"><span style=\"font-size: large;\">tablier<\/span><\/a><span style=\"color: #000000;\"><span style=\"font-family: Arial;\"><span style=\"font-size: large;\"> (souvent appel\u00e9 \u00ab&nbsp;plateau&nbsp;\u00bb), <\/span><\/span><\/span><a href=\"https:\/\/fr.wikipedia.org\/wiki\/Jeu_de_cartes\" target=\"_blank\" rel=\"noopener noreferrer\"><span style=\"font-size: large;\">cartes<\/span><\/a><span style=\"color: #000000;\"><span style=\"font-family: Arial;\"><span style=\"font-size: large;\">, <\/span><\/span><\/span><a href=\"https:\/\/fr.wikipedia.org\/wiki\/Aire_de_jeu\" target=\"_blank\" rel=\"noopener noreferrer\"><span style=\"font-size: large;\">aire de jeu<\/span><\/a><span style=\"color: #000000;\"><span style=\"font-family: Arial;\"><span style=\"font-size: large;\">, <\/span><\/span><\/span><a href=\"https:\/\/fr.wikipedia.org\/wiki\/D%C3%A9\" target=\"_blank\" rel=\"noopener noreferrer\"><span style=\"font-size: large;\">d\u00e9s<\/span><\/a><span style=\"color: #000000;\"><span style=\"font-family: Arial;\"><span style=\"font-size: large;\">, pions, feuilles de papier, stylos\u2026<\/span><\/span><\/span><\/p>\n<\/li>\n<\/ul>\n<p align=\"justify\"><span style=\"color: #000000;\"><span style=\"font-family: Arial;\"><span style=\"font-size: large;\">Dans l\u2019atelier chacun sera libre de proposer un jeu : cartes, lettres, d\u00e9s etc \u2026 le programme se fera en fonction des envies de chaque participants.<\/span><\/span><\/span><\/p>\n<p align=\"justify\"><span style=\"color: #000000;\"><span style=\"font-family: Arial;\"><span style=\"font-size: large;\">L\u2019essentiel : jouer et se faire plaisir !<\/span><\/span><\/span><\/p>\n","protected":false},"excerpt":{"rendered":"<p>Les jeux de soci\u00e9t\u00e9 d\u00e9veloppent la capacit\u00e9 d&rsquo;attention, la m\u00e9moire, l&rsquo;esprit logique et m\u00eame la motricit\u00e9 fine gr\u00e2ce \u00e0 la manipulation de pions, de cartes et de d\u00e9s. Jouer est un besoin fondamental pour la sant\u00e9 mentale et la cr\u00e9ativit\u00e9. Si on ne joue pas, l&rsquo;esprit se m\u00e9canise, les \u00e9motions s&rsquo;ass\u00e8chent. Or, le jeu est [&hellip;]<\/p>\n","protected":false},"author":2,"featured_media":0,"parent":0,"menu_order":0,"comment_status":"closed","ping_status":"closed","template":"","meta":{"ngg_post_thumbnail":0,"footnotes":"","_links_to":"","_links_to_target":""},"class_list":["post-5090","page","type-page","status-publish","hentry"],"_links":{"self":[{"href":"https:\/\/www.rers-staubindemedoc.fr\/index.php?rest_route=\/wp\/v2\/pages\/5090","targetHints":{"allow":["GET"]}}],"collection":[{"href":"https:\/\/www.rers-staubindemedoc.fr\/index.php?rest_route=\/wp\/v2\/pages"}],"about":[{"href":"https:\/\/www.rers-staubindemedoc.fr\/index.php?rest_route=\/wp\/v2\/types\/page"}],"author":[{"embeddable":true,"href":"https:\/\/www.rers-staubindemedoc.fr\/index.php?rest_route=\/wp\/v2\/users\/2"}],"replies":[{"embeddable":true,"href":"https:\/\/www.rers-staubindemedoc.fr\/index.php?rest_route=%2Fwp%2Fv2%2Fcomments&post=5090"}],"version-history":[{"count":2,"href":"https:\/\/www.rers-staubindemedoc.fr\/index.php?rest_route=\/wp\/v2\/pages\/5090\/revisions"}],"predecessor-version":[{"id":5098,"href":"https:\/\/www.rers-staubindemedoc.fr\/index.php?rest_route=\/wp\/v2\/pages\/5090\/revisions\/5098"}],"wp:attachment":[{"href":"https:\/\/www.rers-staubindemedoc.fr\/index.php?rest_route=%2Fwp%2Fv2%2Fmedia&parent=5090"}],"curies":[{"name":"wp","href":"https:\/\/api.w.org\/{rel}","templated":true}]}}