{"id":6108,"date":"2025-10-13T13:34:21","date_gmt":"2025-10-13T12:34:21","guid":{"rendered":"https:\/\/www.rers-staubindemedoc.fr\/?page_id=6108"},"modified":"2025-10-13T13:34:34","modified_gmt":"2025-10-13T12:34:34","slug":"atelier-broderie","status":"publish","type":"page","link":"https:\/\/www.rers-staubindemedoc.fr\/?page_id=6108","title":{"rendered":"Atelier Broderie"},"content":{"rendered":"<p>D\u00e9couverte et initiation \u00e0 la broderie point de croix compt\u00e9<br \/>\nPasser un agr\u00e9able moment convivial dans la joie et la bonne humeur \u00c9changer sur son travail et son ressenti<\/p>\n<p>MAT\u00c9RIEL DE BASE:<\/p>\n<p>Toile A\u00efda (14,16,18 fils)<br \/>\nFils \u00e0 broder type DMC ou autre en \u00e9chevette Aiguille \u00e0 bout rond (n\u00b024,26)<br \/>\nCiseaux \u00e0 broderie<br \/>\nTambour \u00e0 broder (recommand\u00e9) Grille de pointe de croix (mod\u00e8le) Un stylo marqueur tissu (facultatif)<\/p>\n<p>LECTURE DE LA GRILLE :<\/p>\n<p>Chaque carr\u00e9 correspond \u00e0 une croix sur la toile A\u00efda<br \/>\nLes symboles ou couleurs dans les carr\u00e9s indiquent le fil \u00e0 utiliser<br \/>\nLa l\u00e9gende fait correspondre le symbole ou le num\u00e9ro \u00e0 la couleur du fil Les lignes fonc\u00e9es (tout les 10 points) aident \u00e0 se rep\u00e9rer<\/p>\n<p>M\u00c9THODE( r\u00e9alisation d&rsquo;un point de croix)<\/p>\n<p>Couper le fil,mais pas trop long car il risque de s&#8217;emm\u00ealer D\u00e9doubler le fil selon le mod\u00e8le<br \/>\nEnfiler l&rsquo;aiguille suivant le mod\u00e8le(1,2,3,4 fils)<br \/>\nPasser l&rsquo;aiguille dans le trou de la toile A\u00efda de l&rsquo;arri\u00e8re vers l&rsquo;avant sans faire de n\u0153ud Faire une demi-croix en biais puis revenir en sens inverse pour compl\u00e9ter la croix<br \/>\n\u00c0 l&rsquo;arri\u00e8re du travail rentrer le fil sous quelques points pour terminer<\/p>\n<p>IMPORTANT :<\/p>\n<p>Il faut toujours broder dans le m\u00eame sens Conserver l&rsquo;arri\u00e8re du travail le plus propre possible<\/p>\n<p>CONSEILS:<\/p>\n<p>Utiliser un crayon pour suivre les points d\u00e9j\u00e0 r\u00e9alis\u00e9s sur la grille<br \/>\nTravailler dans un endroit lumineux Faire des poses r\u00e9guli\u00e8res pour \u00e9viter la fatigue visuelle Laver d\u00e9licatement votre ouvrage une fois termin\u00e9 \u00e0 l&rsquo;eau froide avec du savon doux<br \/>\nFaire s\u00e9cher \u00e0 plat pour \u00e9viter qu&rsquo;il se d\u00e9forme et repasser sur l&rsquo;envers avec un linge propre<\/p>\n<p>ASTUCE:<\/p>\n<p>Commencez toujours au centre de la toile en rep\u00e9rant le centre de la grille pour \u00e9viter de d\u00e9caler le motif<\/p>\n<p>BONNE BRODERIE !<\/p>\n","protected":false},"excerpt":{"rendered":"<p>D\u00e9couverte et initiation \u00e0 la broderie point de croix compt\u00e9 Passer un agr\u00e9able moment convivial dans la joie et la bonne humeur \u00c9changer sur son travail et son ressenti MAT\u00c9RIEL DE BASE: Toile A\u00efda (14,16,18 fils) Fils \u00e0 broder type DMC ou autre en \u00e9chevette Aiguille \u00e0 bout rond (n\u00b024,26) Ciseaux \u00e0 broderie Tambour \u00e0 [&hellip;]<\/p>\n","protected":false},"author":2,"featured_media":0,"parent":0,"menu_order":0,"comment_status":"closed","ping_status":"closed","template":"","meta":{"ngg_post_thumbnail":0,"footnotes":"","_links_to":"","_links_to_target":""},"class_list":["post-6108","page","type-page","status-publish","hentry"],"_links":{"self":[{"href":"https:\/\/www.rers-staubindemedoc.fr\/index.php?rest_route=\/wp\/v2\/pages\/6108","targetHints":{"allow":["GET"]}}],"collection":[{"href":"https:\/\/www.rers-staubindemedoc.fr\/index.php?rest_route=\/wp\/v2\/pages"}],"about":[{"href":"https:\/\/www.rers-staubindemedoc.fr\/index.php?rest_route=\/wp\/v2\/types\/page"}],"author":[{"embeddable":true,"href":"https:\/\/www.rers-staubindemedoc.fr\/index.php?rest_route=\/wp\/v2\/users\/2"}],"replies":[{"embeddable":true,"href":"https:\/\/www.rers-staubindemedoc.fr\/index.php?rest_route=%2Fwp%2Fv2%2Fcomments&post=6108"}],"version-history":[{"count":1,"href":"https:\/\/www.rers-staubindemedoc.fr\/index.php?rest_route=\/wp\/v2\/pages\/6108\/revisions"}],"predecessor-version":[{"id":6109,"href":"https:\/\/www.rers-staubindemedoc.fr\/index.php?rest_route=\/wp\/v2\/pages\/6108\/revisions\/6109"}],"wp:attachment":[{"href":"https:\/\/www.rers-staubindemedoc.fr\/index.php?rest_route=%2Fwp%2Fv2%2Fmedia&parent=6108"}],"curies":[{"name":"wp","href":"https:\/\/api.w.org\/{rel}","templated":true}]}}