{"id":83,"date":"2013-12-16T10:25:14","date_gmt":"2013-12-16T09:25:14","guid":{"rendered":"http:\/\/192.241.142.236\/?page_id=83"},"modified":"2025-11-17T18:41:11","modified_gmt":"2025-11-17T17:41:11","slug":"premiere-page","status":"publish","type":"page","link":"https:\/\/www.rers-staubindemedoc.fr\/","title":{"rendered":"Bienvenue , Welcome, Bienvenido, Willkommen, Benvenuto &#8230;"},"content":{"rendered":"<h2>Bienvenue sur le blog du <strong>R<\/strong>\u00e9seau d&rsquo;<strong>E<\/strong>changes <strong>R<\/strong>\u00e9ciproques de <strong>S<\/strong>avoirs de St Aubin .<\/h2>\n<p>Nous avons privil\u00e9gi\u00e9 la convivialit\u00e9, l&rsquo;ergonomie et la lisibilit\u00e9. Chaque atelier a son propre espace avec ses textes et sa galerie.<\/p>\n<h2 style=\"text-align: center;\">Les Ateliers et Activit\u00e9s par ordre alphab\u00e9tique<\/h2>\n<p>&nbsp;<\/p>\n<table style=\"width: 100%; height: 921px;\">\n<tbody>\n<tr style=\"height: 180px;\">\n<td style=\"height: 180px; width: 24.4828%;\"><a title=\"Conversation Anglaise\" href=\"http:\/\/www.rers-staubindemedoc.fr\/?page_id=4672\"><br \/>\n<img loading=\"lazy\" decoding=\"async\" class=\"wp-image-162 alignleft\" src=\"http:\/\/www.rers-staubindemedoc.fr\/wp-content\/uploads\/2014\/02\/drapeaux-anglais.jpg\" alt=\"drapeaux-anglais.jpg\" width=\"150\" height=\"150\"><\/a><\/td>\n<td style=\"height: 180px; width: 24.4828%;\"><a title=\"Bijoux\" href=\"http:\/\/www.rers-staubindemedoc.fr\/?page_id=1150\"><br \/>\n<img loading=\"lazy\" decoding=\"async\" class=\"wp-image-162 alignleft\" src=\"http:\/\/www.rers-staubindemedoc.fr\/wp-content\/uploads\/2025\/10\/gpt-image-1_jai_un_Atelier_Bijo.png \" alt=\"Bijoux &amp; Perles\" width=\"150\" height=\"150\"><\/a><\/td>\n<td style=\"height: 180px; width: 24.4828%;\"><a title=\"Broderie\" href=\"http:\/\/www.rers-staubindemedoc.fr\/?page_id=6108\"><br \/>\n<img loading=\"lazy\" decoding=\"async\" class=\"wp-image-162 alignleft\" src=\"http:\/\/www.rers-staubindemedoc.fr\/wp-content\/uploads\/2025\/10\/Broderie.png \" alt=\"Broderie\" width=\"150\" height=\"150\"><\/a><\/td>\n<td style=\"height: 201px; width: 24.4828%;\"><a title=\"Couture-cr\u00e9ations\" href=\"http:\/\/www.rers-staubindemedoc.fr\/?page_id=193 \"><br \/>\n<img loading=\"lazy\" decoding=\"async\" class=\"wp-image-162 alignleft\" src=\"http:\/\/www.rers-staubindemedoc.fr\/wp-content\/uploads\/2017\/02\/couture_mini.jpg\" alt=\"Couture_Cr\u00e9ation\" width=\"150\" height=\"150\"><br \/>\n<\/a><\/td>\n<\/tr>\n<tr style=\"height: 178px;\">\n<td style=\"height: 178px; width: 24.4828%;\"><a title=\"Espagnol\" href=\"http:\/\/www.rers-staubindemedoc.fr\/?page_id=6130\"><br \/>\n<img loading=\"lazy\" decoding=\"async\" class=\"wp-image-162 alignleft\" src=\"http:\/\/www.rers-staubindemedoc.fr\/wp-content\/uploads\/2014\/02\/espagnol.jpg\" alt=\"espagnol.jpg\" width=\"150\" height=\"150\"><br \/>\n<\/a><\/td>\n<td style=\"height: 178px; width: 24.4828%;\"><a title=\"Espagnol Conversation\" href=\"http:\/\/www.rers-staubindemedoc.fr\/?page_id=64\"><br \/>\n<img loading=\"lazy\" decoding=\"async\" class=\"wp-image-162 alignleft\" src=\"http:\/\/www.rers-staubindemedoc.fr\/wp-content\/uploads\/2014\/02\/espagnol.jpg\" alt=\"espagnol.jpg\" width=\"150\" height=\"150\"><br \/>\n<\/a><\/td>\n<td style=\"height: 182px; width: 24.4828%;\"><a title=\"M\u00e9moire\" href=\"https:\/\/www.rers-staubindemedoc.fr\/?p=4710\"><br \/>\n<img loading=\"lazy\" decoding=\"async\" class=\"wp-image-162 alignleft\" src=\"http:\/\/www.rers-staubindemedoc.fr\/wp-content\/uploads\/2021\/10\/memoire-e1635449797612.jpeg\" alt=\"les mots ont la parole.jpg\" width=\"150\" height=\"150\"><br \/>\n<\/a><\/td>\n<td style=\"height: 182px; width: 24.4828%;\"><a title=\"Les mots ont la parole\" href=\"http:\/\/www.rers-staubindemedoc.fr\/?page_id=208\"><br \/>\n<img loading=\"lazy\" decoding=\"async\" class=\"wp-image-162 alignleft\" src=\"http:\/\/www.rers-staubindemedoc.fr\/wp-content\/uploads\/2014\/02\/les_mots.jpg\" alt=\"\" width=\"150\" height=\"150\"><br \/>\n<\/a><\/td>\n<\/tr>\n<tr style=\"height: 182px;\">\n<td style=\"height: 182px; width: 24.4828%;\"><a title=\"Randonn\u00e9e\" href=\"http:\/\/www.rers-staubindemedoc.fr\/?page_id=2897\"><br \/>\n<img decoding=\"async\" class=\"wp-image-162 alignleft\" src=\"http:\/\/www.rers-staubindemedoc.fr\/wp-content\/uploads\/2021\/10\/rando-e1635451639282.jpeg\" alt=\"Randonn\u00e9e.jpg\" width=\"150\" height=\"&amp;150\"><br \/>\n<\/a><\/td>\n<td style=\"height: 180px; width: 24.4828%;\"><a title=\"Route des Gouts\" href=\"http:\/\/www.rers-staubindemedoc.fr\/?page_id=2855\"><br \/>\n<img loading=\"lazy\" decoding=\"async\" class=\"wp-image-162 alignleft\" src=\"http:\/\/www.rers-staubindemedoc.fr\/wp-content\/uploads\/2014\/02\/route_des_gouts.jpg\" alt=\"recettes.jpg\" width=\"150\" height=\"150\"><br \/>\n<\/a><\/td>\n<td style=\"height: 180px; width: 24.4828%;\"><a title=\"Yoga\" href=\"http:\/\/www.rers-staubindemedoc.fr\/?page_id=202\"><br \/>\n<img loading=\"lazy\" decoding=\"async\" class=\"wp-image-162 alignleft\" src=\"http:\/\/www.rers-staubindemedoc.fr\/wp-content\/uploads\/2025\/10\/Yoga.png\" alt=\"Yoga\" width=\"150\" height=\"150\"><br \/>\n<\/a><\/td>\n<td>&nbsp;<\/td>\n<\/tr>\n<\/tbody>\n<\/table>\n<p><span style=\"color: #0000ff;\"><a href=\"http:\/\/www.rers-staubindemedoc.fr\/wp-content\/uploads\/2025\/09\/RERS-2-ATELIERS-PLANNING-DIAZ-et-BUNGALOW.pdf\">Planning 2025-26<\/a>. <\/span><\/p>\n<p><iframe loading=\"lazy\" style=\"border: 0;\" src=\"https:\/\/www.google.com\/calendar\/embed?src=oj6rlvrb960n61h5fi0e8ko8rk%40group.calendar.google.com&amp;ctz=Europe\/Paris\" width=\"800\" height=\"600\" frameborder=\"0\" scrolling=\"no\"><\/iframe><\/p>\n<p>&nbsp;<\/p>\n","protected":false},"excerpt":{"rendered":"<p>Bienvenue sur le blog du R\u00e9seau d&rsquo;Echanges R\u00e9ciproques de Savoirs de St Aubin . Nous avons privil\u00e9gi\u00e9 la convivialit\u00e9, l&rsquo;ergonomie et la lisibilit\u00e9. Chaque atelier a son propre espace avec ses textes et sa galerie. Les Ateliers et Activit\u00e9s par ordre alphab\u00e9tique &nbsp; &nbsp; Planning 2025-26. &nbsp;<\/p>\n","protected":false},"author":2,"featured_media":0,"parent":0,"menu_order":0,"comment_status":"open","ping_status":"open","template":"","meta":{"ngg_post_thumbnail":0,"footnotes":"","_links_to":"","_links_to_target":""},"class_list":["post-83","page","type-page","status-publish","hentry"],"_links":{"self":[{"href":"https:\/\/www.rers-staubindemedoc.fr\/index.php?rest_route=\/wp\/v2\/pages\/83","targetHints":{"allow":["GET"]}}],"collection":[{"href":"https:\/\/www.rers-staubindemedoc.fr\/index.php?rest_route=\/wp\/v2\/pages"}],"about":[{"href":"https:\/\/www.rers-staubindemedoc.fr\/index.php?rest_route=\/wp\/v2\/types\/page"}],"author":[{"embeddable":true,"href":"https:\/\/www.rers-staubindemedoc.fr\/index.php?rest_route=\/wp\/v2\/users\/2"}],"replies":[{"embeddable":true,"href":"https:\/\/www.rers-staubindemedoc.fr\/index.php?rest_route=%2Fwp%2Fv2%2Fcomments&post=83"}],"version-history":[{"count":285,"href":"https:\/\/www.rers-staubindemedoc.fr\/index.php?rest_route=\/wp\/v2\/pages\/83\/revisions"}],"predecessor-version":[{"id":6133,"href":"https:\/\/www.rers-staubindemedoc.fr\/index.php?rest_route=\/wp\/v2\/pages\/83\/revisions\/6133"}],"wp:attachment":[{"href":"https:\/\/www.rers-staubindemedoc.fr\/index.php?rest_route=%2Fwp%2Fv2%2Fmedia&parent=83"}],"curies":[{"name":"wp","href":"https:\/\/api.w.org\/{rel}","templated":true}]}}